{"id":24325,"date":"2022-02-21T10:55:42","date_gmt":"2024-01-11T11:37:05","guid":{"rendered":"https:\/\/tor-auto.com\/shop\/aromatizator-areon-home-perfume-150ml-mosaic-charismatic\/"},"modified":"2024-01-11T13:37:05","modified_gmt":"2024-01-11T11:37:05","slug":"aromatizator-areon-home-perfume-150ml-mosaic-charismatic","status":"publish","type":"product","link":"https:\/\/tor-auto.com\/ro\/product\/aromatizator-areon-home-perfume-150ml-mosaic-charismatic\/","title":{"rendered":"\u0410\u0440\u043e\u043c\u0430\u0442\u0438\u0437\u0430\u0442\u043e\u0440 Areon Home Perfume 150ml Mosaic Charismatic"},"content":{"rendered":"<p><strong>Descrierea:<\/strong><\/p>\n<p>Parfum Aroma Areon Home Mosaic Charismatic \u2013 parfum de elit\u0103 cu caracter independent \u0219i puternic. Numele s\u0103u exprim\u0103 foarte precis esen\u021ba mirosului \u2013 inspir\u0103, conduce, face o privire nou\u0103 asupra lumii. Sunt de acord, a\u0219a reac\u021bioneaz\u0103 oamenii la apari\u021bia unei personalit\u0103\u021bi carismatice \u00een \u00eemprejurimile lor. O astfel de persoan\u0103 atrage la sine, vrea s\u0103 imite sau cel pu\u021bin s\u0103 se bucure de societatea sa c\u00e2t mai mult timp posibil.<\/p>\n<p>Compozi\u021bia apar\u021bine \u00een mod clar grupului picant\/est. Nu ne vom angaja s\u0103 o decript\u0103m \u00een mod fiabil. F\u0103r\u0103 \u00eendoial\u0103, numai prezen\u021ba chihlimbarului, a migdalelor \u0219i a pielii. Celelalte componente ale coardei u\u0219or tart\u0103 de flori de lemn r\u0103m\u00e2n un mister. Mandarin? Coac\u0103z negru? Rosa? Ylang-ylang? Vanilie? Fiecare \u00ee\u0219i aude propriul.<\/p>\n<p>F\u0103r\u0103 \u00eendoial\u0103, unul \u2013 arome Areon Home Parfum Mosaic Charismatic, este un parfum bogat intrigant, proasp\u0103t \u0219i saturat \u00een acela\u0219i timp. Este pozi\u021bionat\u0103, mai degrab\u0103, ca o femeie b\u0103rbat, dar liber\u0103, auto-g\u00e2nditoare, carismatic\u0103, de asemenea, sunt \u00eenc\u00e2nta\u021bi s\u0103 difuzeze o arom\u0103 elegant\u0103 de lux.<\/p>\n<p>Carisma nu face sex! Este absolut\u0103 \u0219i c\u00e2\u0219tig\u0103 totul!<\/p>\n<p><strong>Cum s\u0103 utiliza\u0163i Areon Home Parfum Mozaic:<\/strong><\/p>\n<ul>\n<li>extragem din pachet<\/li>\n<li>deschide\u0163i capacul \u015fi capacul de protec\u0163ie<\/li>\n<li>cobor\u00e2m be\u021bele de bambus \u00een lichidul aromat \u0219i ne bucur\u0103m.<\/li>\n<\/ul>\n<p>Lichidul aromatizat impregneaz\u0103 bastoanele de bambus \u0219i, cu ajutorul lor, aroma se r\u0103sp\u00e2nde\u0219te \u00een \u00eentreaga camer\u0103.<\/p>\n<p>Pentru a reduce concentra\u021bia de miros \u0219i a cre\u0219te durata de via\u021b\u0103, este necesar s\u0103 \u00eendep\u0103rta\u021bi bastoanele impregnate din sticl\u0103, s\u0103 \u00eenchide\u021bi capacul de protec\u021bie cu capacul \u0219i s\u0103 introduce\u021bi aroma b\u0103\u021bului \u00een capac.<\/p>\n<p>Toate!!!<\/p>\n","protected":false},"excerpt":{"rendered":"<p>Parfumurile Areon Home Mosaic Parfumurile Charismatice sunt un parfum intrigant bogat, proasp\u0103t \u0219i saturat \u00een acela\u0219i timp. Este pozi\u021bionat\u0103, mai degrab\u0103, ca o femeie b\u0103rbat, dar liber\u0103, auto-g\u00e2nditoare, carismatic\u0103, de asemenea, sunt \u00eenc\u00e2nta\u021bi s\u0103 difuzeze o arom\u0103 elegant\u0103 de lux.<\/p>\n<p>Carisma nu face sex! Este absolut\u0103 \u0219i c\u00e2\u0219tig\u0103 totul!<\/p>\n","protected":false},"featured_media":22762,"template":"","meta":{"inline_featured_image":false,"_exactmetrics_skip_tracking":false,"_exactmetrics_sitenote_active":false,"_exactmetrics_sitenote_note":"","_exactmetrics_sitenote_category":0},"product_brand":[],"product_cat":[273,269],"product_tag":[],"class_list":{"0":"post-24325","1":"product","2":"type-product","3":"status-publish","4":"has-post-thumbnail","6":"product_cat-parfumuri-pentru-casa-si-birou","7":"product_cat-parfume","9":"first","10":"instock","11":"shipping-taxable","12":"product-type-simple"},"_links":{"self":[{"href":"https:\/\/tor-auto.com\/ro\/wp-json\/wp\/v2\/product\/24325","targetHints":{"allow":["GET"]}}],"collection":[{"href":"https:\/\/tor-auto.com\/ro\/wp-json\/wp\/v2\/product"}],"about":[{"href":"https:\/\/tor-auto.com\/ro\/wp-json\/wp\/v2\/types\/product"}],"wp:featuredmedia":[{"embeddable":true,"href":"https:\/\/tor-auto.com\/ro\/wp-json\/wp\/v2\/media\/22762"}],"wp:attachment":[{"href":"https:\/\/tor-auto.com\/ro\/wp-json\/wp\/v2\/media?parent=24325"}],"wp:term":[{"taxonomy":"product_brand","embeddable":true,"href":"https:\/\/tor-auto.com\/ro\/wp-json\/wp\/v2\/product_brand?post=24325"},{"taxonomy":"product_cat","embeddable":true,"href":"https:\/\/tor-auto.com\/ro\/wp-json\/wp\/v2\/product_cat?post=24325"},{"taxonomy":"product_tag","embeddable":true,"href":"https:\/\/tor-auto.com\/ro\/wp-json\/wp\/v2\/product_tag?post=24325"}],"curies":[{"name":"wp","href":"https:\/\/api.w.org\/{rel}","templated":true}]}}