{"id":24312,"date":"2018-12-24T14:34:38","date_gmt":"2024-01-10T13:50:57","guid":{"rendered":"https:\/\/tor-auto.com\/shop\/lubrifiant-multifunctional-lv-40-210-ml\/"},"modified":"2024-01-10T15:50:57","modified_gmt":"2024-01-10T13:50:57","slug":"mnogocelevaja-smazka-lv-40-210-ml","status":"publish","type":"product","link":"https:\/\/tor-auto.com\/ro\/product\/mnogocelevaja-smazka-lv-40-210-ml\/","title":{"rendered":"Lubrifiant multifunc\u021bional LV-40, 210 ml"},"content":{"rendered":"<blockquote><p>AGITA\u021aI BINE \u00ceNAINTE DE UTILIZARE!<\/p><\/blockquote>\n<ul>\n<li>Pulveriza\u021bi produsul pe piesele \u0219i \u00eembin\u0103rile care sunt prelucrate.<\/li>\n<li>Se lasa 1-2 minute sa actioneze.<\/li>\n<li>Repeta\u021bi tratamentul dac\u0103 este necesar.<\/li>\n<\/ul>\n<p>Pentru a ob\u021bine cele mai bune rezultate, utiliza\u021bi la o temperatur\u0103 a cilindrului peste +14\u02daC.<\/p>\n<p><strong>Compozitie:<\/strong> aditivi functionali &lt;5%, uleiuri industriale 15-30%, solventi organici &gt;30%, amestec de propan, butan, izobutan&gt; 30%.<\/p>\n","protected":false},"excerpt":{"rendered":"<ul>\n<li><strong>Produs multifunctional pentru orice aplicatie.<\/strong><\/li>\n<li>Elimin\u0103 efectiv sc\u00e2r\u021b\u00e2iturile, blocajele \u0219i restabile\u0219te func\u021bionalitatea mecanismelor<strong>.<\/strong><\/li>\n<li>Capacitatea mare de penetrare v\u0103 permite s\u0103 separa\u021bi rapid conexiunile filetate ruginite \u0219i blocate.<\/li>\n<li>Protejeaz\u0103 \u00een mod fiabil piesele \u00eempotriva coroziunii \u0219i a influen\u021belor mediului.<\/li>\n<li>Previne oxidarea echipamentelor electrice.<\/li>\n<li>Restabile\u0219te func\u021bionalitatea cilindrilor de blocare \u0219i balamalelor u\u0219ilor.<\/li>\n<li>Are un miros placut si discret.<\/li>\n<\/ul>\n","protected":false},"featured_media":1949,"template":"","meta":{"inline_featured_image":false,"_exactmetrics_skip_tracking":false,"_exactmetrics_sitenote_active":false,"_exactmetrics_sitenote_note":"","_exactmetrics_sitenote_category":0},"product_brand":[],"product_cat":[264,250],"product_tag":[],"class_list":{"0":"post-24312","1":"product","2":"type-product","3":"status-publish","4":"has-post-thumbnail","6":"product_cat-lubrifianti-conservanti","7":"product_cat-produse-chimice-auto","9":"first","10":"instock","11":"shipping-taxable","12":"product-type-simple"},"_links":{"self":[{"href":"https:\/\/tor-auto.com\/ro\/wp-json\/wp\/v2\/product\/24312","targetHints":{"allow":["GET"]}}],"collection":[{"href":"https:\/\/tor-auto.com\/ro\/wp-json\/wp\/v2\/product"}],"about":[{"href":"https:\/\/tor-auto.com\/ro\/wp-json\/wp\/v2\/types\/product"}],"wp:featuredmedia":[{"embeddable":true,"href":"https:\/\/tor-auto.com\/ro\/wp-json\/wp\/v2\/media\/1949"}],"wp:attachment":[{"href":"https:\/\/tor-auto.com\/ro\/wp-json\/wp\/v2\/media?parent=24312"}],"wp:term":[{"taxonomy":"product_brand","embeddable":true,"href":"https:\/\/tor-auto.com\/ro\/wp-json\/wp\/v2\/product_brand?post=24312"},{"taxonomy":"product_cat","embeddable":true,"href":"https:\/\/tor-auto.com\/ro\/wp-json\/wp\/v2\/product_cat?post=24312"},{"taxonomy":"product_tag","embeddable":true,"href":"https:\/\/tor-auto.com\/ro\/wp-json\/wp\/v2\/product_tag?post=24312"}],"curies":[{"name":"wp","href":"https:\/\/api.w.org\/{rel}","templated":true}]}}