{"id":24311,"date":"2018-12-24T12:41:16","date_gmt":"2024-01-10T13:22:24","guid":{"rendered":"https:\/\/tor-auto.com\/shop\/decocificarea-motorului-ml203-novator-190-ml\/"},"modified":"2024-01-10T15:22:24","modified_gmt":"2024-01-10T13:22:24","slug":"raskoksovyvanie-dvigatelja-ml203-novator-190-ml","status":"publish","type":"product","link":"https:\/\/tor-auto.com\/ro\/product\/raskoksovyvanie-dvigatelja-ml203-novator-190-ml\/","title":{"rendered":"Decocificarea motorului ML203 NOVATOR, 190 ml"},"content":{"rendered":"<blockquote><p>AMBALAJUL ESTE CONCEPUT PENTRU DECOCIFICAREA UNUI MOTOR IN LINIE CU PATRU CILINDRI CU UN VOLUM DE P\u00c2N\u0102 LA 2000 CM\u00b3.<\/p><\/blockquote>\n<p>&nbsp;<\/p>\n<p>Se recomand\u0103 decarbonizarea motorului la fiecare 20-25 de mii de kilometri \u00een timpul \u00eentre\u021binerii programate. Medicamentul poate fi folosit ca instrument de diagnosticare pentru a evalua starea real\u0103 a grupului cilindru-piston.<br \/>\nPentru motoarele cu vase de ulei vopsite \u00een interior, trebuie acordat\u0103 o aten\u021bie deosebit\u0103 la cur\u0103\u021bare. Este necesar s\u0103 v\u0103 asigura\u021bi c\u0103 acoperirea este intact\u0103 (absen\u021ba particulelor de vopsea \u00een uleiul scurs este clar vizibil\u0103 la scurgerea uleiului printr-o plas\u0103 metalic\u0103) \u0219i, dac\u0103 este necesar, \u00eendep\u0103rta\u021bi \u0219i cur\u0103\u021ba\u021bi mecanic tigaia \u0219i plasa recipientului de ulei.<\/p>\n<p><b>Ingrediente<\/b>: solvent aromatic de baz\u0103, solvent aprotic, componente func\u021bionale amino active.<\/p>\n","protected":false},"excerpt":{"rendered":"<h4>Pentru utilizare independent\u0103 \u0219i utilizare \u00eentr-un service auto.<\/h4>\n<blockquote><p>REDUCE CONSUMUL DE ULEI \u0218I RESTAUR\u0102 PUTEREA MOTORULUI \u00ceN DOAR 1 OR\u0102<\/p><\/blockquote>\n<ul>\n<li><strong>Rezultat 100% \u00een 60 de minute!<\/strong><\/li>\n<li>Componentele active sunt garantate \u0219i complet sigure pentru a cur\u0103\u021ba pistonul, segmentele pistonului \u0219i elementele camerei de ardere de depunerile persistente de cocs de gudron \u0219i carbon.<\/li>\n<li>Normalizeaz\u0103 \u0219i egalizeaz\u0103 compresia \u00een cilindri.<\/li>\n<li>Restabile\u0219te caracteristicile de putere \u0219i cre\u0219te semnificativ durata de via\u021b\u0103 a motorului.<\/li>\n<li>Reduce consumul de combustibil \u0219i ulei.<\/li>\n<li>Cur\u0103\u021b\u0103 sistemul de lubrifiere de depunerile de lac \u0219i n\u0103mol.<\/li>\n<\/ul>\n<h4><strong>Echipamente<\/strong><\/h4>\n<ul>\n<li>Lichid pentru decocsificarea motorului.<\/li>\n<li>Sering\u0103.<\/li>\n<li>Un metrou.<\/li>\n<li>Autocolant pentru compartimentul motorului<\/li>\n<\/ul>\n","protected":false},"featured_media":1938,"template":"","meta":{"inline_featured_image":false,"_exactmetrics_skip_tracking":false,"_exactmetrics_sitenote_active":false,"_exactmetrics_sitenote_note":"","_exactmetrics_sitenote_category":0},"product_brand":[],"product_cat":[250,255],"product_tag":[],"class_list":{"0":"post-24311","1":"product","2":"type-product","3":"status-publish","4":"has-post-thumbnail","6":"product_cat-produse-chimice-auto","7":"product_cat-produse-de-curatare-si-aditivi","9":"first","10":"instock","11":"featured","12":"shipping-taxable","13":"product-type-simple"},"_links":{"self":[{"href":"https:\/\/tor-auto.com\/ro\/wp-json\/wp\/v2\/product\/24311","targetHints":{"allow":["GET"]}}],"collection":[{"href":"https:\/\/tor-auto.com\/ro\/wp-json\/wp\/v2\/product"}],"about":[{"href":"https:\/\/tor-auto.com\/ro\/wp-json\/wp\/v2\/types\/product"}],"wp:featuredmedia":[{"embeddable":true,"href":"https:\/\/tor-auto.com\/ro\/wp-json\/wp\/v2\/media\/1938"}],"wp:attachment":[{"href":"https:\/\/tor-auto.com\/ro\/wp-json\/wp\/v2\/media?parent=24311"}],"wp:term":[{"taxonomy":"product_brand","embeddable":true,"href":"https:\/\/tor-auto.com\/ro\/wp-json\/wp\/v2\/product_brand?post=24311"},{"taxonomy":"product_cat","embeddable":true,"href":"https:\/\/tor-auto.com\/ro\/wp-json\/wp\/v2\/product_cat?post=24311"},{"taxonomy":"product_tag","embeddable":true,"href":"https:\/\/tor-auto.com\/ro\/wp-json\/wp\/v2\/product_tag?post=24311"}],"curies":[{"name":"wp","href":"https:\/\/api.w.org\/{rel}","templated":true}]}}