{"id":24307,"date":"2018-12-24T11:39:54","date_gmt":"2024-01-10T12:21:08","guid":{"rendered":"https:\/\/tor-auto.com\/shop\/racleta-de-gheata\/"},"modified":"2024-01-10T14:21:08","modified_gmt":"2024-01-10T12:21:08","slug":"skrebok-dlja-lda","status":"publish","type":"product","link":"https:\/\/tor-auto.com\/ro\/product\/skrebok-dlja-lda\/","title":{"rendered":"Racleta de gheata"},"content":{"rendered":"","protected":false},"excerpt":{"rendered":"<ul>\n<li>durat\u0103 lung\u0103 de via\u021b\u0103 datorit\u0103 materialelor de \u00eenalt\u0103 calitate<\/li>\n<li>racleta: polistiren<\/li>\n<li>m\u00e2ner: copolimer PP<\/li>\n<li>100 x 220 mm<\/li>\n<\/ul>\n","protected":false},"featured_media":1933,"template":"","meta":{"inline_featured_image":false,"_exactmetrics_skip_tracking":false,"_exactmetrics_sitenote_active":false,"_exactmetrics_sitenote_note":"","_exactmetrics_sitenote_category":0},"product_brand":[],"product_cat":[275,274],"product_tag":[],"class_list":{"0":"post-24307","1":"product","2":"type-product","3":"status-publish","4":"has-post-thumbnail","6":"product_cat-produse-de-iarna","7":"product_cat-altele","9":"first","10":"instock","11":"shipping-taxable","12":"product-type-simple"},"_links":{"self":[{"href":"https:\/\/tor-auto.com\/ro\/wp-json\/wp\/v2\/product\/24307","targetHints":{"allow":["GET"]}}],"collection":[{"href":"https:\/\/tor-auto.com\/ro\/wp-json\/wp\/v2\/product"}],"about":[{"href":"https:\/\/tor-auto.com\/ro\/wp-json\/wp\/v2\/types\/product"}],"wp:featuredmedia":[{"embeddable":true,"href":"https:\/\/tor-auto.com\/ro\/wp-json\/wp\/v2\/media\/1933"}],"wp:attachment":[{"href":"https:\/\/tor-auto.com\/ro\/wp-json\/wp\/v2\/media?parent=24307"}],"wp:term":[{"taxonomy":"product_brand","embeddable":true,"href":"https:\/\/tor-auto.com\/ro\/wp-json\/wp\/v2\/product_brand?post=24307"},{"taxonomy":"product_cat","embeddable":true,"href":"https:\/\/tor-auto.com\/ro\/wp-json\/wp\/v2\/product_cat?post=24307"},{"taxonomy":"product_tag","embeddable":true,"href":"https:\/\/tor-auto.com\/ro\/wp-json\/wp\/v2\/product_tag?post=24307"}],"curies":[{"name":"wp","href":"https:\/\/api.w.org\/{rel}","templated":true}]}}