{"id":24292,"date":"2018-12-21T14:56:56","date_gmt":"2024-01-10T10:28:02","guid":{"rendered":"https:\/\/tor-auto.com\/shop\/acumulator-centra-futura-ca852\/"},"modified":"2024-01-10T12:28:02","modified_gmt":"2024-01-10T10:28:02","slug":"akkumuljator-centra-futura-ca852","status":"publish","type":"product","link":"https:\/\/tor-auto.com\/ro\/product\/akkumuljator-centra-futura-ca852\/","title":{"rendered":"Acumulator Centra Futura CA852"},"content":{"rendered":"<div><strong><span>Centra Futura CA852<\/span><\/strong> <span>ofer\u0103 concentra\u021bie mare de energie, capacitate mare \u0219i putere mare de pornire &#8211; toate combinate \u00eentr-o singur\u0103 baterie.<\/span><\/div>\n<h2>\n<strong><span>Centra Futura este potrivit pentru:<\/span><\/strong><\/h2>\n<ul>\n<li><span>motoare puternice diesel sau pe benzin\u0103<\/span><\/li>\n<li><span>echipament bogat<\/span><\/li>\n<li><span>temperaturi extreme<\/span><\/li>\n<li><span>vehicul intens folosit<\/span><\/li>\n<\/ul>\n<div><\/div>\n<h2><strong><span>Avantajele Centra Futura CA852:<\/span><\/strong><\/h2>\n<ul>\n<li><span>rezisten\u021b\u0103 mai mare la desc\u0103rcare \u0219i capacitatea de absorb\u021bie a sarcinii ob\u021binute datorit\u0103 coeziunii crescute a pastei active pe re\u021bea.<\/span><\/li>\n<li><span>capacitate mai mare<\/span><\/li>\n<li><span>rezisten\u021b\u0103 ridicat\u0103 la coroziune<\/span><\/li>\n<li><span>putere de pornire suplimentar\u0103 \u00een compara\u021bie cu o baterie standard<\/span><\/li>\n<li><span>Durat\u0103 de via\u021b\u0103 extins\u0103 a produsului \u00een compara\u021bie cu bateria standard<\/span><\/li>\n<li><span>capac dublu, inchis ermetic<\/span><\/li>\n<li><span>sistem patentat<\/span><\/li>\n<li><span>Labirint pentru prevenirea scurgerilor de electroli\u021bi<\/span><\/li>\n<li><span>complet f\u0103r\u0103 \u00eentre\u021binere<\/span><\/li>\n<\/ul>\n","protected":false},"excerpt":{"rendered":"<h3>Caracteristici:<\/h3>\n<p>Tensiune [V]: 12<br \/>\nCapacitatea bateriei [Ah]: 85<br \/>\nCurent de pornire la rece EN [A]: 800<br \/>\nLungime [mm]: 315<br \/>\nLatime (mm): 175<br \/>\n\u00cen\u0103l\u021bime [mm]: 175<br \/>\nDispunerea st\u00e2lpilor: 0<br \/>\nTip clem\u0103 de lan\u021b: EN<br \/>\nVersiune placa inferioar\u0103: B13<\/p>\n","protected":false},"featured_media":1864,"template":"","meta":{"inline_featured_image":false,"_exactmetrics_skip_tracking":false,"_exactmetrics_sitenote_active":false,"_exactmetrics_sitenote_note":"","_exactmetrics_sitenote_category":0},"product_brand":[],"product_cat":[176,257],"product_tag":[],"class_list":{"0":"post-24292","1":"product","2":"type-product","3":"status-publish","4":"has-post-thumbnail","6":"product_cat-centra","7":"product_cat-acumulatoare-auto","8":"pa_tip-pentru-autoturisme","10":"first","11":"instock","12":"shipping-taxable","13":"product-type-simple"},"_links":{"self":[{"href":"https:\/\/tor-auto.com\/ro\/wp-json\/wp\/v2\/product\/24292","targetHints":{"allow":["GET"]}}],"collection":[{"href":"https:\/\/tor-auto.com\/ro\/wp-json\/wp\/v2\/product"}],"about":[{"href":"https:\/\/tor-auto.com\/ro\/wp-json\/wp\/v2\/types\/product"}],"wp:featuredmedia":[{"embeddable":true,"href":"https:\/\/tor-auto.com\/ro\/wp-json\/wp\/v2\/media\/1864"}],"wp:attachment":[{"href":"https:\/\/tor-auto.com\/ro\/wp-json\/wp\/v2\/media?parent=24292"}],"wp:term":[{"taxonomy":"product_brand","embeddable":true,"href":"https:\/\/tor-auto.com\/ro\/wp-json\/wp\/v2\/product_brand?post=24292"},{"taxonomy":"product_cat","embeddable":true,"href":"https:\/\/tor-auto.com\/ro\/wp-json\/wp\/v2\/product_cat?post=24292"},{"taxonomy":"product_tag","embeddable":true,"href":"https:\/\/tor-auto.com\/ro\/wp-json\/wp\/v2\/product_tag?post=24292"}],"curies":[{"name":"wp","href":"https:\/\/api.w.org\/{rel}","templated":true}]}}