{"id":24289,"date":"2018-12-22T11:06:37","date_gmt":"2024-01-10T08:29:12","guid":{"rendered":"https:\/\/tor-auto.com\/shop\/sudare-la-rece-otel-rapid-60-g\/"},"modified":"2024-01-10T10:29:12","modified_gmt":"2024-01-10T08:29:12","slug":"holodnaja-svarka-bystraja-stal-60-g","status":"publish","type":"product","link":"https:\/\/tor-auto.com\/ro\/product\/holodnaja-svarka-bystraja-stal-60-g\/","title":{"rendered":"Sudare la rece Otel rapid, 60 g"},"content":{"rendered":"<ul>\n<li>Cur\u0103\u021ba\u021bi elementele de lipit de murd\u0103rie \u0219i rugin\u0103 \u0219i trata\u021bi suprafe\u021bele cu \u0219mirghel grosier.<\/li>\n<li>Degresa\u021bi \u0219i usca\u021bi bine suprafe\u021bele de lipit.<\/li>\n<li>T\u0103ia\u021bi cantitatea necesar\u0103 de medicament \u0219i fr\u0103m\u00e2nta\u021bi bine materialul p\u00e2n\u0103 c\u00e2nd se ob\u021bine o mas\u0103 cald\u0103 omogen\u0103.<\/li>\n<li>Aplica\u021bi compozi\u021bia pe elementele de lipit \u0219i lega\u021bi-le ferm \u00eentre ele.<\/li>\n<li>Netezeste materialul sau da-i forma dorita.<\/li>\n<li>\u00cempacheta\u021bi lipiciul r\u0103mas \u00eentr-un tub pentru reutilizare.<\/li>\n<li>C\u00e2nd a\u021bi terminat, sp\u0103la\u021bi-v\u0103 m\u00e2inile cu ap\u0103 cald\u0103 \u0219i s\u0103pun.<\/li>\n<\/ul>\n<blockquote><p>CONEXIUNEA POATE FI \u00ceNC\u0102RCAT\u0102 \u0218I UTILIZAT\u0102 DUP\u0102 1 OR\u0102.<\/p><\/blockquote>\n<p><strong>Compozi\u021bie:<\/strong> r\u0103\u0219ini epoxidice, r\u0103\u0219ini amine, materiale de umplutur\u0103 minerale \u0219i de o\u021bel.<\/p>\n","protected":false},"excerpt":{"rendered":"<ul>\n<li><strong>Compozi\u021bia metal-polimer bicomponent\u0103 asigur\u0103 \u00eembinarea produselor din metale feroase \u0219i neferoase \u0219i restabile\u0219te elementele pierdute ale structurilor metalice.<\/strong><\/li>\n<li>Potrivit pentru lipirea materialelor din granit, beton, plastic, lemn \u0219i polimeri.<\/li>\n<li>Garanteaz\u0103 o conexiune puternic\u0103, nu inferioar\u0103 ca rezisten\u021b\u0103 fa\u021b\u0103 de o cus\u0103tur\u0103 sudat\u0103.<\/li>\n<li>Elimin\u0103 scurgerile din rezervoarele de gaz, radiatoare, carterurile motorului \u0219i transmisiei, conductele sanitare \u0219i bateriile.<\/li>\n<li>Ofer\u0103 aderen\u021b\u0103 ridicat\u0103 la suprafe\u021bele umede \u0219i uleioase.<\/li>\n<li>Se \u00eent\u0103re\u0219te complet \u00een 15 minute \u0219i atinge puterea maxim\u0103 \u00een doar 1,5 ore.<\/li>\n<li>Intervalul de temperatur\u0103 de func\u021bionare a produsului reparat este de la -60 la +150\u02daC.<\/li>\n<\/ul>\n","protected":false},"featured_media":1910,"template":"","meta":{"inline_featured_image":false,"_exactmetrics_skip_tracking":false,"_exactmetrics_sitenote_active":false,"_exactmetrics_sitenote_note":"","_exactmetrics_sitenote_category":0},"product_brand":[],"product_cat":[250,254],"product_tag":[],"class_list":{"0":"post-24289","1":"product","2":"type-product","3":"status-publish","4":"has-post-thumbnail","6":"product_cat-produse-chimice-auto","7":"product_cat-lubrifianti","9":"first","10":"instock","11":"shipping-taxable","12":"product-type-simple"},"_links":{"self":[{"href":"https:\/\/tor-auto.com\/ro\/wp-json\/wp\/v2\/product\/24289","targetHints":{"allow":["GET"]}}],"collection":[{"href":"https:\/\/tor-auto.com\/ro\/wp-json\/wp\/v2\/product"}],"about":[{"href":"https:\/\/tor-auto.com\/ro\/wp-json\/wp\/v2\/types\/product"}],"wp:featuredmedia":[{"embeddable":true,"href":"https:\/\/tor-auto.com\/ro\/wp-json\/wp\/v2\/media\/1910"}],"wp:attachment":[{"href":"https:\/\/tor-auto.com\/ro\/wp-json\/wp\/v2\/media?parent=24289"}],"wp:term":[{"taxonomy":"product_brand","embeddable":true,"href":"https:\/\/tor-auto.com\/ro\/wp-json\/wp\/v2\/product_brand?post=24289"},{"taxonomy":"product_cat","embeddable":true,"href":"https:\/\/tor-auto.com\/ro\/wp-json\/wp\/v2\/product_cat?post=24289"},{"taxonomy":"product_tag","embeddable":true,"href":"https:\/\/tor-auto.com\/ro\/wp-json\/wp\/v2\/product_tag?post=24289"}],"curies":[{"name":"wp","href":"https:\/\/api.w.org\/{rel}","templated":true}]}}