{"id":24281,"date":"2018-12-20T11:19:43","date_gmt":"2024-01-10T07:08:51","guid":{"rendered":"https:\/\/tor-auto.com\/shop\/acumulator-centra-plus-cb450\/"},"modified":"2024-01-10T09:08:51","modified_gmt":"2024-01-10T07:08:51","slug":"akkumuljator-centra-plus-cb450","status":"publish","type":"product","link":"https:\/\/tor-auto.com\/ro\/product\/akkumuljator-centra-plus-cb450\/","title":{"rendered":"Acumulator Centra Plus CB450"},"content":{"rendered":"<p>Grila 3DX este secretul din spatele fiec\u0103rei baterii CENTRA.<\/p>\n<p>Datorit\u0103 geometriei 3D a re\u021belei de tip diamant \u00eembun\u0103t\u0103\u021bit, materialul activ r\u0103m\u00e2ne fixat de napolitan\u0103, rezult\u00e2nd performan\u021be electrice \u0219i durat\u0103 de via\u021b\u0103 a bateriei \u00eembun\u0103t\u0103\u021bite.<\/p>\n<p>Avantaje:<\/p>\n<ul>\n<li>Aderen\u021ba \u00eembun\u0103t\u0103\u021bit\u0103 a masei active asigur\u0103 o durat\u0103 de via\u021b\u0103 mai lung\u0103<\/li>\n<li>Conductivitatea electric\u0103 \u00eembun\u0103t\u0103\u021bit\u0103 cre\u0219te cantitatea de energie furnizat\u0103<\/li>\n<li>Aliajele speciale de \u00eenalt\u0103 calitate garanteaz\u0103 durata \u0219i performan\u021ba maxim\u0103 a bateriei<\/li>\n<li>Rezisten\u021b\u0103 ridicat\u0103 la vibra\u021bii \u0219i coroziune<\/li>\n<li>Produc\u021bie ecologic\u0103<\/li>\n<li>Calitate \u00eenalt\u0103 datorit\u0103 procesului de produc\u021bie complet automatizat<\/li>\n<\/ul>\n","protected":false},"excerpt":{"rendered":"<h3>Caracteristici:<\/h3>\n<p>Tensiune [V]: 12<br \/>\nCapacitatea bateriei [Ah]: 45<br \/>\nCurent de pornire la rece EN [A]:330<br \/>\nLungime [mm]: 220<br \/>\nLatime (mm): 135<br \/>\n\u00cen\u0103l\u021bime [mm]: 225<br \/>\nDispunerea st\u00e2lpilor: 0<br \/>\nTip clem\u0103 de lan\u021b: EN<br \/>\nVersiune placa inferioar\u0103: B1<\/p>\n","protected":false},"featured_media":1729,"template":"","meta":{"inline_featured_image":false,"_exactmetrics_skip_tracking":false,"_exactmetrics_sitenote_active":false,"_exactmetrics_sitenote_note":"","_exactmetrics_sitenote_category":0},"product_brand":[],"product_cat":[176,257],"product_tag":[],"class_list":{"0":"post-24281","1":"product","2":"type-product","3":"status-publish","4":"has-post-thumbnail","6":"product_cat-centra","7":"product_cat-acumulatoare-auto","8":"pa_tip-pentru-autoturisme","10":"first","11":"instock","12":"shipping-taxable","13":"product-type-simple"},"_links":{"self":[{"href":"https:\/\/tor-auto.com\/ro\/wp-json\/wp\/v2\/product\/24281","targetHints":{"allow":["GET"]}}],"collection":[{"href":"https:\/\/tor-auto.com\/ro\/wp-json\/wp\/v2\/product"}],"about":[{"href":"https:\/\/tor-auto.com\/ro\/wp-json\/wp\/v2\/types\/product"}],"wp:featuredmedia":[{"embeddable":true,"href":"https:\/\/tor-auto.com\/ro\/wp-json\/wp\/v2\/media\/1729"}],"wp:attachment":[{"href":"https:\/\/tor-auto.com\/ro\/wp-json\/wp\/v2\/media?parent=24281"}],"wp:term":[{"taxonomy":"product_brand","embeddable":true,"href":"https:\/\/tor-auto.com\/ro\/wp-json\/wp\/v2\/product_brand?post=24281"},{"taxonomy":"product_cat","embeddable":true,"href":"https:\/\/tor-auto.com\/ro\/wp-json\/wp\/v2\/product_cat?post=24281"},{"taxonomy":"product_tag","embeddable":true,"href":"https:\/\/tor-auto.com\/ro\/wp-json\/wp\/v2\/product_tag?post=24281"}],"curies":[{"name":"wp","href":"https:\/\/api.w.org\/{rel}","templated":true}]}}