{"id":24246,"date":"2021-01-26T17:05:29","date_gmt":"2024-01-03T11:55:19","guid":{"rendered":"https:\/\/tor-auto.com\/shop\/aroma-de-aer-areon-home-parfum-paciuli-lavanda-vanilie\/"},"modified":"2024-01-03T13:55:19","modified_gmt":"2024-01-03T11:55:19","slug":"aromatizator-vozduha-areon-home-perfume-patchouli-lavender-vanilla","status":"publish","type":"product","link":"https:\/\/tor-auto.com\/ro\/product\/aromatizator-vozduha-areon-home-perfume-patchouli-lavender-vanilla\/","title":{"rendered":"Arom\u0103 de aer Areon Home Parfum Paciuli Lavand\u0103 Vanilie"},"content":{"rendered":"<p><strong>Descrierea:<\/strong><\/p>\n<p>Aroma scump\u0103, feminin\u0103 \u0219i chiar oarecum sentimental\u0103 a Patchouli Lavanda Vanilie (Patchouli &#8211; Lavanda &#8211; Vanilie) de la Areon va face din casa dvs. un cuib cu adev\u0103rat confortabil.<\/p>\n<p>Notele lemnoase u\u0219or umede ale paciulii scot perfect \u00een eviden\u021b\u0103 aroma \u00eensorit\u0103 de lavand\u0103 \u0219i vanilie moale, dulce, inexprimabil de erotic\u0103. Combina\u021bia acestor arome este o adev\u0103rat\u0103 terapie care vizeaz\u0103 ameliorarea stresului. Aceast\u0103 arom\u0103 v\u0103 va ajuta s\u0103 elibera\u021bi tensiunea, s\u0103 v\u0103 relaxa\u021bi, s\u0103 v\u0103 bucura\u021bi de pace, c\u0103ldur\u0103 \u0219i confort.<\/p>\n<p>Patchouli Lavanda Vanilia iti va oferi caldura casei<\/p>\n","protected":false},"excerpt":{"rendered":"<p>Descrierea: Aroma scump\u0103, feminin\u0103 \u0219i chiar oarecum sentimental\u0103 a Patchouli Lavanda Vanilie (Patchouli &#8211; Lavanda &#8211; Vanilie) de la Areon va face din casa dvs. un cuib cu adev\u0103rat confortabil. Notele lemnoase u\u0219or umede ale paciulii scot perfect \u00een eviden\u021b\u0103 aroma \u00eensorit\u0103 de lavand\u0103 \u0219i vanilie moale, dulce, inexprimabil de erotic\u0103. Combina\u021bia acestor arome este [&#8230;]\n","protected":false},"featured_media":17506,"template":"","meta":{"inline_featured_image":false,"_exactmetrics_skip_tracking":false,"_exactmetrics_sitenote_active":false,"_exactmetrics_sitenote_note":"","_exactmetrics_sitenote_category":0},"product_brand":[],"product_cat":[273,269],"product_tag":[],"class_list":{"0":"post-24246","1":"product","2":"type-product","3":"status-publish","4":"has-post-thumbnail","6":"product_cat-parfumuri-pentru-casa-si-birou","7":"product_cat-parfume","9":"first","10":"instock","11":"shipping-taxable","12":"product-type-simple"},"_links":{"self":[{"href":"https:\/\/tor-auto.com\/ro\/wp-json\/wp\/v2\/product\/24246","targetHints":{"allow":["GET"]}}],"collection":[{"href":"https:\/\/tor-auto.com\/ro\/wp-json\/wp\/v2\/product"}],"about":[{"href":"https:\/\/tor-auto.com\/ro\/wp-json\/wp\/v2\/types\/product"}],"wp:featuredmedia":[{"embeddable":true,"href":"https:\/\/tor-auto.com\/ro\/wp-json\/wp\/v2\/media\/17506"}],"wp:attachment":[{"href":"https:\/\/tor-auto.com\/ro\/wp-json\/wp\/v2\/media?parent=24246"}],"wp:term":[{"taxonomy":"product_brand","embeddable":true,"href":"https:\/\/tor-auto.com\/ro\/wp-json\/wp\/v2\/product_brand?post=24246"},{"taxonomy":"product_cat","embeddable":true,"href":"https:\/\/tor-auto.com\/ro\/wp-json\/wp\/v2\/product_cat?post=24246"},{"taxonomy":"product_tag","embeddable":true,"href":"https:\/\/tor-auto.com\/ro\/wp-json\/wp\/v2\/product_tag?post=24246"}],"curies":[{"name":"wp","href":"https:\/\/api.w.org\/{rel}","templated":true}]}}