{"id":24243,"date":"2021-02-15T15:42:56","date_gmt":"2024-01-03T11:46:48","guid":{"rendered":"https:\/\/tor-auto.com\/shop\/acumulator-centra-start-stop-agm-ck1050\/"},"modified":"2024-01-03T13:46:48","modified_gmt":"2024-01-03T11:46:48","slug":"akkumuljator-centra-start-stop-agm-ck1050","status":"publish","type":"product","link":"https:\/\/tor-auto.com\/ro\/product\/akkumuljator-centra-start-stop-agm-ck1050\/","title":{"rendered":"Acumulator Centra Start-Stop AGM CK1050"},"content":{"rendered":"","protected":false},"excerpt":{"rendered":"<ul>\n<li>Dimensiuni: <b>393x175x190<\/b><\/li>\n<li>Tensiune, V<b>12<\/b><\/li>\n<li>Capacitate, Ah<b>105<\/b><\/li>\n<li>Curentul de pornire, A<b>950<\/b><\/li>\n<li>Polaritate <b>corect\u0103 plus<\/b><\/li>\n<li>Tip de caz <b>Europa<\/b><\/li>\n<li>Tehnologia <b>Ca<\/b><\/li>\n<li>Versiune <b>F\u0103r\u0103 \u00eentre\u021binere<\/b><\/li>\n<li><b>2 ani<\/b> garantie<\/li>\n<\/ul>\n","protected":false},"featured_media":17971,"template":"","meta":{"inline_featured_image":false,"_exactmetrics_skip_tracking":false,"_exactmetrics_sitenote_active":false,"_exactmetrics_sitenote_note":"","_exactmetrics_sitenote_category":0},"product_brand":[],"product_cat":[176,257],"product_tag":[285,287],"class_list":{"0":"post-24243","1":"product","2":"type-product","3":"status-publish","4":"has-post-thumbnail","6":"product_cat-centra","7":"product_cat-acumulatoare-auto","8":"product_tag-agm-ro","9":"product_tag-start-stop-ro","10":"pa_tip-pentru-autoturisme","12":"first","13":"instock","14":"shipping-taxable","15":"product-type-simple"},"_links":{"self":[{"href":"https:\/\/tor-auto.com\/ro\/wp-json\/wp\/v2\/product\/24243","targetHints":{"allow":["GET"]}}],"collection":[{"href":"https:\/\/tor-auto.com\/ro\/wp-json\/wp\/v2\/product"}],"about":[{"href":"https:\/\/tor-auto.com\/ro\/wp-json\/wp\/v2\/types\/product"}],"wp:featuredmedia":[{"embeddable":true,"href":"https:\/\/tor-auto.com\/ro\/wp-json\/wp\/v2\/media\/17971"}],"wp:attachment":[{"href":"https:\/\/tor-auto.com\/ro\/wp-json\/wp\/v2\/media?parent=24243"}],"wp:term":[{"taxonomy":"product_brand","embeddable":true,"href":"https:\/\/tor-auto.com\/ro\/wp-json\/wp\/v2\/product_brand?post=24243"},{"taxonomy":"product_cat","embeddable":true,"href":"https:\/\/tor-auto.com\/ro\/wp-json\/wp\/v2\/product_cat?post=24243"},{"taxonomy":"product_tag","embeddable":true,"href":"https:\/\/tor-auto.com\/ro\/wp-json\/wp\/v2\/product_tag?post=24243"}],"curies":[{"name":"wp","href":"https:\/\/api.w.org\/{rel}","templated":true}]}}