{"id":24204,"date":"2021-08-12T11:12:10","date_gmt":"2024-01-03T08:38:24","guid":{"rendered":"https:\/\/tor-auto.com\/shop\/acumulator-i-b-c-smf-d26-80ssmf-80ah\/"},"modified":"2024-01-03T10:38:24","modified_gmt":"2024-01-03T08:38:24","slug":"akkumuljator-b-c-smf-gr26-ssmf-80ah","status":"publish","type":"product","link":"https:\/\/tor-auto.com\/ro\/product\/akkumuljator-b-c-smf-gr26-ssmf-80ah\/","title":{"rendered":"Acumulator I.B.C. SMF D26 80SSMF 80Ah"},"content":{"rendered":"<p>Bateriile auto marca IBC din seria SMF (tip SMF, capac dublu sigiliu) sunt nava amiral a unei productii bazate pe dorinta de a atinge cele mai inalte standarde de calitate, creand baterii performante si fiabile. Acest produs concentreaz\u0103 un \u00eenalt nivel tehnologic \u0219i de calitate atins pe parcursul multor ani de activitate.<br \/>\nCurentul de pornire este cu 30% mai mare dec\u00e2t linia standard.<br \/>\nDurata de via\u021b\u0103 este cu 50% mai mare dec\u00e2t bateriile tradi\u021bionale.<br \/>\nComplet sigilat \u0219i f\u0103r\u0103 \u00eentre\u021binere.<br \/>\nRezisten\u021b\u0103 excelent\u0103 la vibra\u021bii.<\/p>\n","protected":false},"excerpt":{"rendered":"<h2>Caracteristici<\/h2>\n<p>Tensiune [V]: 12<br \/>\nCapacitatea bateriei [Ah]: 80<br \/>\n\u00cen\u0103l\u021bime [mm]: 225<br \/>\nLatime (mm): 175<br \/>\nLungime [mm]: 260<br \/>\nCurent de pornire la rece EN [A]: 600<br \/>\nDispunerea st\u00e2lpilor: 1<br \/>\nTip clem\u0103 de lan\u021b: JIS<\/p>\n","protected":false},"featured_media":22728,"template":"","meta":{"inline_featured_image":false,"_exactmetrics_skip_tracking":false,"_exactmetrics_sitenote_active":false,"_exactmetrics_sitenote_note":"","_exactmetrics_sitenote_category":0},"product_brand":[],"product_cat":[257,178],"product_tag":[],"class_list":{"0":"post-24204","1":"product","2":"type-product","3":"status-publish","4":"has-post-thumbnail","6":"product_cat-acumulatoare-auto","7":"product_cat-i-b-c-you-bat","8":"pa_tip-pentru-autoturisme","10":"first","11":"instock","12":"sale","13":"shipping-taxable","14":"product-type-simple"},"_links":{"self":[{"href":"https:\/\/tor-auto.com\/ro\/wp-json\/wp\/v2\/product\/24204","targetHints":{"allow":["GET"]}}],"collection":[{"href":"https:\/\/tor-auto.com\/ro\/wp-json\/wp\/v2\/product"}],"about":[{"href":"https:\/\/tor-auto.com\/ro\/wp-json\/wp\/v2\/types\/product"}],"wp:featuredmedia":[{"embeddable":true,"href":"https:\/\/tor-auto.com\/ro\/wp-json\/wp\/v2\/media\/22728"}],"wp:attachment":[{"href":"https:\/\/tor-auto.com\/ro\/wp-json\/wp\/v2\/media?parent=24204"}],"wp:term":[{"taxonomy":"product_brand","embeddable":true,"href":"https:\/\/tor-auto.com\/ro\/wp-json\/wp\/v2\/product_brand?post=24204"},{"taxonomy":"product_cat","embeddable":true,"href":"https:\/\/tor-auto.com\/ro\/wp-json\/wp\/v2\/product_cat?post=24204"},{"taxonomy":"product_tag","embeddable":true,"href":"https:\/\/tor-auto.com\/ro\/wp-json\/wp\/v2\/product_tag?post=24204"}],"curies":[{"name":"wp","href":"https:\/\/api.w.org\/{rel}","templated":true}]}}