{"id":24172,"date":"2022-02-21T14:37:03","date_gmt":"2023-12-28T14:11:21","guid":{"rendered":"https:\/\/tor-auto.com\/shop\/aromatizator-areon-home-perfume-150ml-lux-tortuga\/"},"modified":"2023-12-28T16:11:21","modified_gmt":"2023-12-28T14:11:21","slug":"aromatizator-areon-home-perfume-150ml-lux-tortuga","status":"publish","type":"product","link":"https:\/\/tor-auto.com\/ro\/product\/aromatizator-areon-home-perfume-150ml-lux-tortuga\/","title":{"rendered":"Aromatizator Areon Home Perfume 150ml LUX Tortuga"},"content":{"rendered":"<p><strong>Descrierea:<\/strong><\/p>\n<p>Compozi\u021bia aromatic\u0103 Tortuga (Tortuga), utilizat\u0103 \u00een arome \u00abAreon\u00bb, apar\u021bine grupului de arome de lemn-ap\u0103.<\/p>\n<p>Sunetul puternic al coardei de lemn este completat de note de mare. Ele sunt invadate de mirosurile de iasomie, ilang-ilanga, tuberoze, alge marine, menta \u0219i lotus verde. Nuan\u021bele luminoase de piele, tutun, fum, sare, coniac \u0219i chiar gudron fac aroma romantic\u0103-masculin\u0103, \u00eendr\u0103znea\u021b\u0103 \u0219i muscular\u0103.<\/p>\n<p>Tortuga, este un parfum pentru b\u0103rba\u021bi &#8211; iubitori de romantism piratat \u0219i femei care iubesc astfel de b\u0103rba\u021bi!<\/p>\n<p><strong>Cum s\u0103 utiliza\u0163i Areon Home Parfum LUX:<\/strong><\/p>\n<ul>\n<li>extragem din pachet<\/li>\n<li>deschide\u0163i capacul \u015fi capacul de protec\u0163ie<\/li>\n<li>cobor\u00e2m be\u021bele de bambus \u00een lichidul aromat \u0219i ne bucur\u0103m.<\/li>\n<\/ul>\n<p>Lichidul aromatizat impregneaz\u0103 bastoanele de bambus \u0219i, cu ajutorul lor, aroma se r\u0103sp\u00e2nde\u0219te \u00een \u00eentreaga camer\u0103.<\/p>\n<p>Pentru a reduce concentra\u021bia de miros \u0219i a cre\u0219te durata de via\u021b\u0103, este necesar s\u0103 \u00eendep\u0103rta\u021bi bastoanele impregnate din sticl\u0103, s\u0103 \u00eenchide\u021bi capacul de protec\u021bie cu capacul \u0219i s\u0103 introduce\u021bi aroma b\u0103\u021bului \u00een capac.<\/p>\n<p>Toate!!!<\/p>\n","protected":false},"excerpt":{"rendered":"<p>Tortuga, este un parfum pentru b\u0103rba\u021bi &#8211; iubitori de romantism piratat \u0219i femei care iubesc astfel de b\u0103rba\u021bi!<\/p>\n","protected":false},"featured_media":22783,"template":"","meta":{"inline_featured_image":false,"_exactmetrics_skip_tracking":false,"_exactmetrics_sitenote_active":false,"_exactmetrics_sitenote_note":"","_exactmetrics_sitenote_category":0},"product_brand":[],"product_cat":[273,269],"product_tag":[],"class_list":{"0":"post-24172","1":"product","2":"type-product","3":"status-publish","4":"has-post-thumbnail","6":"product_cat-parfumuri-pentru-casa-si-birou","7":"product_cat-parfume","9":"first","10":"instock","11":"shipping-taxable","12":"product-type-simple"},"_links":{"self":[{"href":"https:\/\/tor-auto.com\/ro\/wp-json\/wp\/v2\/product\/24172","targetHints":{"allow":["GET"]}}],"collection":[{"href":"https:\/\/tor-auto.com\/ro\/wp-json\/wp\/v2\/product"}],"about":[{"href":"https:\/\/tor-auto.com\/ro\/wp-json\/wp\/v2\/types\/product"}],"wp:featuredmedia":[{"embeddable":true,"href":"https:\/\/tor-auto.com\/ro\/wp-json\/wp\/v2\/media\/22783"}],"wp:attachment":[{"href":"https:\/\/tor-auto.com\/ro\/wp-json\/wp\/v2\/media?parent=24172"}],"wp:term":[{"taxonomy":"product_brand","embeddable":true,"href":"https:\/\/tor-auto.com\/ro\/wp-json\/wp\/v2\/product_brand?post=24172"},{"taxonomy":"product_cat","embeddable":true,"href":"https:\/\/tor-auto.com\/ro\/wp-json\/wp\/v2\/product_cat?post=24172"},{"taxonomy":"product_tag","embeddable":true,"href":"https:\/\/tor-auto.com\/ro\/wp-json\/wp\/v2\/product_tag?post=24172"}],"curies":[{"name":"wp","href":"https:\/\/api.w.org\/{rel}","templated":true}]}}