{"id":24088,"date":"2022-03-28T16:29:39","date_gmt":"2023-12-27T13:29:22","guid":{"rendered":"https:\/\/tor-auto.com\/shop\/incarcator-wireless-pentru-masina\/"},"modified":"2023-12-27T15:29:22","modified_gmt":"2023-12-27T13:29:22","slug":"besprovodnoe-avtomobilnoe-zarjadnoe-ustrojstvo","status":"publish","type":"product","link":"https:\/\/tor-auto.com\/ro\/product\/besprovodnoe-avtomobilnoe-zarjadnoe-ustrojstvo\/","title":{"rendered":"Incarcator wireless pentru masina"},"content":{"rendered":"<ul class=\"a-unordered-list a-vertical a-spacing-mini\">\n<li><span class=\"a-list-item\">Cel mai recent suport pentru telefon cu \u00eenc\u0103rcare rapid\u0103 A5 este u\u0219or de instalat. Interiorul clemei are protec\u021bie moale din silicon \u0219i nu deterioreaz\u0103 ma\u0219ina, doar introdus \u00cenc\u0103rc\u0103torul se poate roti liber la 360 de grade, pute\u021bi alege pozi\u021bia ideal\u0103 pentru a conduce \u00een siguran\u021b\u0103.<\/span><\/li>\n<li><span class=\"a-list-item\">\u00cenc\u0103rc\u0103torul nostru de ma\u0219in\u0103 f\u0103r\u0103 fir Qi de 10 W ofer\u0103 protec\u021bie la supratensiune, protec\u021bie la supra\u00eenc\u0103lzire, protec\u021bie la c\u00e2mp magnetic \u0219i detectare \u0219i protec\u021bie a obiectelor str\u0103ine. Dac\u0103 echipamentul este defect, acesta va \u00eenceta automat s\u0103 func\u021bioneze \u0219i va prelungi durata de via\u021b\u0103 a bateriei telefonului mobil.<\/span><\/li>\n<li><span class=\"a-list-item\">Vine cu func\u021bie de senzor inteligent, prins automat c\u00e2nd este cobor\u00e2t, eliberat automat c\u00e2nd este \u00eendep\u0103rtat, orice smartphone care respect\u0103 protocolul QI poate folosi acest \u00eenc\u0103rc\u0103tor f\u0103r\u0103 fir pentru a \u00eenc\u0103rca, compatibil cu sistemele IOS \u0219i Android, accept\u0103 ecranul telefonului mobil de 4-6,5 inci, conduce comod \u0219i usor de ridicat.<\/span><\/li>\n<li><span class=\"a-list-item\">Acorda\u021bi aten\u021bie detaliilor produsului, punctul de sprijin al telefonului mobil este din cauciuc, extrudarea nu este deformat\u0103, nu deterioreaz\u0103 telefonul mobil, panoul de \u00eenc\u0103rcare folose\u0219te sticl\u0103 c\u0103lit\u0103, rezisten\u021b\u0103 ridicat\u0103 la uzur\u0103, performan\u021b\u0103 de \u00eenc\u0103rcare u\u0219or de \u00eembun\u0103t\u0103\u021bit. Folosind principiul de pozi\u021bionare \u00een patru puncte, este durabil \u0219i nu trebuie s\u0103 v\u0103 face\u021bi griji c\u0103 telefonul va fi lovit \u0219i c\u0103dea.<\/span><\/li>\n<\/ul>\n","protected":false},"excerpt":{"rendered":"<p>Samsung Galaxy S9 Plus, Samsung Galaxy S9, LG V30, Samsung Galaxy Note 6, Samsung Galaxy Note 7, Samsung Galaxy Note 5, Samsung Galaxy Note 8, Samsung Galaxy Note 9, Apple iPhone 8, LG Nexus 5, LG Nexus 4, Nokia Lumia 1020, Sony Xperia X, Samsung Galaxy S6, Samsung Galaxy S8, Samsung Galaxy S7, Apple iPhone XR, IPhone XS Max, Huawei Mate 20 Pro, Apple iPhone 8 Plus, Sony Xperia Z2, Moto Nexus 6, Apple iPhone X, Samsung Galaxy S7 Edge, Samsung Galaxy S6 Edge, Apple iPhone XS, LG G3, Samsung Galaxy S8 Plus, LG G2<\/p>\n","protected":false},"featured_media":22914,"template":"","meta":{"inline_featured_image":false,"_exactmetrics_skip_tracking":false,"_exactmetrics_sitenote_active":false,"_exactmetrics_sitenote_note":"","_exactmetrics_sitenote_category":0},"product_brand":[],"product_cat":[258,270],"product_tag":[],"class_list":{"0":"post-24088","1":"product","2":"type-product","3":"status-publish","4":"has-post-thumbnail","6":"product_cat-accessorii-auto","7":"product_cat-suporturi-pentru-telefon","9":"first","10":"instock","11":"shipping-taxable","12":"product-type-simple"},"_links":{"self":[{"href":"https:\/\/tor-auto.com\/ro\/wp-json\/wp\/v2\/product\/24088","targetHints":{"allow":["GET"]}}],"collection":[{"href":"https:\/\/tor-auto.com\/ro\/wp-json\/wp\/v2\/product"}],"about":[{"href":"https:\/\/tor-auto.com\/ro\/wp-json\/wp\/v2\/types\/product"}],"wp:featuredmedia":[{"embeddable":true,"href":"https:\/\/tor-auto.com\/ro\/wp-json\/wp\/v2\/media\/22914"}],"wp:attachment":[{"href":"https:\/\/tor-auto.com\/ro\/wp-json\/wp\/v2\/media?parent=24088"}],"wp:term":[{"taxonomy":"product_brand","embeddable":true,"href":"https:\/\/tor-auto.com\/ro\/wp-json\/wp\/v2\/product_brand?post=24088"},{"taxonomy":"product_cat","embeddable":true,"href":"https:\/\/tor-auto.com\/ro\/wp-json\/wp\/v2\/product_cat?post=24088"},{"taxonomy":"product_tag","embeddable":true,"href":"https:\/\/tor-auto.com\/ro\/wp-json\/wp\/v2\/product_tag?post=24088"}],"curies":[{"name":"wp","href":"https:\/\/api.w.org\/{rel}","templated":true}]}}