{"id":23883,"date":"2023-12-27T10:18:36","date_gmt":"2023-12-27T08:18:36","guid":{"rendered":"https:\/\/tor-auto.com\/ghimpuri-anvelope\/"},"modified":"2023-12-27T10:18:38","modified_gmt":"2023-12-27T08:18:38","slug":"ghimpuri-anvelope","status":"publish","type":"page","link":"https:\/\/tor-auto.com\/ro\/ghimpuri-anvelope\/","title":{"rendered":"ghimpuri anvelope"},"content":{"rendered":"\t<section class=\"section dark\" id=\"section_544436119\">\n\t\t<div class=\"bg section-bg fill bg-fill bg-loaded bg-loaded\" >\n\n\t\t\t\n\t\t\t<div class=\"section-bg-overlay absolute fill\"><\/div>\n\t\t\t\n\n\t\t<\/div>\n\n\t\t\n\n\t\t<div class=\"section-content relative\">\n\t\t\t\n\n  <div class=\"banner has-hover\" id=\"banner-1896149140\">\n          <div class=\"banner-inner fill\">\n        <div class=\"banner-bg fill\" >\n            <div class=\"bg fill bg-fill bg-loaded\"><\/div>\n                        <div class=\"overlay\"><\/div>            \n                    <\/div>\n\t\t\n        <div class=\"banner-layers container\">\n            <div class=\"fill banner-link\"><\/div>            \n   <div id=\"text-box-121272205\" class=\"text-box banner-layer x50 md-x50 lg-x50 y50 md-y50 lg-y50 res-text\">\n                                <div class=\"text-box-content text dark\">\n              \n              <div class=\"text-inner text-center\">\n                  \n<h1><span style=\"font-size: 90%;\">instalarea ghimpuri anvelopelor de iarn\u0103<\/span><\/h1>\n<\/p>\n<a href=\"\/\/tor-auto.com\/ro\/programare\/\" target=\"_self\" class=\"button primary\"  >\n    <span>\u00censcrie\u021bi-v\u0103 pentru reglarea anvelopelor<\/span>\n  <\/a>\n\n<a href=\"\/form-view\/2\" target=\"_self\" class=\"button white is-outline\"  >\n    <span>Afla\u021bi pre\u021burile<\/span>\n  <\/a>\n\n<div class=\"row\"  id=\"row-1871682405\">\n\n\t<div id=\"col-94201836\" class=\"col small-12 large-12\"  >\n\t\t\t\t<div class=\"col-inner\"  >\n\t\t\t\n\t\t\t\n<p><span style=\"font-size: 180%;\"><strong><span style=\"font-size: 100%;\">tel.:<\/span> <span style=\"font-size: 140%;\">022 716 191<\/span><\/strong><\/span><\/p>\n<p><span style=\"font-size: 120%;\">L-V: 09.00-18.00<\/span><br \/>\n<span style=\"font-size: 120%;\">S\u00e2: 09.00-14.00<\/span><br \/>\n<span style=\"font-size: 120%;\">or. Chi\u0219in\u0103u (sec. Buiucani)<\/span><br \/>\n<span style=\"font-size: 120%;\">str. I. Radu 29\/1<\/span><\/p>\n\t\t<\/div>\n\t\t\t\t\t<\/div>\n\n\t\n<\/div>\n              <\/div>\n           <\/div>\n                            \n<style>\n#text-box-121272205 {\n  width: 60%;\n}\n#text-box-121272205 .text-box-content {\n  font-size: 100%;\n}\n<\/style>\n    <\/div>\n \n        <\/div>\n      <\/div>\n\n            \n<style>\n#banner-1896149140 {\n  padding-top: 500px;\n}\n#banner-1896149140 .bg.bg-loaded {\n  background-image: url(https:\/\/tor-auto.com\/wp-content\/uploads\/2018\/12\/oshipovka-700x467.jpg);\n}\n#banner-1896149140 .overlay {\n  background-color: rgba(0, 0, 0, 0.69);\n}\n<\/style>\n  <\/div>\n\n\n\t\t<\/div>\n\n\t\t\n<style>\n#section_544436119 {\n  padding-top: 0px;\n  padding-bottom: 0px;\n  min-height: 500px;\n  background-color: rgb(0, 94, 216);\n}\n#section_544436119 .section-bg-overlay {\n  background-color: rgba(0, 0, 0, 0.6);\n}\n<\/style>\n\t<\/section>\n\t\n<div class=\"row row-large align-center row-divided service-page\"  id=\"row-833470480\">\n\n\t<div id=\"col-268531609\" class=\"col medium-7 small-12 large-8 col-divided\"  >\n\t\t\t\t<div class=\"col-inner\"  >\n\t\t\t\n\t\t\t\n<div class=\"container section-title-container\" ><h2 class=\"section-title section-title-normal\"><b><\/b><span class=\"section-title-main\" >Instalarea ghimpurilor pe anvelopa la Chi\u0219in\u0103u<\/span><b><\/b><\/h2><\/div>\n<div class=\"js-hidden_dust hide_after\">\n<div class=\"js-max_height\">\n<h2>Instalarea ghimpurilor pe anvelopa Preturi mici.<\/h2>\n<p>\u00cen iarna moldoveneasc\u0103, drumurile noastre sunt adesea acoperite cu lapovi\u021b\u0103 sau chiar cu ghea\u021b\u0103. Pentru un \u0219ofer care trebuie s\u0103 circule mult prin republic\u0103, un astfel de drum poate fi foarte obositor, dac\u0103 nu chiar periculos. Pentru a asigura o mai buna aderenta a anvelopelor pe suprafetele inghetate, va recomandam cu incredere ghimpuri.La noi puteti instala ghimpuri pe anvelopele de iarna cu scaune.<\/p>\n<p>V\u0103 prezent\u0103m aten\u021biei cel mai recent serviciu de instalare ghimpurilor Un produs realizat din cel mai rezistent material, la fel de rezistent ca otelul!<\/p>\n<h3>Ce anvelope pot \u0219i ar trebui s\u0103 fie \u00een\u021bepate?<\/h3>\n<div class=\"in collapse\" aria-expanded=\"true\" aria-hidden=\"false\">\n<ul>\n<li>Anvelopa vine din fabrica cu ghimpuri montate &#8211; sunt gauri pe banda de rulare pentru montarea ghimpurilor;<\/li>\n<li>Ad\u00e2ncimea benzii de rulare a anvelopei r\u0103mase este de cel pu\u021bin 7 mm;<\/li>\n<li>G\u0103urile de fixare sunt \u00een stare satisf\u0103c\u0103toare.<\/li>\n<\/ul>\n<\/div>\n<p>Pentru iubitorii de ghimpuri originale: avem ro\u021bi originale complete cu ghimpurilor!<\/p>\n<p>Acest serviciu poate fi ob\u021binut doar la centrul nostru de service din st. Iona Radu 29\/1.<\/p>\n<p>PS1: Dac\u0103 pe o ma\u0219in\u0103 sunt instalate ro\u021bi cu ghimpuri, atunci va fi necesar\u0103 \u00eendep\u0103rtarea ro\u021bilor din ma\u0219in\u0103 &#8211; pl\u0103tit\u0103 separat conform listei de pre\u021buri.<br \/>\nPS2: Dup\u0103 ce ad\u0103uga\u021bi \u0219tifturi, v\u0103 recomand\u0103m cu insisten\u021b\u0103 s\u0103 echilibra\u021bi ro\u021bile &#8211; pl\u0103tite separat \u00een func\u021bie de pre\u021b<\/p>\n<\/div>\n<\/div>\n\t<div id=\"gap-433658333\" class=\"gap-element clearfix\" style=\"display:block; height:auto;\">\n\t\t\n<style>\n#gap-433658333 {\n  padding-top: 30px;\n}\n<\/style>\n\t<\/div>\n\t\n<div class=\"social-icons share-icons share-row relative icon-style-outline\" style=\"font-size:95%\"><span class=\"share-icons-title\">Ac\u021biune:<\/span><a href=\"whatsapp:\/\/send?text=ghimpuri%20anvelope - https:\/\/tor-auto.com\/ro\/ghimpuri-anvelope\/\" data-action=\"share\/whatsapp\/share\" class=\"icon button circle is-outline tooltip whatsapp show-for-medium\" title=\"Share on WhatsApp\" aria-label=\"Share on WhatsApp\" ><i class=\"icon-whatsapp\" ><\/i><\/a><a href=\"https:\/\/www.facebook.com\/sharer.php?u=https:\/\/tor-auto.com\/ro\/ghimpuri-anvelope\/\" data-label=\"Facebook\" onclick=\"window.open(this.href,this.title,'width=500,height=500,top=300px,left=300px'); return false;\" rel=\"noopener noreferrer nofollow\" target=\"_blank\" class=\"icon button circle is-outline tooltip facebook\" title=\"Share on Facebook\" aria-label=\"Share on Facebook\" ><i class=\"icon-facebook\" ><\/i><\/a><a href=\"https:\/\/twitter.com\/share?url=https:\/\/tor-auto.com\/ro\/ghimpuri-anvelope\/\" onclick=\"window.open(this.href,this.title,'width=500,height=500,top=300px,left=300px'); return false;\" rel=\"noopener noreferrer nofollow\" target=\"_blank\" class=\"icon button circle is-outline tooltip twitter\" title=\"Share on Twitter\" aria-label=\"Share on Twitter\" ><i class=\"icon-twitter\" ><\/i><\/a><a href=\"mailto:?subject=ghimpuri%20anvelope&body=Check%20this%20out%3A%20https%3A%2F%2Ftor-auto.com%2Fro%2Fghimpuri-anvelope%2F\" rel=\"nofollow\" class=\"icon button circle is-outline tooltip email\" title=\"Email to a Friend\" aria-label=\"Email to a Friend\" ><i class=\"icon-envelop\" ><\/i><\/a><a href=\"https:\/\/vkontakte.ru\/share.php?url=https:\/\/tor-auto.com\/ro\/ghimpuri-anvelope\/&titleghimpuri%20anvelope\" target=\"_blank\" onclick=\"window.open(this.href,this.title,'width=500,height=500,top=300px,left=300px'); return false;\" rel=\"noopener noreferrer nofollow\" class=\"icon button circle is-outline tooltip vk\" title=\"Share on VKontakte\" aria-label=\"Share on VKontakte\" ><i class=\"icon-vk\" ><\/i><\/a><a href=\"https:\/\/www.linkedin.com\/shareArticle?mini=true&url=https:\/\/tor-auto.com\/ro\/ghimpuri-anvelope\/&title=ghimpuri%20anvelope\" onclick=\"window.open(this.href,this.title,'width=500,height=500,top=300px,left=300px'); return false;\" rel=\"noopener noreferrer nofollow\" target=\"_blank\" class=\"icon button circle is-outline tooltip linkedin\" title=\"Share on LinkedIn\" aria-label=\"Share on LinkedIn\" ><i class=\"icon-linkedin\" ><\/i><\/a><\/div>\n\t<div id=\"gap-488635576\" class=\"gap-element clearfix\" style=\"display:block; height:auto;\">\n\t\t\n<style>\n#gap-488635576 {\n  padding-top: 30px;\n}\n<\/style>\n\t<\/div>\n\t\n<div class=\"row\"  id=\"row-32148197\">\n\n\t<div id=\"col-1485291226\" class=\"col small-12 large-12\"  >\n\t\t\t\t<div class=\"col-inner\"  >\n\t\t\t\n\t\t\t\n<div class=\"message-box relative dark\" style=\"padding-top:30px;padding-bottom:30px;\"><div class=\"message-box-bg-image bg-fill fill\" ><\/div><div class=\"message-box-bg-overlay bg-fill fill\" style=\"background-color:rgb(0, 41, 95);\"><\/div><div class=\"container relative\"><div class=\"inner last-reset\">\n<div class=\"row align-middle align-center\"  id=\"row-1239029458\">\n\n\t<div id=\"col-413573703\" class=\"col medium-5 small-12 large-6\"  >\n\t\t\t\t<div class=\"col-inner\"  >\n\t\t\t\n\t\t\t\n<p style=\"text-align: center;\">Trimite\u021bi o cerere de \u00eenscriere pentru <strong>Instalarea ghimpuri pe Anvelopa<\/strong><\/p>\n\t\t<\/div>\n\t\t\t\t\t<\/div>\n\n\t\n\n\t<div id=\"col-1704082968\" class=\"col medium-6 small-12 large-5\"  >\n\t\t\t\t<div class=\"col-inner text-center\"  >\n\t\t\t\n\t\t\t\n\t<div id=\"gap-1095826014\" class=\"gap-element clearfix\" style=\"display:block; height:auto;\">\n\t\t\n<style>\n#gap-1095826014 {\n  padding-top: 5px;\n}\n<\/style>\n\t<\/div>\n\t\n<a href=\"\/\/tor-auto.com\/ro\/programare\/\" target=\"_self\" class=\"button primary is-large expand\"  style=\"border-radius:99px;\">\n    <span>Programare la service<\/span>\n  <\/a>\n\n\t\t<\/div>\n\t\t\t\t\t<\/div>\n\n\t\n<\/div>\n<\/div><\/div><\/div>\n\t\t<\/div>\n\t\t\t\t\t<\/div>\n\n\t\n<\/div>\n<h3>PE HARTA<\/h3>\n<div class=\"is-divider divider clearfix\" style=\"margin-top:0.3em;margin-bottom:0.3em;\"><\/div>\n\n\t<script type=\"text\/javascript\">\n  jQuery( document ).ready(function() {\n    function initialize() {\n        var styles = {\n            'flatsome':  [{\n            \"featureType\": \"administrative\",\n            \"stylers\": [\n              { \"visibility\": \"on\" }\n            ]\n          },\n          {\n            \"featureType\": \"road\",\n            \"stylers\": [\n              { \"visibility\": \"on\" },\n              { \"hue\": \"#d8290b\" }\n            ]\n          },\n          {\n            \"stylers\": [\n\t\t\t  { \"visibility\": \"on\" },\n\t\t\t  { \"hue\": \"#d8290b\" },\n\t\t\t  { \"saturation\": 16 }\n            ]\n          }\n        ]};\n\n        var myLatlng = new google.maps.LatLng(47.02575, 28.79583);\n        var myOptions = {\n            zoom: 17,\n            center: myLatlng,\n            mapTypeId: google.maps.MapTypeId.ROADMAP,\n            disableDefaultUI: true,\n            mapTypeId: 'flatsome',\n            draggable: true,\n            zoomControl: true,\n            zoomControlOptions: {\n              position: google.maps.ControlPosition.TOP_LEFT\n            },\n      \t\t\t\/\/ panControl: true,\n            \/\/ panControlOptions: {\n            \/\/   position: google.maps.ControlPosition.TOP_LEFT\n            \/\/ },\n      \t\t\tmapTypeControl: false,\n            mapTypeControlOptions: {\n              position: google.maps.ControlPosition.TOP_LEFT\n            },\n      \t\t\t\/\/ scaleControl: true,\n            \/\/ scaleControlOptions: {\n            \/\/   position: google.maps.ControlPosition.TOP_LEFT\n            \/\/ },\n      \t\t\tstreetViewControl: false,\n            streetViewControlOptions: {\n              position: google.maps.ControlPosition.TOP_LEFT\n            },\n      \t\t\t\/\/ overviewMapControl: true,\n            \/\/ overviewMapControlOptions: {\n            \/\/   position: google.maps.ControlPosition.TOP_LEFT\n            \/\/ },\n            scrollwheel: false,\n            disableDoubleClickZoom: true\n        }\n        var map = new google.maps.Map(document.getElementById(\"map-3561705648-inner\"), myOptions);\n        var styledMapType = new google.maps.StyledMapType(styles['flatsome'], {name: 'flatsome'});\n        map.mapTypes.set('flatsome', styledMapType);\n\n        var marker = new google.maps.Marker({\n            position: myLatlng,\n            map: map,\n            title:\"\"\n        });\n    }\n\n    \/\/ Required to proceed\n    if (!(typeof google === 'object' && typeof google.maps === 'object')) {\n      return\n    }\n\n    initialize()\n    google.maps.event.addDomListener(window, 'resize', initialize);\n    });\n    <\/script>\n\n    <div class=\"google-map relative mb\" id=\"map-3561705648\">\n        <div class=\"map-height\" id=\"map-3561705648-inner\"><\/div>\n        <div id=\"map_overlay_top\"><\/div>\n        <div id=\"map_overlay_bottom\"><\/div>\n                  <div class=\"map_inner map-inner last-reset absolute x100 md-x100 lg-x95 y100 md-y95 lg-y95\">\n              \n<p><strong>Adresa:<\/strong><br \/>\nor. Chi\u0219in\u0103u sec. Buiucani<br \/>\nstr. I. Radu 29\/1<\/p>\n<p><strong>Orar de lucru:<\/strong><br \/>\nL-V: 09.00-18.00<br \/>\nS\u00e2: 09.00-14.00<\/p>\n         <\/div>\n       \n       \n<style>\n#map-3561705648 .map-inner {\n  background-color: rgb(242, 242, 242);\n  max-width: 79%;\n}\n#map-3561705648 .map-height {\n  height: 530px;\n}\n@media (min-width:550px) {\n  #map-3561705648 .map-inner {\n    max-width: 55%;\n  }\n}\n@media (min-width:850px) {\n  #map-3561705648 .map-inner {\n    max-width: 41%;\n  }\n  #map-3561705648 .map-height {\n    height: 440px;\n  }\n}\n<\/style>\n    <\/div>\n\n\t\n\t\t<\/div>\n\t\t\t\t\n<style>\n#col-268531609 > .col-inner {\n  padding: 0px 0px 0px 0px;\n}\n<\/style>\n\t<\/div>\n\n\t\n\n\t<div id=\"col-2048107778\" class=\"col zapisi-box medium-5 small-12 large-4\"  >\n\t\t\t\t<div class=\"col-inner\"  >\n\t\t\t\n\t\t\t\n<div class=\"row\"  id=\"row-102807895\">\n\n\t<div id=\"col-696061091\" class=\"col side-menu small-12 large-12\"  >\n\t\t\t\t<div class=\"col-inner text-left\"  >\n\t\t\t\n\t\t\t\n<ul class=\"sidebar-wrapper ul-reset\"><li id=\"nav_menu-2\" class=\"widget widget_nav_menu\"><h2 class=\"widgettitle\">TOATE SERVICIILE<\/h2>\n<div class=\"menu-uslugi-avtoservisa-rumynskij-container\"><ul id=\"menu-uslugi-avtoservisa-rumynskij\" class=\"menu\"><li id=\"menu-item-24001\" class=\"menu-item menu-item-type-post_type menu-item-object-page menu-item-24001\"><a href=\"https:\/\/tor-auto.com\/ro\/balansirovka\/\">Balansarea ro\u021bilor<\/a><\/li>\n<li id=\"menu-item-24002\" class=\"menu-item menu-item-type-post_type menu-item-object-page menu-item-24002\"><a href=\"https:\/\/tor-auto.com\/ro\/diagnosticarea-echipamentelor-electrice\/\">Diagnosticarea echipamentelor electrice<\/a><\/li>\n<li id=\"menu-item-24003\" class=\"menu-item menu-item-type-post_type menu-item-object-page menu-item-24003\"><a href=\"https:\/\/tor-auto.com\/ro\/schimbarea-placutelor-de-frana\/\">Schimbarea pl\u0103cu\u021belor de fr\u00e2n\u0103<\/a><\/li>\n<li id=\"menu-item-24004\" class=\"menu-item menu-item-type-post_type menu-item-object-page menu-item-24004\"><a href=\"https:\/\/tor-auto.com\/ro\/schimbarea-uleiului\/\">Schimbarea uleiului<\/a><\/li>\n<li id=\"menu-item-24005\" class=\"menu-item menu-item-type-post_type menu-item-object-page menu-item-24005\"><a href=\"https:\/\/tor-auto.com\/ro\/alimentarea-cu-aer-conditionat\/\">Alimentarea cu aer condi\u021bionat<\/a><\/li>\n<li id=\"menu-item-24006\" class=\"menu-item menu-item-type-post_type menu-item-object-page menu-item-24006\"><a href=\"https:\/\/tor-auto.com\/ro\/ghimpuri-anvelope\/\">ghimpuri anvelope<\/a><\/li>\n<li id=\"menu-item-24007\" class=\"menu-item menu-item-type-post_type menu-item-object-page menu-item-24007\"><a href=\"https:\/\/tor-auto.com\/ro\/diagnosticare-computerizata\/\">Diagnosticare computerizat\u0103<\/a><\/li>\n<li id=\"menu-item-24008\" class=\"menu-item menu-item-type-post_type menu-item-object-page menu-item-24008\"><a href=\"https:\/\/tor-auto.com\/ro\/umflarea-anvelopelor-cu-azot\/\">Umflarea anvelopelor cu azot<\/a><\/li>\n<li id=\"menu-item-24009\" class=\"menu-item menu-item-type-post_type menu-item-object-page menu-item-24009\"><a href=\"https:\/\/tor-auto.com\/ro\/intretinerea-bateriilor-in-garantie-si-post-garantie\/\">\u00centre\u021binerea bateriilor \u00een garan\u021bie \u0219i post-garan\u021bie<\/a><\/li>\n<li id=\"menu-item-24010\" class=\"menu-item menu-item-type-post_type menu-item-object-page menu-item-24010\"><a href=\"https:\/\/tor-auto.com\/ro\/reparatie-baterie\/\">Reparatie baterie<\/a><\/li>\n<li id=\"menu-item-24011\" class=\"menu-item menu-item-type-post_type menu-item-object-page menu-item-24011\"><a href=\"https:\/\/tor-auto.com\/ro\/reglarea-unghiului\/\">reglarea unghiului<\/a><\/li>\n<li id=\"menu-item-24012\" class=\"menu-item menu-item-type-post_type menu-item-object-page menu-item-24012\"><a href=\"https:\/\/tor-auto.com\/ro\/repararea-motorului\/\">Repararea motorului<\/a><\/li>\n<li id=\"menu-item-24013\" class=\"menu-item menu-item-type-post_type menu-item-object-page menu-item-24013\"><a href=\"https:\/\/tor-auto.com\/ro\/reparatie-sasiu\/\">Repara\u021bie \u0219asiu<\/a><\/li>\n<li id=\"menu-item-24014\" class=\"menu-item menu-item-type-post_type menu-item-object-page menu-item-24014\"><a href=\"https:\/\/tor-auto.com\/ro\/rihtovka-diskov\/\">\u00cendreptarea discului<\/a><\/li>\n<li id=\"menu-item-24015\" class=\"menu-item menu-item-type-post_type menu-item-object-page menu-item-24015\"><a href=\"https:\/\/tor-auto.com\/ro\/shinomontazh\/\">Montare anvelope<\/a><\/li>\n<\/ul><\/div><\/li><\/ul>\n\t<div id=\"gap-2142083897\" class=\"gap-element clearfix\" style=\"display:block; height:auto;\">\n\t\t\n<style>\n#gap-2142083897 {\n  padding-top: 30px;\n}\n<\/style>\n\t<\/div>\n\t\n<div class=\"row\"  id=\"row-695083587\">\n\n\t<div id=\"col-1913389458\" class=\"col hide-for-small small-12 large-12\"  >\n\t\t\t\t<div class=\"col-inner\"  >\n\t\t\t\n\t\t\t\n<div class=\"message-box relative dark\" style=\"padding-top:20px;padding-bottom:20px;\"><div class=\"message-box-bg-image bg-fill fill\" ><\/div><div class=\"message-box-bg-overlay bg-fill fill\" style=\"background-color:rgb(251, 61, 0);\"><\/div><div class=\"container relative\"><div class=\"inner last-reset\">\n<h4 style=\"text-align: center; font-size: 130%;\">\u0417\u0410\u041f\u0418\u0428\u0418\u0421\u042c \u041d\u0410 \u0420\u0415\u041c\u041e\u041d\u0422<\/h4>\n<div class=\"row align-middle align-center\"  id=\"row-1880783205\">\n\n\t<div id=\"col-1451589375\" class=\"col medium-11 small-12 large-11\"  >\n\t\t\t\t<div class=\"col-inner\"  >\n\t\t\t\n\t\t\t\n<p style=\"text-align: center;\">Pentru confortul dumneavoastr\u0103, v\u0103 rug\u0103m s\u0103 v\u0103 \u00eenregistra\u021bi \u00een prealabil pentru oricare dintre serviciile noastre.<\/p>\n\t\t<\/div>\n\t\t\t\t\n<style>\n#col-1451589375 > .col-inner {\n  margin: 20px 0px -8px 0px;\n}\n<\/style>\n\t<\/div>\n\n\t\n<\/div>\n\t<div id=\"gap-150488354\" class=\"gap-element clearfix\" style=\"display:block; height:auto;\">\n\t\t\n<style>\n#gap-150488354 {\n  padding-top: 30px;\n}\n<\/style>\n\t<\/div>\n\t\n<div class=\"row\"  id=\"row-205264840\">\n\n\t<div id=\"col-1529015442\" class=\"col small-12 large-12\"  >\n\t\t\t\t<div class=\"col-inner\"  >\n\t\t\t\n\t\t\t\n<a href=\"https:\/\/tor-auto.com\/ro\/programare\/\" target=\"_self\" class=\"button white is-large expand\"  style=\"border-radius:99px;\">\n    <span>Programare<\/span>\n  <\/a>\n\n\t\t<\/div>\n\t\t\t\t\t<\/div>\n\n\t\n<\/div>\n<\/div><\/div><\/div>\n\t\t<\/div>\n\t\t\t\t\t<\/div>\n\n\t\n<\/div>\n\t\t<\/div>\n\t\t\t\t\n<style>\n#col-696061091 > .col-inner {\n  margin: 20px 0px 0px -10px;\n}\n<\/style>\n\t<\/div>\n\n\t\n<\/div>\n\t\t<\/div>\n\t\t\t\t\n<style>\n#col-2048107778 > .col-inner {\n  padding: 0px 0px 0px 0px;\n  margin: 0px 0px 0px 0px;\n}\n<\/style>\n\t<\/div>\n\n\t\n<\/div>\n\t<section class=\"section\" id=\"section_612603600\">\n\t\t<div class=\"bg section-bg fill bg-fill bg-loaded bg-loaded\" >\n\n\t\t\t\n\t\t\t\n\t\t\t\n\n\t\t<\/div>\n\n\t\t\n\n\t\t<div class=\"section-content relative\">\n\t\t\t\n<div class=\"row align-center\"  id=\"row-778767996\">\n\n\t<div id=\"col-299900020\" class=\"col medium-10 small-12 large-10\"  >\n\t\t\t\t<div class=\"col-inner text-center\"  >\n\t\t\t\n\t\t\t\n<h2 class=\"uppercase\"><span style=\"font-size: 120%; color: #ffffff;\">Vizita\u021bi magazinul nostru<\/span><\/h2>\n<p><span style=\"font-size: 110%; color: #ffffff;\">\u00cen magazinul nostru pute\u021bi achizi\u021biona diverse produse pentru ma\u0219ina dvs. iti oferim baterii de la liderul mondial EXIDE, anvelope Vredestein si multe altele la preturi mici<\/span><\/p>\n<a href=\"\/ro\/shop\/\" target=\"_self\" class=\"button white is-large\"  >\n    <span>VEZI CATALOGUL DE PRODUSE<\/span>\n  <\/a>\n\n\t\t<\/div>\n\t\t\t\t\n<style>\n#col-299900020 > .col-inner {\n  padding: 0px 0px 0px 0px;\n  margin: -41px 0px -70px 0px;\n}\n<\/style>\n\t<\/div>\n\n\t\n<\/div>\n\t\t<\/div>\n\n\t\t\n<style>\n#section_612603600 {\n  padding-top: 60px;\n  padding-bottom: 60px;\n  min-height: 300px;\n  background-color: rgb(246, 44, 0);\n}\n<\/style>\n\t<\/section>\n\t\n","protected":false},"excerpt":{"rendered":"","protected":false},"author":1,"featured_media":938,"parent":0,"menu_order":0,"comment_status":"closed","ping_status":"closed","template":"page-blank.php","meta":{"inline_featured_image":false,"_exactmetrics_skip_tracking":false,"_exactmetrics_sitenote_active":false,"_exactmetrics_sitenote_note":"","_exactmetrics_sitenote_category":0,"footnotes":""},"class_list":["post-23883","page","type-page","status-publish","has-post-thumbnail","hentry"],"_links":{"self":[{"href":"https:\/\/tor-auto.com\/ro\/wp-json\/wp\/v2\/pages\/23883","targetHints":{"allow":["GET"]}}],"collection":[{"href":"https:\/\/tor-auto.com\/ro\/wp-json\/wp\/v2\/pages"}],"about":[{"href":"https:\/\/tor-auto.com\/ro\/wp-json\/wp\/v2\/types\/page"}],"author":[{"embeddable":true,"href":"https:\/\/tor-auto.com\/ro\/wp-json\/wp\/v2\/users\/1"}],"replies":[{"embeddable":true,"href":"https:\/\/tor-auto.com\/ro\/wp-json\/wp\/v2\/comments?post=23883"}],"version-history":[{"count":1,"href":"https:\/\/tor-auto.com\/ro\/wp-json\/wp\/v2\/pages\/23883\/revisions"}],"predecessor-version":[{"id":23886,"href":"https:\/\/tor-auto.com\/ro\/wp-json\/wp\/v2\/pages\/23883\/revisions\/23886"}],"wp:featuredmedia":[{"embeddable":true,"href":"https:\/\/tor-auto.com\/ro\/wp-json\/wp\/v2\/media\/938"}],"wp:attachment":[{"href":"https:\/\/tor-auto.com\/ro\/wp-json\/wp\/v2\/media?parent=23883"}],"curies":[{"name":"wp","href":"https:\/\/api.w.org\/{rel}","templated":true}]}}