{"id":23863,"date":"2023-12-26T16:15:47","date_gmt":"2023-12-26T14:15:47","guid":{"rendered":"https:\/\/tor-auto.com\/diagnosticarea-echipamentelor-electrice\/"},"modified":"2023-12-26T16:15:48","modified_gmt":"2023-12-26T14:15:48","slug":"diagnosticarea-echipamentelor-electrice","status":"publish","type":"page","link":"https:\/\/tor-auto.com\/ro\/diagnosticarea-echipamentelor-electrice\/","title":{"rendered":"Diagnosticarea echipamentelor electrice"},"content":{"rendered":"\n  <div class=\"banner has-hover\" id=\"banner-1990951649\">\n          <div class=\"banner-inner fill\">\n        <div class=\"banner-bg fill\" >\n            <div class=\"bg fill bg-fill bg-loaded\"><\/div>\n                        <div class=\"overlay\"><\/div>            \n                    <\/div>\n\t\t\n        <div class=\"banner-layers container\">\n            <div class=\"fill banner-link\"><\/div>            \n   <div id=\"text-box-1208155916\" class=\"text-box banner-layer x50 md-x50 lg-x50 y50 md-y50 lg-y50 res-text\">\n                                <div class=\"text-box-content text dark\">\n              \n              <div class=\"text-inner text-center\">\n                  \n<h1><span style=\"font-size: 70%;\">Diagnosticarea echipamentelor electrice ale vehiculelor<\/span><\/h1>\n<\/p>\n<a href=\"\/\/tor-auto.com\/ro\/programare\/\" target=\"_self\" class=\"button primary\"  >\n    <span>Programare la service<\/span>\n  <\/a>\n\n<a href=\"\/form-view\/2\" target=\"_self\" class=\"button white is-outline\"  >\n    <span>AFLA\u021aI PRE\u021aUL<\/span>\n  <\/a>\n\n<p><span style=\"font-size: 180%;\"><strong><span style=\"font-size: 100%;\">tel.:<\/span> <span style=\"font-size: 140%;\">022 716 191<\/span><\/strong><\/span><\/p>\n<div class=\"row\"  id=\"row-1769214417\">\n\n\t<div id=\"col-2064953894\" class=\"col medium-9 small-8 large-9\"  >\n\t\t\t\t<div class=\"col-inner text-center\"  >\n\t\t\t\n\t\t\t\n<p><span style=\"font-size: 120%;\">L-V: 09.00-18.00<\/span><br \/>\n<span style=\"font-size: 120%;\">S\u00e2: 09.00-14.00<\/span><br \/>\n<span style=\"font-size: 120%;\">or. Chi\u0219in\u0103u (sec. Buiucani)<\/span><br \/>\n<span style=\"font-size: 120%;\">str. I. Radu 29\/1<\/span><\/p>\n\t\t<\/div>\n\t\t\t\t\n<style>\n#col-2064953894 > .col-inner {\n  margin: 0px 0px -40px 0px;\n}\n<\/style>\n\t<\/div>\n\n\t\n<\/div>\n              <\/div>\n           <\/div>\n                            \n<style>\n#text-box-1208155916 {\n  width: 92%;\n}\n#text-box-1208155916 .text-box-content {\n  font-size: 100%;\n}\n@media (min-width:550px) {\n  #text-box-1208155916 {\n    width: 79%;\n  }\n}\n<\/style>\n    <\/div>\n \n        <\/div>\n      <\/div>\n\n            \n<style>\n#banner-1990951649 {\n  padding-top: 460px;\n}\n#banner-1990951649 .bg.bg-loaded {\n  background-image: url(https:\/\/tor-auto.com\/wp-content\/uploads\/2018\/12\/kompiuternaya-diagnostica-700x467.jpg);\n}\n#banner-1990951649 .overlay {\n  background-color: rgba(0, 0, 0, 0.8);\n}\n#banner-1990951649 .bg {\n  background-position: 55% 49%;\n}\n@media (min-width:550px) {\n  #banner-1990951649 {\n    padding-top: 540px;\n  }\n}\n<\/style>\n  <\/div>\n\n\n<div class=\"row row-large align-center row-divided service-page\"  id=\"row-363540457\">\n\n\t<div id=\"col-453459480\" class=\"col medium-7 small-12 large-8 col-divided\"  >\n\t\t\t\t<div class=\"col-inner\"  >\n\t\t\t\n\t\t\t\n<div class=\"container section-title-container\" ><h2 class=\"section-title section-title-normal\"><b><\/b><span class=\"section-title-main\" >Diagnosticarea echipamentelor electrice din Chi\u0219in\u0103u<\/span><b><\/b><\/h2><\/div>\n<p>Problemele electrice priveaz\u0103 ma\u0219inile moderne de func\u021bionalitatea lor de baz\u0103. Becurile nu conteaz\u0103 \u2013 vorbim de componente electrice \u0219i de un sistem de bord bazat pe senzori \u0219i unit\u0103\u021bi de control electronice (ECU). Generatorul, bateria, cablurile \u0219i blocurile de siguran\u021be sunt responsabile pentru alimentarea cu energie \u0219i distribu\u021bia acesteia.<\/p>\n<p>Sistemele electronice de control asigur\u0103 siguran\u021ba la conducerea ma\u0219inii, optimizeaz\u0103 eficien\u021ba motorului, \u00eembun\u0103t\u0103\u021be\u0219te controlabilitatea \u0219i ergonomia.<\/p>\n<h3>Sistemele electronice ale vehiculului<\/h3>\n<p>Exist\u0103 4 grupuri principale de ECU \u00een func\u021bie de scopul lor.<\/p>\n<p>1. Managementul motorului (ECM) &#8211; asigur\u0103 performan\u021ba \u201einimii\u201d ma\u0219inii, optimizeaz\u0103 caracteristicile acesteia.<\/p>\n<p>2. Controlul transmisiei (PCM). Toate ma\u0219inile cu transmisie automat\u0103 au acest sistem. Conectat structural cu ECM. Controleaz\u0103 raportul de vitez\u0103 \u0219i momentul de cuplare a ambreiajului.<\/p>\n<p>3. Managementul activ al siguran\u021bei include stabilizarea dinamic\u0103 a cursului de schimb ESP, fr\u00e2ne antiblocare ABS, controlul vitezei de croazier\u0103, senzori de stare a anvelopelor.<\/p>\n<p>4. Managementul echipamentelor \u0219i siguran\u021bei &#8211; imobilizator, alarm\u0103 \u0219i \u00eembun\u0103t\u0103\u021biri de confort (aer condi\u021bionat, senzori de parcare, comenzi electronice ale oglinzilor, scaune \u00eenc\u0103lzite etc.).<\/p>\n<h3>Diagnosticarea computerizat\u0103 a sistemelor electrice<\/h3>\n<p>Calculatorul de bord al ma\u0219inii testeaz\u0103 periodic sistemele \u0219i componentele acestora, iar dac\u0103 apar defec\u021biuni (permanente sau temporare), le \u00eenregistreaz\u0103 \u00een memoria ECU sub forma unui cod specific. \u00cen timpul diagnostic\u0103rii computerului, la sistemul de control de bord (sau la o unitate specific\u0103) este conectat un dealer sau un scaner universal bazat pe PC cu pachetul software corespunz\u0103tor \u0219i un adaptor pentru comunicarea cu ma\u0219ina.<\/p>\n<p>Re\u021bine\u021bi c\u0103 memoria unit\u0103\u021bilor electronice PCM \u0219i ECM este resetat\u0103 atunci c\u00e2nd nu exist\u0103 alimentare &#8211; ar trebui s\u0103 trage\u021bi siguran\u021ba timp de 30 de secunde sau s\u0103 deconecta\u021bi bornele de la baterie. Informa\u021biile se pierd pentru totdeauna \u0219i scanerul nu va mai afi\u0219a erori.<\/p>\n<h3>Procedura de diagnosticare a echipamentelor electrice<\/h3>\n<p>1. Colectarea datelor de la \u0219ofer. Dac\u0103 un electrician pune multe \u00eentreb\u0103ri, nu v\u0103 gr\u0103bi\u021bi s\u0103-l \u00eentrerupe\u021bi cu un furios \u201ecare dintre noi este un expert!\u201d Acesta este un fel de colec\u021bie de \u201eistorie a bolii\u201d.<\/p>\n<p>2. Inspec\u021bia extern\u0103 a componentelor \u0219i sistemelor, verificarea bateriei \u0219i a sistemului de aprindere. \u00cen 10-30% din cazuri, acest lucru este suficient pentru a detecta defec\u021biunile de alimentare \u0219i cablare.<\/p>\n<p>3. \u201eSunetul\u201d circuitelor electrice \u0219i electronice &#8211; m\u0103surarea tensiunii, a intensit\u0103\u021bii curentului pentru scurgeri, \u00eentreruperi etc.<\/p>\n<p>4. Citirea codurilor de eroare de pe computer, diagnosticarea senzorilor.<\/p>\n<p>Clopo\u021belul despre o defec\u021biune a ma\u0219inii este o desc\u0103rcare u\u0219oar\u0103, asem\u0103n\u0103toare statiei, din caroserie. Mul\u021bi electricieni auto sf\u0103tuiesc instalarea unui agent antistatic &#8211; acest lucru nu rezolv\u0103 problema, dar face dificil\u0103 g\u0103sirea motivelor pentru care ma\u0219ina este \u201eelectric\u0103\u201d. Deteriorarea izola\u021biei elementelor \u0219i pieselor conductoare electric ofer\u0103 o imagine similar\u0103. Programul minim \u00een acest caz este verificarea scurgerilor de curent. Cel mai bun mod de a face acest lucru este la un centru de service auto folosind echipamente profesionale.<\/p>\n<h3>Unde sa contactati?<\/h3>\n<p>Un electrician care este \u00eenarmat doar cu un multimetru este pu\u021bin probabil s\u0103 fac\u0103 fa\u021b\u0103 unei ma\u0219ini echipate cu electronice moderne. Diagnosticarea computerului de \u00eenalt\u0103 calitate poate fi efectuat\u0103 la sta\u021biile de service autorizate.<\/p>\n<p>Sistemele electronice sunt interconectate \u00eentre ele, cu componente mecanice, pierderea func\u021bionalit\u0103\u021bii unui senzor provoac\u0103 uzura crescut\u0103 a altor piese, ceea ce duce ulterior la defec\u021biuni grave. Costul repara\u021biilor cre\u0219te semnificativ.<\/p>\n\t<div id=\"gap-1925329008\" class=\"gap-element clearfix\" style=\"display:block; height:auto;\">\n\t\t\n<style>\n#gap-1925329008 {\n  padding-top: 30px;\n}\n<\/style>\n\t<\/div>\n\t\n<div class=\"social-icons share-icons share-row relative icon-style-outline\" style=\"font-size:95%\"><span class=\"share-icons-title\">Ac\u021biune:<\/span><a href=\"whatsapp:\/\/send?text=Diagnosticarea%20echipamentelor%20electrice - https:\/\/tor-auto.com\/ro\/diagnosticarea-echipamentelor-electrice\/\" data-action=\"share\/whatsapp\/share\" class=\"icon button circle is-outline tooltip whatsapp show-for-medium\" title=\"Share on WhatsApp\" aria-label=\"Share on WhatsApp\" ><i class=\"icon-whatsapp\" ><\/i><\/a><a href=\"https:\/\/www.facebook.com\/sharer.php?u=https:\/\/tor-auto.com\/ro\/diagnosticarea-echipamentelor-electrice\/\" data-label=\"Facebook\" onclick=\"window.open(this.href,this.title,'width=500,height=500,top=300px,left=300px'); return false;\" rel=\"noopener noreferrer nofollow\" target=\"_blank\" class=\"icon button circle is-outline tooltip facebook\" title=\"Share on Facebook\" aria-label=\"Share on Facebook\" ><i class=\"icon-facebook\" ><\/i><\/a><a href=\"https:\/\/twitter.com\/share?url=https:\/\/tor-auto.com\/ro\/diagnosticarea-echipamentelor-electrice\/\" onclick=\"window.open(this.href,this.title,'width=500,height=500,top=300px,left=300px'); return false;\" rel=\"noopener noreferrer nofollow\" target=\"_blank\" class=\"icon button circle is-outline tooltip twitter\" title=\"Share on Twitter\" aria-label=\"Share on Twitter\" ><i class=\"icon-twitter\" ><\/i><\/a><a href=\"mailto:?subject=Diagnosticarea%20echipamentelor%20electrice&body=Check%20this%20out%3A%20https%3A%2F%2Ftor-auto.com%2Fro%2Fdiagnosticarea-echipamentelor-electrice%2F\" rel=\"nofollow\" class=\"icon button circle is-outline tooltip email\" title=\"Email to a Friend\" aria-label=\"Email to a Friend\" ><i class=\"icon-envelop\" ><\/i><\/a><a href=\"https:\/\/vkontakte.ru\/share.php?url=https:\/\/tor-auto.com\/ro\/diagnosticarea-echipamentelor-electrice\/&titleDiagnosticarea%20echipamentelor%20electrice\" target=\"_blank\" onclick=\"window.open(this.href,this.title,'width=500,height=500,top=300px,left=300px'); return false;\" rel=\"noopener noreferrer nofollow\" class=\"icon button circle is-outline tooltip vk\" title=\"Share on VKontakte\" aria-label=\"Share on VKontakte\" ><i class=\"icon-vk\" ><\/i><\/a><a href=\"https:\/\/www.linkedin.com\/shareArticle?mini=true&url=https:\/\/tor-auto.com\/ro\/diagnosticarea-echipamentelor-electrice\/&title=Diagnosticarea%20echipamentelor%20electrice\" onclick=\"window.open(this.href,this.title,'width=500,height=500,top=300px,left=300px'); return false;\" rel=\"noopener noreferrer nofollow\" target=\"_blank\" class=\"icon button circle is-outline tooltip linkedin\" title=\"Share on LinkedIn\" aria-label=\"Share on LinkedIn\" ><i class=\"icon-linkedin\" ><\/i><\/a><\/div>\n\t<div id=\"gap-2021783585\" class=\"gap-element clearfix\" style=\"display:block; height:auto;\">\n\t\t\n<style>\n#gap-2021783585 {\n  padding-top: 30px;\n}\n<\/style>\n\t<\/div>\n\t\n<div class=\"row\"  id=\"row-729158829\">\n\n\t<div id=\"col-858779320\" class=\"col small-12 large-12\"  >\n\t\t\t\t<div class=\"col-inner\"  >\n\t\t\t\n\t\t\t\n<div class=\"message-box relative dark\" style=\"padding-top:30px;padding-bottom:30px;\"><div class=\"message-box-bg-image bg-fill fill\" ><\/div><div class=\"message-box-bg-overlay bg-fill fill\" style=\"background-color:rgb(0, 41, 95);\"><\/div><div class=\"container relative\"><div class=\"inner last-reset\">\n<div class=\"row align-middle align-center\"  id=\"row-1737997928\">\n\n\t<div id=\"col-99877060\" class=\"col medium-5 small-12 large-6\"  >\n\t\t\t\t<div class=\"col-inner\"  >\n\t\t\t\n\t\t\t\n<p style=\"text-align: center;\">Trimite\u021bi o cerere de \u00eenregistrare pentru <strong>DIAGNOSTIC\u0102 ECHIPAMENTE ELECTRICE<\/strong><\/p>\n\t\t<\/div>\n\t\t\t\t\t<\/div>\n\n\t\n\n\t<div id=\"col-60729480\" class=\"col medium-6 small-12 large-5\"  >\n\t\t\t\t<div class=\"col-inner text-center\"  >\n\t\t\t\n\t\t\t\n\t<div id=\"gap-847301033\" class=\"gap-element clearfix\" style=\"display:block; height:auto;\">\n\t\t\n<style>\n#gap-847301033 {\n  padding-top: 5px;\n}\n<\/style>\n\t<\/div>\n\t\n<a href=\"\/\/tor-auto.com\/ro\/programare\/\" target=\"_self\" class=\"button primary is-large expand\"  style=\"border-radius:99px;\">\n    <span>Programare la service<\/span>\n  <\/a>\n\n\t\t<\/div>\n\t\t\t\t\t<\/div>\n\n\t\n<\/div>\n<\/div><\/div><\/div>\n\t\t<\/div>\n\t\t\t\t\t<\/div>\n\n\t\n<\/div>\n<h3>PE HARTA<\/h3>\n<div class=\"is-divider divider clearfix\" style=\"margin-top:0.3em;margin-bottom:0.3em;\"><\/div>\n\n\t<script type=\"text\/javascript\">\n  jQuery( document ).ready(function() {\n    function initialize() {\n        var styles = {\n            'flatsome':  [{\n            \"featureType\": \"administrative\",\n            \"stylers\": [\n              { \"visibility\": \"on\" }\n            ]\n          },\n          {\n            \"featureType\": \"road\",\n            \"stylers\": [\n              { \"visibility\": \"on\" },\n              { \"hue\": \"#d8290b\" }\n            ]\n          },\n          {\n            \"stylers\": [\n\t\t\t  { \"visibility\": \"on\" },\n\t\t\t  { \"hue\": \"#d8290b\" },\n\t\t\t  { \"saturation\": 16 }\n            ]\n          }\n        ]};\n\n        var myLatlng = new google.maps.LatLng(47.02575, 28.79583);\n        var myOptions = {\n            zoom: 17,\n            center: myLatlng,\n            mapTypeId: google.maps.MapTypeId.ROADMAP,\n            disableDefaultUI: true,\n            mapTypeId: 'flatsome',\n            draggable: true,\n            zoomControl: true,\n            zoomControlOptions: {\n              position: google.maps.ControlPosition.TOP_LEFT\n            },\n      \t\t\t\/\/ panControl: true,\n            \/\/ panControlOptions: {\n            \/\/   position: google.maps.ControlPosition.TOP_LEFT\n            \/\/ },\n      \t\t\tmapTypeControl: false,\n            mapTypeControlOptions: {\n              position: google.maps.ControlPosition.TOP_LEFT\n            },\n      \t\t\t\/\/ scaleControl: true,\n            \/\/ scaleControlOptions: {\n            \/\/   position: google.maps.ControlPosition.TOP_LEFT\n            \/\/ },\n      \t\t\tstreetViewControl: false,\n            streetViewControlOptions: {\n              position: google.maps.ControlPosition.TOP_LEFT\n            },\n      \t\t\t\/\/ overviewMapControl: true,\n            \/\/ overviewMapControlOptions: {\n            \/\/   position: google.maps.ControlPosition.TOP_LEFT\n            \/\/ },\n            scrollwheel: false,\n            disableDoubleClickZoom: true\n        }\n        var map = new google.maps.Map(document.getElementById(\"map-3075518648-inner\"), myOptions);\n        var styledMapType = new google.maps.StyledMapType(styles['flatsome'], {name: 'flatsome'});\n        map.mapTypes.set('flatsome', styledMapType);\n\n        var marker = new google.maps.Marker({\n            position: myLatlng,\n            map: map,\n            title:\"\"\n        });\n    }\n\n    \/\/ Required to proceed\n    if (!(typeof google === 'object' && typeof google.maps === 'object')) {\n      return\n    }\n\n    initialize()\n    google.maps.event.addDomListener(window, 'resize', initialize);\n    });\n    <\/script>\n\n    <div class=\"google-map relative mb\" id=\"map-3075518648\">\n        <div class=\"map-height\" id=\"map-3075518648-inner\"><\/div>\n        <div id=\"map_overlay_top\"><\/div>\n        <div id=\"map_overlay_bottom\"><\/div>\n                  <div class=\"map_inner map-inner last-reset absolute x100 md-x100 lg-x95 y100 md-y95 lg-y95\">\n              \n<p><strong>Adresa:<\/strong><br \/>\nor. Chi\u0219in\u0103u sec. Buiucani<br \/>\nstr. I. Radu 29\/1<\/p>\n<p><strong>Orar de lucru:<\/strong><br \/>\nL-V: 09.00-18.00<br \/>\nS\u00e2: 09.00-14.00<\/p>\n         <\/div>\n       \n       \n<style>\n#map-3075518648 .map-inner {\n  background-color: rgb(242, 242, 242);\n  max-width: 79%;\n}\n#map-3075518648 .map-height {\n  height: 530px;\n}\n@media (min-width:550px) {\n  #map-3075518648 .map-inner {\n    max-width: 55%;\n  }\n}\n@media (min-width:850px) {\n  #map-3075518648 .map-inner {\n    max-width: 41%;\n  }\n  #map-3075518648 .map-height {\n    height: 440px;\n  }\n}\n<\/style>\n    <\/div>\n\n\t\n\t\t<\/div>\n\t\t\t\t\n<style>\n#col-453459480 > .col-inner {\n  padding: 0px 0px 0px 0px;\n}\n<\/style>\n\t<\/div>\n\n\t\n\n\t<div id=\"col-1740903423\" class=\"col zapisi-box medium-5 small-12 large-4\"  >\n\t\t\t\t<div class=\"col-inner\"  >\n\t\t\t\n\t\t\t\n<div class=\"row\"  id=\"row-4309292\">\n\n\t<div id=\"col-1462238967\" class=\"col side-menu small-12 large-12\"  >\n\t\t\t\t<div class=\"col-inner text-left\"  >\n\t\t\t\n\t\t\t\n<ul class=\"sidebar-wrapper ul-reset\"><li id=\"nav_menu-2\" class=\"widget widget_nav_menu\"><h2 class=\"widgettitle\">TOATE SERVICIILE<\/h2>\n<div class=\"menu-uslugi-avtoservisa-rumynskij-container\"><ul id=\"menu-uslugi-avtoservisa-rumynskij\" class=\"menu\"><li id=\"menu-item-24001\" class=\"menu-item menu-item-type-post_type menu-item-object-page menu-item-24001\"><a href=\"https:\/\/tor-auto.com\/ro\/balansirovka\/\">Balansarea ro\u021bilor<\/a><\/li>\n<li id=\"menu-item-24002\" class=\"menu-item menu-item-type-post_type menu-item-object-page menu-item-24002\"><a href=\"https:\/\/tor-auto.com\/ro\/diagnosticarea-echipamentelor-electrice\/\">Diagnosticarea echipamentelor electrice<\/a><\/li>\n<li id=\"menu-item-24003\" class=\"menu-item menu-item-type-post_type menu-item-object-page menu-item-24003\"><a href=\"https:\/\/tor-auto.com\/ro\/schimbarea-placutelor-de-frana\/\">Schimbarea pl\u0103cu\u021belor de fr\u00e2n\u0103<\/a><\/li>\n<li id=\"menu-item-24004\" class=\"menu-item menu-item-type-post_type menu-item-object-page menu-item-24004\"><a href=\"https:\/\/tor-auto.com\/ro\/schimbarea-uleiului\/\">Schimbarea uleiului<\/a><\/li>\n<li id=\"menu-item-24005\" class=\"menu-item menu-item-type-post_type menu-item-object-page menu-item-24005\"><a href=\"https:\/\/tor-auto.com\/ro\/alimentarea-cu-aer-conditionat\/\">Alimentarea cu aer condi\u021bionat<\/a><\/li>\n<li id=\"menu-item-24006\" class=\"menu-item menu-item-type-post_type menu-item-object-page menu-item-24006\"><a href=\"https:\/\/tor-auto.com\/ro\/ghimpuri-anvelope\/\">ghimpuri anvelope<\/a><\/li>\n<li id=\"menu-item-24007\" class=\"menu-item menu-item-type-post_type menu-item-object-page menu-item-24007\"><a href=\"https:\/\/tor-auto.com\/ro\/diagnosticare-computerizata\/\">Diagnosticare computerizat\u0103<\/a><\/li>\n<li id=\"menu-item-24008\" class=\"menu-item menu-item-type-post_type menu-item-object-page menu-item-24008\"><a href=\"https:\/\/tor-auto.com\/ro\/umflarea-anvelopelor-cu-azot\/\">Umflarea anvelopelor cu azot<\/a><\/li>\n<li id=\"menu-item-24009\" class=\"menu-item menu-item-type-post_type menu-item-object-page menu-item-24009\"><a href=\"https:\/\/tor-auto.com\/ro\/intretinerea-bateriilor-in-garantie-si-post-garantie\/\">\u00centre\u021binerea bateriilor \u00een garan\u021bie \u0219i post-garan\u021bie<\/a><\/li>\n<li id=\"menu-item-24010\" class=\"menu-item menu-item-type-post_type menu-item-object-page menu-item-24010\"><a href=\"https:\/\/tor-auto.com\/ro\/reparatie-baterie\/\">Reparatie baterie<\/a><\/li>\n<li id=\"menu-item-24011\" class=\"menu-item menu-item-type-post_type menu-item-object-page menu-item-24011\"><a href=\"https:\/\/tor-auto.com\/ro\/reglarea-unghiului\/\">reglarea unghiului<\/a><\/li>\n<li id=\"menu-item-24012\" class=\"menu-item menu-item-type-post_type menu-item-object-page menu-item-24012\"><a href=\"https:\/\/tor-auto.com\/ro\/repararea-motorului\/\">Repararea motorului<\/a><\/li>\n<li id=\"menu-item-24013\" class=\"menu-item menu-item-type-post_type menu-item-object-page menu-item-24013\"><a href=\"https:\/\/tor-auto.com\/ro\/reparatie-sasiu\/\">Repara\u021bie \u0219asiu<\/a><\/li>\n<li id=\"menu-item-24014\" class=\"menu-item menu-item-type-post_type menu-item-object-page menu-item-24014\"><a href=\"https:\/\/tor-auto.com\/ro\/rihtovka-diskov\/\">\u00cendreptarea discului<\/a><\/li>\n<li id=\"menu-item-24015\" class=\"menu-item menu-item-type-post_type menu-item-object-page menu-item-24015\"><a href=\"https:\/\/tor-auto.com\/ro\/shinomontazh\/\">Montare anvelope<\/a><\/li>\n<\/ul><\/div><\/li><\/ul>\n\t<div id=\"gap-629159723\" class=\"gap-element clearfix\" style=\"display:block; height:auto;\">\n\t\t\n<style>\n#gap-629159723 {\n  padding-top: 30px;\n}\n<\/style>\n\t<\/div>\n\t\n<div class=\"row\"  id=\"row-1346743966\">\n\n\t<div id=\"col-1373731108\" class=\"col hide-for-small small-12 large-12\"  >\n\t\t\t\t<div class=\"col-inner\"  >\n\t\t\t\n\t\t\t\n<div class=\"message-box relative dark\" style=\"padding-top:20px;padding-bottom:20px;\"><div class=\"message-box-bg-image bg-fill fill\" ><\/div><div class=\"message-box-bg-overlay bg-fill fill\" style=\"background-color:rgb(251, 61, 0);\"><\/div><div class=\"container relative\"><div class=\"inner last-reset\">\n<h4 style=\"text-align: center; font-size: 130%;\">\u0417\u0410\u041f\u0418\u0428\u0418\u0421\u042c \u041d\u0410 \u0420\u0415\u041c\u041e\u041d\u0422<\/h4>\n<div class=\"row align-middle align-center\"  id=\"row-464823028\">\n\n\t<div id=\"col-621295505\" class=\"col medium-11 small-12 large-11\"  >\n\t\t\t\t<div class=\"col-inner\"  >\n\t\t\t\n\t\t\t\n<p style=\"text-align: center;\">Pentru confortul dumneavoastr\u0103, v\u0103 rug\u0103m s\u0103 v\u0103 \u00eenregistra\u021bi \u00een prealabil pentru oricare dintre serviciile noastre.<\/p>\n\t\t<\/div>\n\t\t\t\t\n<style>\n#col-621295505 > .col-inner {\n  margin: 20px 0px -8px 0px;\n}\n<\/style>\n\t<\/div>\n\n\t\n<\/div>\n\t<div id=\"gap-479316014\" class=\"gap-element clearfix\" style=\"display:block; height:auto;\">\n\t\t\n<style>\n#gap-479316014 {\n  padding-top: 30px;\n}\n<\/style>\n\t<\/div>\n\t\n<div class=\"row\"  id=\"row-1433795787\">\n\n\t<div id=\"col-938325312\" class=\"col small-12 large-12\"  >\n\t\t\t\t<div class=\"col-inner\"  >\n\t\t\t\n\t\t\t\n<a href=\"https:\/\/tor-auto.com\/ro\/programare\/\" target=\"_self\" class=\"button white is-large expand\"  style=\"border-radius:99px;\">\n    <span>Programare<\/span>\n  <\/a>\n\n\t\t<\/div>\n\t\t\t\t\t<\/div>\n\n\t\n<\/div>\n<\/div><\/div><\/div>\n\t\t<\/div>\n\t\t\t\t\t<\/div>\n\n\t\n<\/div>\n\t\t<\/div>\n\t\t\t\t\n<style>\n#col-1462238967 > .col-inner {\n  margin: 20px 0px 0px -10px;\n}\n<\/style>\n\t<\/div>\n\n\t\n<\/div>\n\t\t<\/div>\n\t\t\t\t\n<style>\n#col-1740903423 > .col-inner {\n  padding: 0px 0px 0px 0px;\n  margin: 0px 0px 0px 0px;\n}\n<\/style>\n\t<\/div>\n\n\t\n<\/div>\n\t<section class=\"section\" id=\"section_2050117801\">\n\t\t<div class=\"bg section-bg fill bg-fill bg-loaded bg-loaded\" >\n\n\t\t\t\n\t\t\t\n\t\t\t\n\n\t\t<\/div>\n\n\t\t\n\n\t\t<div class=\"section-content relative\">\n\t\t\t\n<div class=\"row align-center\"  id=\"row-45270338\">\n\n\t<div id=\"col-1694162021\" class=\"col medium-10 small-12 large-10\"  >\n\t\t\t\t<div class=\"col-inner text-center\"  >\n\t\t\t\n\t\t\t\n<h2 class=\"uppercase\"><span style=\"font-size: 120%; color: #ffffff;\">VIZITA\u021aI MAGAZINUL NOSTRU<\/span><\/h2>\n<p><span style=\"font-size: 110%; color: #ffffff;\">\u00cen magazinul nostru pute\u021bi achizi\u021biona diverse produse pentru ma\u0219ina dvs. iti oferim baterii de la liderul mondial EXIDE, anvelope Vredestein si multe altele la preturi mici<\/span><\/p>\n<a href=\"\/ro\/shop\/\" target=\"_self\" class=\"button white is-large\"  >\n    <span>VEZI CATALOGUL DE PRODUSE<\/span>\n  <\/a>\n\n\t\t<\/div>\n\t\t\t\t\n<style>\n#col-1694162021 > .col-inner {\n  padding: 0px 0px 0px 0px;\n  margin: -41px 0px -70px 0px;\n}\n<\/style>\n\t<\/div>\n\n\t\n<\/div>\n\t\t<\/div>\n\n\t\t\n<style>\n#section_2050117801 {\n  padding-top: 60px;\n  padding-bottom: 60px;\n  min-height: 300px;\n  background-color: rgb(246, 44, 0);\n}\n<\/style>\n\t<\/section>\n\t\n","protected":false},"excerpt":{"rendered":"","protected":false},"author":1,"featured_media":0,"parent":0,"menu_order":0,"comment_status":"closed","ping_status":"closed","template":"page-blank.php","meta":{"inline_featured_image":false,"_exactmetrics_skip_tracking":false,"_exactmetrics_sitenote_active":false,"_exactmetrics_sitenote_note":"","_exactmetrics_sitenote_category":0,"footnotes":""},"class_list":["post-23863","page","type-page","status-publish","hentry"],"_links":{"self":[{"href":"https:\/\/tor-auto.com\/ro\/wp-json\/wp\/v2\/pages\/23863","targetHints":{"allow":["GET"]}}],"collection":[{"href":"https:\/\/tor-auto.com\/ro\/wp-json\/wp\/v2\/pages"}],"about":[{"href":"https:\/\/tor-auto.com\/ro\/wp-json\/wp\/v2\/types\/page"}],"author":[{"embeddable":true,"href":"https:\/\/tor-auto.com\/ro\/wp-json\/wp\/v2\/users\/1"}],"replies":[{"embeddable":true,"href":"https:\/\/tor-auto.com\/ro\/wp-json\/wp\/v2\/comments?post=23863"}],"version-history":[{"count":1,"href":"https:\/\/tor-auto.com\/ro\/wp-json\/wp\/v2\/pages\/23863\/revisions"}],"predecessor-version":[{"id":23868,"href":"https:\/\/tor-auto.com\/ro\/wp-json\/wp\/v2\/pages\/23863\/revisions\/23868"}],"wp:attachment":[{"href":"https:\/\/tor-auto.com\/ro\/wp-json\/wp\/v2\/media?parent=23863"}],"curies":[{"name":"wp","href":"https:\/\/api.w.org\/{rel}","templated":true}]}}