{"id":23843,"date":"2023-12-25T16:38:53","date_gmt":"2023-12-25T14:38:53","guid":{"rendered":"https:\/\/tor-auto.com\/umflarea-anvelopelor-cu-azot\/"},"modified":"2023-12-25T16:38:54","modified_gmt":"2023-12-25T14:38:54","slug":"umflarea-anvelopelor-cu-azot","status":"publish","type":"page","link":"https:\/\/tor-auto.com\/ro\/umflarea-anvelopelor-cu-azot\/","title":{"rendered":"Umflarea anvelopelor cu azot"},"content":{"rendered":"\t<section class=\"section dark\" id=\"section_1385623534\">\n\t\t<div class=\"bg section-bg fill bg-fill bg-loaded bg-loaded\" >\n\n\t\t\t\n\t\t\t<div class=\"section-bg-overlay absolute fill\"><\/div>\n\t\t\t\n\n\t\t<\/div>\n\n\t\t\n\n\t\t<div class=\"section-content relative\">\n\t\t\t\n\n  <div class=\"banner has-hover\" id=\"banner-1427765913\">\n          <div class=\"banner-inner fill\">\n        <div class=\"banner-bg fill\" >\n            <div class=\"bg fill bg-fill bg-loaded\"><\/div>\n                        <div class=\"overlay\"><\/div>            \n                    <\/div>\n\t\t\n        <div class=\"banner-layers container\">\n            <div class=\"fill banner-link\"><\/div>            \n   <div id=\"text-box-29710933\" class=\"text-box banner-layer x50 md-x50 lg-x50 y50 md-y50 lg-y50 res-text\">\n                                <div class=\"text-box-content text dark\">\n              \n              <div class=\"text-inner text-center\">\n                  \n<h1><span style=\"font-size: 100%;\">Umflarea anvelopelor cu azot<\/span><\/h1>\n<p>Utilizarea azotului \u00een loc de aer obi\u0219nuit \u00eembun\u0103t\u0103\u021be\u0219te performan\u021ba anvelopei \u0219i asigur\u0103 siguran\u021ba rutier\u0103<\/p>\n<a href=\"\/\/tor-auto.com\/ro\/programare\/\" target=\"_self\" class=\"button primary\"  >\n    <span>\u00censcrie\u021bi-v\u0103 pentru o pomp\u0103 de azot<\/span>\n  <\/a>\n\n<a href=\"\/form-view\/2\" target=\"_self\" class=\"button white is-outline\"  >\n    <span>Afla\u021bi pre\u021bul<\/span>\n  <\/a>\n\n<p><span style=\"font-size: 180%;\"><strong><span style=\"font-size: 100%;\">tel.:<\/span> <span style=\"font-size: 140%;\">022 716 191<\/span><\/strong><\/span><\/p>\n<p><span style=\"font-size: 120%;\">L-V: 09.00-18.00<\/span><br \/>\n<span style=\"font-size: 120%;\">S\u00e2: 09.00-14.00<\/span><br \/>\n<span style=\"font-size: 120%;\">or. Chi\u0219in\u0103u (sec. Buiucani)<\/span><br \/>\n<span style=\"font-size: 120%;\">str. I. Radu 29\/1<\/span><\/p>\n              <\/div>\n           <\/div>\n                            \n<style>\n#text-box-29710933 {\n  width: 60%;\n}\n#text-box-29710933 .text-box-content {\n  font-size: 100%;\n}\n<\/style>\n    <\/div>\n \n        <\/div>\n      <\/div>\n\n            \n<style>\n#banner-1427765913 {\n  padding-top: 500px;\n}\n#banner-1427765913 .bg.bg-loaded {\n  background-image: url(https:\/\/tor-auto.com\/wp-content\/uploads\/2018\/12\/nakacika-azotom-700x467.jpg);\n}\n#banner-1427765913 .overlay {\n  background-color: rgba(0, 0, 0, 0.66);\n}\n<\/style>\n  <\/div>\n\n\n\t\t<\/div>\n\n\t\t\n<style>\n#section_1385623534 {\n  padding-top: 0px;\n  padding-bottom: 0px;\n  min-height: 500px;\n  background-color: rgb(0, 94, 216);\n}\n#section_1385623534 .section-bg-overlay {\n  background-color: rgba(0, 0, 0, 0.6);\n}\n<\/style>\n\t<\/section>\n\t\n<div class=\"row row-large align-center row-divided service-page\"  id=\"row-2103083851\">\n\n\t<div id=\"col-1657681753\" class=\"col medium-7 small-12 large-8 col-divided\"  >\n\t\t\t\t<div class=\"col-inner\"  >\n\t\t\t\n\t\t\t\n<div class=\"container section-title-container\" ><h2 class=\"section-title section-title-normal\"><b><\/b><span class=\"section-title-main\" >Umflarea anvelopelor cu azot la Chi\u0219in\u0103u<\/span><b><\/b><\/h2><\/div>\n<div class=\"js-hidden_dust hide_after\">\n<div class=\"js-max_height\">\n<p><strong>De ce trebuie s\u0103 umfla\u021bi ro\u021bile cu azot? Care sunt beneficiile azotului injectat \u00een anvelope?<\/strong><\/p>\n<p>Azotul este sinonim cu siguran\u021b\u0103 pentru anvelope \u0219i pentru \u0219oferii care \u00eel folosesc. \u00cen general, aerul din interiorul unei anvelope este format din oxigen, azot \u0219i abur, dar oxigenul \u0219i aburul provoac\u0103 scurgeri de presiune deoarece moleculele lor sunt mai mici \u0219i se deplaseaz\u0103 mult mai repede prin pere\u021bii anvelopei.<\/p>\n<p>\u0218i nu trec pur \u0219i simplu! Intr\u0103 prin camer\u0103, oxigenul oxideaz\u0103 cordonul, inelul \u0219i discul. Acest lucru afecteaz\u0103 rezisten\u021ba ro\u021bii \u0219i, \u00een consecin\u021b\u0103, siguran\u021ba la conducere.<\/p>\n<p>Folosind azot pentru a umfla anvelopele, \u0219oferul prime\u0219te:<\/p>\n<ul>\n<li>prevenirea \u00eemb\u0103tr\u00e2nirii anvelopelor \u0219i a coroziunii ro\u021bilor<\/li>\n<li>reducerea probabilit\u0103\u021bii unei explozii a anvelopei \u0219i lipsa \u00eenc\u0103lzirii anvelopei la viteze mari \u0219i atunci c\u00e2nd sistemul de fr\u00e2nare \u201ese blocheaz\u0103\u201d, deoarece nu exist\u0103 oxigen, care este un element de expansiune (acest lucru este deosebit de important pentru camioane)<\/li>\n<li>cre\u0219terea stabilit\u0103\u021bii presiunii \u00een anvelope (pute\u021bi verifica presiunea \u00een anvelope mai rar &#8211; aproximativ o dat\u0103 la trei s\u0103pt\u0103m\u00e2ni)<\/li>\n<li>\u00eembun\u0103t\u0103\u021birea aderen\u021bei la drum, deoarece Azotul \u00een forma sa pur\u0103 are propriet\u0103\u021bi de amortizare sporite \u0219i, odat\u0103 cu el, roata func\u021bioneaz\u0103 ca un amortizor suplimentar.<\/li>\n<\/ul>\n<h3>Ce alte beneficii ofer\u0103 umflarea anvelopelor cu azot?<\/h3>\n<ul>\n<li>Cre\u0219terea fine\u021bei \u0219i moliciunii dep\u0103\u0219irii suprafe\u021belor de drum neuniforme<\/li>\n<li>\u00cembun\u0103t\u0103\u021birea absorb\u021biei \u0219ocurilor la ro\u021bi \u0219i reducerea sarcinii asupra suspensiei vehiculului<\/li>\n<li>\u00cembun\u0103t\u0103\u021birea manevrabilit\u0103\u021bii ma\u0219inii<\/li>\n<li>Stabilitate \u00eembun\u0103t\u0103\u021bit\u0103 la viraje, schimbarea benzii \u0219i \u00eembinarea pe marginea drumului<\/li>\n<li>Aderen\u021b\u0103 \u00eembun\u0103t\u0103\u021bit\u0103 la drum \u0219i distan\u021b\u0103 de fr\u00e2nare redus\u0103<\/li>\n<li>\u0423\u043c\u0435\u043d\u044c\u0448\u0435\u043d\u0438\u0435 \u043f\u0440\u043e\u0431\u0443\u043a\u0441\u043e\u0432\u043a\u0438 \u043a\u043e\u043b\u0435\u0441 \u043f\u0440\u0438 \u044d\u043a\u0441\u0442\u0440\u0435\u043d\u043d\u043e\u043c \u0441\u0442\u0430\u0440\u0442\u0435Reducerea alunec\u0103rii ro\u021bilor \u00een timpul unei porniri de urgen\u021b\u0103<\/li>\n<li>Reducerea zgomotului \u0219i vibra\u021biilor de la contactul anvelopei cu suprafa\u021ba drumului<\/li>\n<li>Reducere semnificativ\u0103 a fluctua\u021biilor presiunii \u00een anvelope, indiferent de viteza vehiculului, sarcin\u0103 \u0219i temperatura ambiant\u0103<\/li>\n<li>\u00cembun\u0103t\u0103\u021birea performan\u021bei ro\u021bilor la sarcini \u0219i temperaturi crescute<\/li>\n<li>Reducerea uzurii anvelopelor \u0219i asigurarea uzurii uniforme<\/li>\n<li>Reducerea probabilit\u0103\u021bii de deteriorare a discului la c\u0103derea \u00eentr-o gaur\u0103, lovirea unei borduri etc.<\/li>\n<li>Eliminarea proceselor de oxidare a cablului de o\u021bel al anvelopelor \u0219i a materialului ro\u021bii<\/li>\n<\/ul>\n<p>Folosirea azotului \u00een loc de aer obi\u0219nuit nu numai c\u0103 \u00eembun\u0103t\u0103\u021be\u0219te performan\u021ba anvelopelor, dar v\u0103 ofer\u0103 \u0219i siguran\u021b\u0103 rutier\u0103 sporit\u0103!<\/p>\n<\/div>\n<\/div>\n\t<div id=\"gap-541421736\" class=\"gap-element clearfix\" style=\"display:block; height:auto;\">\n\t\t\n<style>\n#gap-541421736 {\n  padding-top: 30px;\n}\n<\/style>\n\t<\/div>\n\t\n<div class=\"social-icons share-icons share-row relative icon-style-outline\" style=\"font-size:95%\"><span class=\"share-icons-title\">Ac\u021biune:<\/span><a href=\"whatsapp:\/\/send?text=Umflarea%20anvelopelor%20cu%20azot - https:\/\/tor-auto.com\/ro\/umflarea-anvelopelor-cu-azot\/\" data-action=\"share\/whatsapp\/share\" class=\"icon button circle is-outline tooltip whatsapp show-for-medium\" title=\"Share on WhatsApp\" aria-label=\"Share on WhatsApp\" ><i class=\"icon-whatsapp\" ><\/i><\/a><a href=\"https:\/\/www.facebook.com\/sharer.php?u=https:\/\/tor-auto.com\/ro\/umflarea-anvelopelor-cu-azot\/\" data-label=\"Facebook\" onclick=\"window.open(this.href,this.title,'width=500,height=500,top=300px,left=300px'); return false;\" rel=\"noopener noreferrer nofollow\" target=\"_blank\" class=\"icon button circle is-outline tooltip facebook\" title=\"Share on Facebook\" aria-label=\"Share on Facebook\" ><i class=\"icon-facebook\" ><\/i><\/a><a href=\"https:\/\/twitter.com\/share?url=https:\/\/tor-auto.com\/ro\/umflarea-anvelopelor-cu-azot\/\" onclick=\"window.open(this.href,this.title,'width=500,height=500,top=300px,left=300px'); return false;\" rel=\"noopener noreferrer nofollow\" target=\"_blank\" class=\"icon button circle is-outline tooltip twitter\" title=\"Share on Twitter\" aria-label=\"Share on Twitter\" ><i class=\"icon-twitter\" ><\/i><\/a><a href=\"mailto:?subject=Umflarea%20anvelopelor%20cu%20azot&body=Check%20this%20out%3A%20https%3A%2F%2Ftor-auto.com%2Fro%2Fumflarea-anvelopelor-cu-azot%2F\" rel=\"nofollow\" class=\"icon button circle is-outline tooltip email\" title=\"Email to a Friend\" aria-label=\"Email to a Friend\" ><i class=\"icon-envelop\" ><\/i><\/a><a href=\"https:\/\/vkontakte.ru\/share.php?url=https:\/\/tor-auto.com\/ro\/umflarea-anvelopelor-cu-azot\/&titleUmflarea%20anvelopelor%20cu%20azot\" target=\"_blank\" onclick=\"window.open(this.href,this.title,'width=500,height=500,top=300px,left=300px'); return false;\" rel=\"noopener noreferrer nofollow\" class=\"icon button circle is-outline tooltip vk\" title=\"Share on VKontakte\" aria-label=\"Share on VKontakte\" ><i class=\"icon-vk\" ><\/i><\/a><a href=\"https:\/\/www.linkedin.com\/shareArticle?mini=true&url=https:\/\/tor-auto.com\/ro\/umflarea-anvelopelor-cu-azot\/&title=Umflarea%20anvelopelor%20cu%20azot\" onclick=\"window.open(this.href,this.title,'width=500,height=500,top=300px,left=300px'); return false;\" rel=\"noopener noreferrer nofollow\" target=\"_blank\" class=\"icon button circle is-outline tooltip linkedin\" title=\"Share on LinkedIn\" aria-label=\"Share on LinkedIn\" ><i class=\"icon-linkedin\" ><\/i><\/a><\/div>\n\t<div id=\"gap-2067492304\" class=\"gap-element clearfix\" style=\"display:block; height:auto;\">\n\t\t\n<style>\n#gap-2067492304 {\n  padding-top: 30px;\n}\n<\/style>\n\t<\/div>\n\t\n<div class=\"row\"  id=\"row-1711089830\">\n\n\t<div id=\"col-701648131\" class=\"col small-12 large-12\"  >\n\t\t\t\t<div class=\"col-inner\"  >\n\t\t\t\n\t\t\t\n<div class=\"message-box relative dark\" style=\"padding-top:30px;padding-bottom:30px;\"><div class=\"message-box-bg-image bg-fill fill\" ><\/div><div class=\"message-box-bg-overlay bg-fill fill\" style=\"background-color:rgb(0, 41, 95);\"><\/div><div class=\"container relative\"><div class=\"inner last-reset\">\n<div class=\"row align-middle align-center\"  id=\"row-1359545630\">\n\n\t<div id=\"col-787731506\" class=\"col medium-5 small-12 large-6\"  >\n\t\t\t\t<div class=\"col-inner\"  >\n\t\t\t\n\t\t\t\n<p style=\"text-align: center;\">Trimite\u021bi o cerere pentru o programare pentru a <strong>pompa anvelopele cu azot<\/strong><\/p>\n\t\t<\/div>\n\t\t\t\t\t<\/div>\n\n\t\n\n\t<div id=\"col-1302783738\" class=\"col medium-6 small-12 large-5\"  >\n\t\t\t\t<div class=\"col-inner text-center\"  >\n\t\t\t\n\t\t\t\n\t<div id=\"gap-36917891\" class=\"gap-element clearfix\" style=\"display:block; height:auto;\">\n\t\t\n<style>\n#gap-36917891 {\n  padding-top: 5px;\n}\n<\/style>\n\t<\/div>\n\t\n<a href=\"\/\/tor-auto.com\/ro\/programare\/\" target=\"_self\" class=\"button primary is-large expand\"  style=\"border-radius:99px;\">\n    <span>Programare la service<\/span>\n  <\/a>\n\n\t\t<\/div>\n\t\t\t\t\t<\/div>\n\n\t\n<\/div>\n<\/div><\/div><\/div>\n\t\t<\/div>\n\t\t\t\t\t<\/div>\n\n\t\n<\/div>\n<h3>PE HARTA<\/h3>\n<div class=\"is-divider divider clearfix\" style=\"margin-top:0.3em;margin-bottom:0.3em;\"><\/div>\n\n\t<script type=\"text\/javascript\">\n  jQuery( document ).ready(function() {\n    function initialize() {\n        var styles = {\n            'flatsome':  [{\n            \"featureType\": \"administrative\",\n            \"stylers\": [\n              { \"visibility\": \"on\" }\n            ]\n          },\n          {\n            \"featureType\": \"road\",\n            \"stylers\": [\n              { \"visibility\": \"on\" },\n              { \"hue\": \"#d8290b\" }\n            ]\n          },\n          {\n            \"stylers\": [\n\t\t\t  { \"visibility\": \"on\" },\n\t\t\t  { \"hue\": \"#d8290b\" },\n\t\t\t  { \"saturation\": 16 }\n            ]\n          }\n        ]};\n\n        var myLatlng = new google.maps.LatLng(47.02575, 28.79583);\n        var myOptions = {\n            zoom: 17,\n            center: myLatlng,\n            mapTypeId: google.maps.MapTypeId.ROADMAP,\n            disableDefaultUI: true,\n            mapTypeId: 'flatsome',\n            draggable: true,\n            zoomControl: true,\n            zoomControlOptions: {\n              position: google.maps.ControlPosition.TOP_LEFT\n            },\n      \t\t\t\/\/ panControl: true,\n            \/\/ panControlOptions: {\n            \/\/   position: google.maps.ControlPosition.TOP_LEFT\n            \/\/ },\n      \t\t\tmapTypeControl: false,\n            mapTypeControlOptions: {\n              position: google.maps.ControlPosition.TOP_LEFT\n            },\n      \t\t\t\/\/ scaleControl: true,\n            \/\/ scaleControlOptions: {\n            \/\/   position: google.maps.ControlPosition.TOP_LEFT\n            \/\/ },\n      \t\t\tstreetViewControl: false,\n            streetViewControlOptions: {\n              position: google.maps.ControlPosition.TOP_LEFT\n            },\n      \t\t\t\/\/ overviewMapControl: true,\n            \/\/ overviewMapControlOptions: {\n            \/\/   position: google.maps.ControlPosition.TOP_LEFT\n            \/\/ },\n            scrollwheel: false,\n            disableDoubleClickZoom: true\n        }\n        var map = new google.maps.Map(document.getElementById(\"map-2056659514-inner\"), myOptions);\n        var styledMapType = new google.maps.StyledMapType(styles['flatsome'], {name: 'flatsome'});\n        map.mapTypes.set('flatsome', styledMapType);\n\n        var marker = new google.maps.Marker({\n            position: myLatlng,\n            map: map,\n            title:\"\"\n        });\n    }\n\n    \/\/ Required to proceed\n    if (!(typeof google === 'object' && typeof google.maps === 'object')) {\n      return\n    }\n\n    initialize()\n    google.maps.event.addDomListener(window, 'resize', initialize);\n    });\n    <\/script>\n\n    <div class=\"google-map relative mb\" id=\"map-2056659514\">\n        <div class=\"map-height\" id=\"map-2056659514-inner\"><\/div>\n        <div id=\"map_overlay_top\"><\/div>\n        <div id=\"map_overlay_bottom\"><\/div>\n                  <div class=\"map_inner map-inner last-reset absolute x100 md-x100 lg-x95 y100 md-y95 lg-y95\">\n              \n<p><strong>Adresa:<\/strong><br \/>\nor. Chi\u0219in\u0103u sec. Buiucani<br \/>\nstr. I. Radu 29\/1<\/p>\n<p><strong>Orar de lucru:<\/strong><br \/>\nL-V: 09.00-18.00<br \/>\nS\u00e2: 09.00-14.00<\/p>\n         <\/div>\n       \n       \n<style>\n#map-2056659514 .map-inner {\n  background-color: rgb(242, 242, 242);\n  max-width: 79%;\n}\n#map-2056659514 .map-height {\n  height: 530px;\n}\n@media (min-width:550px) {\n  #map-2056659514 .map-inner {\n    max-width: 55%;\n  }\n}\n@media (min-width:850px) {\n  #map-2056659514 .map-inner {\n    max-width: 41%;\n  }\n  #map-2056659514 .map-height {\n    height: 440px;\n  }\n}\n<\/style>\n    <\/div>\n\n\t\n\t\t<\/div>\n\t\t\t\t\n<style>\n#col-1657681753 > .col-inner {\n  padding: 0px 0px 0px 0px;\n}\n<\/style>\n\t<\/div>\n\n\t\n\n\t<div id=\"col-1008191698\" class=\"col zapisi-box medium-5 small-12 large-4\"  >\n\t\t\t\t<div class=\"col-inner\"  >\n\t\t\t\n\t\t\t\n<div class=\"row\"  id=\"row-541205652\">\n\n\t<div id=\"col-1420111713\" class=\"col side-menu small-12 large-12\"  >\n\t\t\t\t<div class=\"col-inner text-left\"  >\n\t\t\t\n\t\t\t\n<ul class=\"sidebar-wrapper ul-reset\"><li id=\"nav_menu-2\" class=\"widget widget_nav_menu\"><h2 class=\"widgettitle\">TOATE SERVICIILE<\/h2>\n<div class=\"menu-uslugi-avtoservisa-rumynskij-container\"><ul id=\"menu-uslugi-avtoservisa-rumynskij\" class=\"menu\"><li id=\"menu-item-24001\" class=\"menu-item menu-item-type-post_type menu-item-object-page menu-item-24001\"><a href=\"https:\/\/tor-auto.com\/ro\/balansirovka\/\">Balansarea ro\u021bilor<\/a><\/li>\n<li id=\"menu-item-24002\" class=\"menu-item menu-item-type-post_type menu-item-object-page menu-item-24002\"><a href=\"https:\/\/tor-auto.com\/ro\/diagnosticarea-echipamentelor-electrice\/\">Diagnosticarea echipamentelor electrice<\/a><\/li>\n<li id=\"menu-item-24003\" class=\"menu-item menu-item-type-post_type menu-item-object-page menu-item-24003\"><a href=\"https:\/\/tor-auto.com\/ro\/schimbarea-placutelor-de-frana\/\">Schimbarea pl\u0103cu\u021belor de fr\u00e2n\u0103<\/a><\/li>\n<li id=\"menu-item-24004\" class=\"menu-item menu-item-type-post_type menu-item-object-page menu-item-24004\"><a href=\"https:\/\/tor-auto.com\/ro\/schimbarea-uleiului\/\">Schimbarea uleiului<\/a><\/li>\n<li id=\"menu-item-24005\" class=\"menu-item menu-item-type-post_type menu-item-object-page menu-item-24005\"><a href=\"https:\/\/tor-auto.com\/ro\/alimentarea-cu-aer-conditionat\/\">Alimentarea cu aer condi\u021bionat<\/a><\/li>\n<li id=\"menu-item-24006\" class=\"menu-item menu-item-type-post_type menu-item-object-page menu-item-24006\"><a href=\"https:\/\/tor-auto.com\/ro\/ghimpuri-anvelope\/\">ghimpuri anvelope<\/a><\/li>\n<li id=\"menu-item-24007\" class=\"menu-item menu-item-type-post_type menu-item-object-page menu-item-24007\"><a href=\"https:\/\/tor-auto.com\/ro\/diagnosticare-computerizata\/\">Diagnosticare computerizat\u0103<\/a><\/li>\n<li id=\"menu-item-24008\" class=\"menu-item menu-item-type-post_type menu-item-object-page menu-item-24008\"><a href=\"https:\/\/tor-auto.com\/ro\/umflarea-anvelopelor-cu-azot\/\">Umflarea anvelopelor cu azot<\/a><\/li>\n<li id=\"menu-item-24009\" class=\"menu-item menu-item-type-post_type menu-item-object-page menu-item-24009\"><a href=\"https:\/\/tor-auto.com\/ro\/intretinerea-bateriilor-in-garantie-si-post-garantie\/\">\u00centre\u021binerea bateriilor \u00een garan\u021bie \u0219i post-garan\u021bie<\/a><\/li>\n<li id=\"menu-item-24010\" class=\"menu-item menu-item-type-post_type menu-item-object-page menu-item-24010\"><a href=\"https:\/\/tor-auto.com\/ro\/reparatie-baterie\/\">Reparatie baterie<\/a><\/li>\n<li id=\"menu-item-24011\" class=\"menu-item menu-item-type-post_type menu-item-object-page menu-item-24011\"><a href=\"https:\/\/tor-auto.com\/ro\/reglarea-unghiului\/\">reglarea unghiului<\/a><\/li>\n<li id=\"menu-item-24012\" class=\"menu-item menu-item-type-post_type menu-item-object-page menu-item-24012\"><a href=\"https:\/\/tor-auto.com\/ro\/repararea-motorului\/\">Repararea motorului<\/a><\/li>\n<li id=\"menu-item-24013\" class=\"menu-item menu-item-type-post_type menu-item-object-page menu-item-24013\"><a href=\"https:\/\/tor-auto.com\/ro\/reparatie-sasiu\/\">Repara\u021bie \u0219asiu<\/a><\/li>\n<li id=\"menu-item-24014\" class=\"menu-item menu-item-type-post_type menu-item-object-page menu-item-24014\"><a href=\"https:\/\/tor-auto.com\/ro\/rihtovka-diskov\/\">\u00cendreptarea discului<\/a><\/li>\n<li id=\"menu-item-24015\" class=\"menu-item menu-item-type-post_type menu-item-object-page menu-item-24015\"><a href=\"https:\/\/tor-auto.com\/ro\/shinomontazh\/\">Montare anvelope<\/a><\/li>\n<\/ul><\/div><\/li><\/ul>\n\t<div id=\"gap-160538691\" class=\"gap-element clearfix\" style=\"display:block; height:auto;\">\n\t\t\n<style>\n#gap-160538691 {\n  padding-top: 30px;\n}\n<\/style>\n\t<\/div>\n\t\n<div class=\"row\"  id=\"row-1976723129\">\n\n\t<div id=\"col-841574976\" class=\"col hide-for-small small-12 large-12\"  >\n\t\t\t\t<div class=\"col-inner\"  >\n\t\t\t\n\t\t\t\n<div class=\"message-box relative dark\" style=\"padding-top:20px;padding-bottom:20px;\"><div class=\"message-box-bg-image bg-fill fill\" ><\/div><div class=\"message-box-bg-overlay bg-fill fill\" style=\"background-color:rgb(251, 61, 0);\"><\/div><div class=\"container relative\"><div class=\"inner last-reset\">\n<h4 style=\"text-align: center; font-size: 130%;\">\u0417\u0410\u041f\u0418\u0428\u0418\u0421\u042c \u041d\u0410 \u0420\u0415\u041c\u041e\u041d\u0422<\/h4>\n<div class=\"row align-middle align-center\"  id=\"row-1356355701\">\n\n\t<div id=\"col-269793119\" class=\"col medium-11 small-12 large-11\"  >\n\t\t\t\t<div class=\"col-inner\"  >\n\t\t\t\n\t\t\t\n<p style=\"text-align: center;\">Pentru confortul dumneavoastr\u0103, v\u0103 rug\u0103m s\u0103 v\u0103 \u00eenregistra\u021bi \u00een prealabil pentru oricare dintre serviciile noastre.<\/p>\n\t\t<\/div>\n\t\t\t\t\n<style>\n#col-269793119 > .col-inner {\n  margin: 20px 0px -8px 0px;\n}\n<\/style>\n\t<\/div>\n\n\t\n<\/div>\n\t<div id=\"gap-134304481\" class=\"gap-element clearfix\" style=\"display:block; height:auto;\">\n\t\t\n<style>\n#gap-134304481 {\n  padding-top: 30px;\n}\n<\/style>\n\t<\/div>\n\t\n<div class=\"row\"  id=\"row-1344432727\">\n\n\t<div id=\"col-628636919\" class=\"col small-12 large-12\"  >\n\t\t\t\t<div class=\"col-inner\"  >\n\t\t\t\n\t\t\t\n<a href=\"https:\/\/tor-auto.com\/ro\/programare\/\" target=\"_self\" class=\"button white is-large expand\"  style=\"border-radius:99px;\">\n    <span>Programare<\/span>\n  <\/a>\n\n\t\t<\/div>\n\t\t\t\t\t<\/div>\n\n\t\n<\/div>\n<\/div><\/div><\/div>\n\t\t<\/div>\n\t\t\t\t\t<\/div>\n\n\t\n<\/div>\n\t\t<\/div>\n\t\t\t\t\n<style>\n#col-1420111713 > .col-inner {\n  margin: 20px 0px 0px -10px;\n}\n<\/style>\n\t<\/div>\n\n\t\n<\/div>\n\t\t<\/div>\n\t\t\t\t\n<style>\n#col-1008191698 > .col-inner {\n  padding: 0px 0px 0px 0px;\n  margin: 0px 0px 0px 0px;\n}\n<\/style>\n\t<\/div>\n\n\t\n<\/div>\n\t<section class=\"section\" id=\"section_1710097126\">\n\t\t<div class=\"bg section-bg fill bg-fill bg-loaded bg-loaded\" >\n\n\t\t\t\n\t\t\t\n\t\t\t\n\n\t\t<\/div>\n\n\t\t\n\n\t\t<div class=\"section-content relative\">\n\t\t\t\n<div class=\"row align-center\"  id=\"row-704133518\">\n\n\t<div id=\"col-586855967\" class=\"col medium-10 small-12 large-10\"  >\n\t\t\t\t<div class=\"col-inner text-center\"  >\n\t\t\t\n\t\t\t\n<h2 class=\"uppercase\"><span style=\"font-size: 120%; color: #ffffff;\">Vizita\u021bi magazinul nostru<\/span><\/h2>\n<p><span style=\"font-size: 110%; color: #ffffff;\">\u00cen magazinul nostru pute\u021bi achizi\u021biona diverse produse pentru ma\u0219ina dvs. iti oferim baterii de la liderul mondial EXIDE, anvelope Vredestein si multe altele la preturi mici<\/span><\/p>\n<a href=\"\/ro\/shop\/\" target=\"_self\" class=\"button white is-large\"  >\n    <span>VEZI CATALOGUL DE PRODUSE<\/span>\n  <\/a>\n\n\t\t<\/div>\n\t\t\t\t\n<style>\n#col-586855967 > .col-inner {\n  padding: 0px 0px 0px 0px;\n  margin: -41px 0px -70px 0px;\n}\n<\/style>\n\t<\/div>\n\n\t\n<\/div>\n\t\t<\/div>\n\n\t\t\n<style>\n#section_1710097126 {\n  padding-top: 60px;\n  padding-bottom: 60px;\n  min-height: 300px;\n  background-color: rgb(246, 44, 0);\n}\n<\/style>\n\t<\/section>\n\t\n","protected":false},"excerpt":{"rendered":"","protected":false},"author":1,"featured_media":0,"parent":0,"menu_order":0,"comment_status":"closed","ping_status":"closed","template":"page-blank.php","meta":{"inline_featured_image":false,"_exactmetrics_skip_tracking":false,"_exactmetrics_sitenote_active":false,"_exactmetrics_sitenote_note":"","_exactmetrics_sitenote_category":0,"footnotes":""},"class_list":["post-23843","page","type-page","status-publish","hentry"],"_links":{"self":[{"href":"https:\/\/tor-auto.com\/ro\/wp-json\/wp\/v2\/pages\/23843","targetHints":{"allow":["GET"]}}],"collection":[{"href":"https:\/\/tor-auto.com\/ro\/wp-json\/wp\/v2\/pages"}],"about":[{"href":"https:\/\/tor-auto.com\/ro\/wp-json\/wp\/v2\/types\/page"}],"author":[{"embeddable":true,"href":"https:\/\/tor-auto.com\/ro\/wp-json\/wp\/v2\/users\/1"}],"replies":[{"embeddable":true,"href":"https:\/\/tor-auto.com\/ro\/wp-json\/wp\/v2\/comments?post=23843"}],"version-history":[{"count":1,"href":"https:\/\/tor-auto.com\/ro\/wp-json\/wp\/v2\/pages\/23843\/revisions"}],"predecessor-version":[{"id":23846,"href":"https:\/\/tor-auto.com\/ro\/wp-json\/wp\/v2\/pages\/23843\/revisions\/23846"}],"wp:attachment":[{"href":"https:\/\/tor-auto.com\/ro\/wp-json\/wp\/v2\/media?parent=23843"}],"curies":[{"name":"wp","href":"https:\/\/api.w.org\/{rel}","templated":true}]}}