{"id":23806,"date":"2023-12-22T16:02:53","date_gmt":"2023-12-22T14:02:53","guid":{"rendered":"https:\/\/tor-auto.com\/alimentarea-cu-aer-conditionat\/"},"modified":"2023-12-22T16:02:54","modified_gmt":"2023-12-22T14:02:54","slug":"alimentarea-cu-aer-conditionat","status":"publish","type":"page","link":"https:\/\/tor-auto.com\/ro\/alimentarea-cu-aer-conditionat\/","title":{"rendered":"Alimentarea cu aer condi\u021bionat"},"content":{"rendered":"\n  <div class=\"banner has-hover\" id=\"banner-221017304\">\n          <div class=\"banner-inner fill\">\n        <div class=\"banner-bg fill\" >\n            <div class=\"bg fill bg-fill bg-loaded\"><\/div>\n                        <div class=\"overlay\"><\/div>            \n                    <\/div>\n\t\t\n        <div class=\"banner-layers container\">\n            <div class=\"fill banner-link\"><\/div>            \n   <div id=\"text-box-439367015\" class=\"text-box banner-layer x50 md-x50 lg-x50 y50 md-y50 lg-y50 res-text\">\n                                <div class=\"text-box-content text dark\">\n              \n              <div class=\"text-inner text-center\">\n                  \n<h1><span style=\"font-size: 80%;\">Alimentarea cu aer condi\u021bionat<\/span><\/h1>\n<p><span style=\"font-size: 130%;\">V\u0103 vom alimenta rapid \u0219i eficient aparatul de aer condi\u021bionat al ma\u0219inii.<\/span><\/p>\n<a href=\"\/\/tor-auto.com\/ro\/programare\/\" target=\"_self\" class=\"button primary\"  >\n    <span>Programare la service<\/span>\n  <\/a>\n\n<a href=\"\/form-view\/2\" target=\"_self\" class=\"button white is-outline\"  style=\"border-radius:10px;\">\n    <span>AFLA\u021aI PRE\u021aUL<\/span>\n  <\/a>\n\n<p><span style=\"font-size: 180%;\"><strong><span style=\"font-size: 100%;\">tel.:<\/span> <span style=\"font-size: 140%;\">022 716 191<\/span><\/strong><\/span><\/p>\n<p><span style=\"font-size: 120%;\">L-V: 09.00-18.00<\/span><br \/>\n<span style=\"font-size: 120%;\">S\u00e2: 09.00-14.00<\/span><br \/>\n<span style=\"font-size: 120%;\">or. Chi\u0219in\u0103u (sec. Buiucani)<\/span><br \/>\n<span style=\"font-size: 120%;\">str. I. Radu 29\/1<\/span><\/p>\n              <\/div>\n           <\/div>\n                            \n<style>\n#text-box-439367015 {\n  width: 77%;\n}\n#text-box-439367015 .text-box-content {\n  font-size: 100%;\n}\n@media (min-width:550px) {\n  #text-box-439367015 {\n    width: 60%;\n  }\n}\n<\/style>\n    <\/div>\n \n        <\/div>\n      <\/div>\n\n            \n<style>\n#banner-221017304 {\n  padding-top: 470px;\n}\n#banner-221017304 .bg.bg-loaded {\n  background-image: url(https:\/\/tor-auto.com\/wp-content\/uploads\/2018\/12\/zapravka-kondicionerov-700x467.jpg);\n}\n#banner-221017304 .overlay {\n  background-color: rgba(0, 0, 0, 0.7);\n}\n@media (min-width:550px) {\n  #banner-221017304 {\n    padding-top: 500px;\n  }\n}\n<\/style>\n  <\/div>\n\n\n<div class=\"row row-large align-center row-divided service-page\"  id=\"row-1814496947\">\n\n\t<div id=\"col-79473404\" class=\"col medium-7 small-12 large-8 col-divided\"  >\n\t\t\t\t<div class=\"col-inner\"  >\n\t\t\t\n\t\t\t\n<div class=\"container section-title-container\" ><h2 class=\"section-title section-title-normal\"><b><\/b><span class=\"section-title-main\" >Realimentarea aparatului de aer condi\u021bionat auto<\/span><b><\/b><\/h2><\/div>\n<p>Acum cump\u0103rarea unei ma\u0219ini este o sarcin\u0103 simpl\u0103. \u0218i num\u0103rul de ma\u0219ini cu aer condi\u021bionat cre\u0219te \u00eentr-un ritm catastrofal. Pute\u021bi opera \u00een siguran\u021b\u0103 vehiculul, indiferent de perioada anului \u0219i de temperatura aerului din afara ferestrei. \u0218i toate lucr\u0103rile de diagnosticare, \u00eentre\u021binere \u0219i realimentare a sistemului de climatizare ar trebui \u00eencredin\u021bate speciali\u0219tilor Tor-Auto.<\/p>\n<p>F\u0103r\u0103 a cunoa\u0219te &#8222;fizica&#8221; aerului condi\u021bionat, \u0219oferii pot rata momentul \u00een care apare o defec\u021biune a sistemului de aer condi\u021bionat. \u0218i chiar \u0219i o defalcare minor\u0103, costul elimin\u0103rii care este redus, amenin\u021b\u0103 probleme grave.<\/p>\n<p>Aminti\u021bi-v\u0103, sistemul de aer condi\u021bionat al ma\u0219inii func\u021bioneaz\u0103 pe principiul unui frigider. Gazul frigorific este comprimat de compresor, devine lichid \u0219i intr\u0103 \u00een condensator. Apoi, prin receptor-usc\u0103tor, la evaporator. Exist\u0103 un ventilator \u00een fa\u021ba evaporatorului care conduce aerul rece. Dup\u0103 evaporator, cercul se \u00eenchide: gazul este trimis \u00eenapoi la compresor \u0219i ciclul se repet\u0103. Datorit\u0103 evaporatorului, c\u0103ldura este transformat\u0103 \u00een frig. Este minus 5 grade \u00een unitate, astfel \u00eenc\u00e2t aerul care trece prin radiator se r\u0103ce\u0219te.<\/p>\n<p>Uneori, dac\u0103 func\u021bionarea sistemelor de climatizare este \u00eentrerupt\u0103, este necesar\u0103 urgent realimentarea aparatelor de aer condi\u021bionat auto. Iat\u0103 un punct important: este necesar s\u0103 se calculeze corect cantitatea de freon (preaplin este mult mai r\u0103u dec\u00e2t subfluxul). Dac\u0103 exist\u0103 o supraabunden\u021b\u0103 de agent frigorific, temperatura va sc\u0103dea mai \u00eent\u00e2i la o valoare confortabil\u0103, dar \u00een doar 5 minute circuitul de \u00eenalt\u0103 presiune se va \u00eenc\u0103lzi foarte mult. Dup\u0103 10 minute, compresorul va \u00eencepe s\u0103 se supra\u00eenc\u0103lzeasc\u0103. Presiunea va cre\u0219te semnificativ \u0219i sistemul se va rupe (crede\u021bi-m\u0103, chiar \u0219i 150 de grame \u00een plus de agent frigorific reprezint\u0103 o amenin\u021bare serioas\u0103).<\/p>\n<p>Pre\u021bul emisiunii este alegerea speciali\u0219tilor competen\u021bi. Cu \u00eentre\u021binerea de \u00eenalt\u0103 calitate a sistemului de climatizare, este garantat un microclimat excelent. Principalul lucru este s\u0103 vizita\u021bi serviciul auto \u00een timp util \u0219i s\u0103 utiliza\u021bi serviciile speciali\u0219tilor competen\u021bi. Cum s\u0103 alimenta\u021bi sistemele de aer condi\u021bionat auto? Cu ce ar trebui s\u0103 umplu? Profesioni\u0219tii serviciului auto Tor-Auto \u0219tiu acest lucru \u00een detaliu, de aceea primesc doar recenzii pozitiv de la clien\u021bi.<\/p>\n<h3>Realimentarea de \u00eenalt\u0103 calitate a aparatului de aer condi\u021bionat auto necesit\u0103<\/h3>\n<li>Froen, care este utilizat pentru alimentarea unit\u0103\u021bii de climatizare (exist\u0103 o stare lichid\u0103 \u0219i gazoas\u0103 a agentului frigorific).<\/li>\n<li>Unitate de manometru cu manometre \u0219i furtunuri de \u00eenalt\u0103 \u0219i joas\u0103 presiune.<\/li>\n<li>Furtunul ro\u0219u este de \u00eenalt\u0103 presiune. Manometrul afi\u0219eaz\u0103 presiunea de desc\u0103rcare a compresorului \u00een aceea\u0219i culoare.<\/li>\n<li>Furtunul albastru este de joas\u0103 presiune. Manometrul albastru arat\u0103 presiunea de aspira\u021bie.<\/li>\n<li>C\u00e2ntare electronice care urm\u0103resc volumul de freon alimentat.<\/li>\n<p>\n<strong>Un set de accesorii auxiliare:<\/strong><\/p>\n<li>o lamp\u0103 ultraviolet\u0103. V\u0103 permite s\u0103 diagnostica\u021bi sistemul de aer condi\u021bionat. Aminti\u021bi-v\u0103, freonul con\u021bine o substan\u021b\u0103 care este clar vizibil\u0103 sub razele ultraviolete \u0219i, datorit\u0103 depresuriz\u0103rii sistemului, este u\u0219or de detectat o zon\u0103 cu probleme;<\/li>\n<li>un detector electronic de scurgeri care reac\u021bioneaz\u0103 la freon. V\u0103 permite s\u0103 analiza\u021bi aerul care iese prin conducte;<\/li>\n<li>un termometru higrometru. Citirile de temperatur\u0103 \u0219i umiditate sunt necesare pentru a evalua clima din cabin\u0103 \u00eenainte \u0219i dup\u0103 realimentare.<\/li>\n<p>Citirile de temperatur\u0103 \u0219i umiditate sunt necesare pentru a evalua clima din cabin\u0103 \u00eenainte \u0219i dup\u0103 realimentare. Este mult mai simplu. Trebuie s\u0103 vizita\u021bi atelierele centrului nostru de service auto, unde speciali\u0219tii vor efectua \u00een mod competent, eficient \u0219i ieftin toate lucr\u0103rile.<\/p>\n<h3>Realimentarea aparatelor de aer condi\u021bionat auto const\u0103 \u00een dou\u0103 etape consecutive<\/h3>\n<li>Aspirare. Deschide\u021bi ambele supape de pe unitatea manometrului \u0219i porni\u021bi pompa. Datorit\u0103 aspir\u0103rii, umiditatea se evapor\u0103 din sistem. Acest proces dureaz\u0103 aproximativ 10-20 de minute. Ambele manometre ar trebui s\u0103 prezinte presiune negativ\u0103 (ceea ce confirm\u0103 etan\u0219eitatea sistemului de aer condi\u021bionat).<\/li>\n<li>Realimentarea aparatului de aer condi\u021bionat al ma\u0219inii se efectueaz\u0103 \u00eentr-o linie de joas\u0103 presiune. Prin urmare, este necesar s\u0103 deschide\u021bi supapa albastr\u0103. Agentul frigorific intr\u0103 \u00een sistem, iar c\u00e2ntarele arat\u0103 cantitatea de freon. C\u00e2nd presiunea din cilindru \u0219i sistemul se egalizeaz\u0103, gazul va \u00eenceta s\u0103 curg\u0103. Dar cantitatea de agent frigorific este insuficient\u0103. Pentru a pompa p\u00e2n\u0103 la normal, porni\u021bi motorul \u0219i porni\u021bi aparatul de aer condi\u021bionat. Compresorul pompeaz\u0103 \u00een agentul frigorific lips\u0103. Alimentarea aparatului de aer condi\u021bionat cu freon a fost finalizat\u0103 cu succes.<\/li>\n<p>Aminti\u021bi-v\u0103, este suficient s\u0103 alimenta\u021bi pur \u0219i simplu sistemul de aer condi\u021bionat al ma\u0219inii ieftin. Trebuie doar s\u0103 utiliza\u021bi serviciile Reprezentan\u021bilor Tor-Auto, care au echipamentul adecvat \u0219i ofer\u0103 o garan\u021bie oficial\u0103 pentru gama de servicii furnizate.<\/p>\n\t<div id=\"gap-493886195\" class=\"gap-element clearfix\" style=\"display:block; height:auto;\">\n\t\t\n<style>\n#gap-493886195 {\n  padding-top: 30px;\n}\n<\/style>\n\t<\/div>\n\t\n<div class=\"social-icons share-icons share-row relative icon-style-outline\" style=\"font-size:95%\"><span class=\"share-icons-title\">Distribuie<\/span><a href=\"whatsapp:\/\/send?text=Alimentarea%20cu%20aer%20condi%C8%9Bionat - https:\/\/tor-auto.com\/ro\/alimentarea-cu-aer-conditionat\/\" data-action=\"share\/whatsapp\/share\" class=\"icon button circle is-outline tooltip whatsapp show-for-medium\" title=\"Share on WhatsApp\" aria-label=\"Share on WhatsApp\" ><i class=\"icon-whatsapp\" ><\/i><\/a><a href=\"https:\/\/www.facebook.com\/sharer.php?u=https:\/\/tor-auto.com\/ro\/alimentarea-cu-aer-conditionat\/\" data-label=\"Facebook\" onclick=\"window.open(this.href,this.title,'width=500,height=500,top=300px,left=300px'); return false;\" rel=\"noopener noreferrer nofollow\" target=\"_blank\" class=\"icon button circle is-outline tooltip facebook\" title=\"Share on Facebook\" aria-label=\"Share on Facebook\" ><i class=\"icon-facebook\" ><\/i><\/a><a href=\"https:\/\/twitter.com\/share?url=https:\/\/tor-auto.com\/ro\/alimentarea-cu-aer-conditionat\/\" onclick=\"window.open(this.href,this.title,'width=500,height=500,top=300px,left=300px'); return false;\" rel=\"noopener noreferrer nofollow\" target=\"_blank\" class=\"icon button circle is-outline tooltip twitter\" title=\"Share on Twitter\" aria-label=\"Share on Twitter\" ><i class=\"icon-twitter\" ><\/i><\/a><a href=\"mailto:?subject=Alimentarea%20cu%20aer%20condi%C8%9Bionat&body=Check%20this%20out%3A%20https%3A%2F%2Ftor-auto.com%2Fro%2Falimentarea-cu-aer-conditionat%2F\" rel=\"nofollow\" class=\"icon button circle is-outline tooltip email\" title=\"Email to a Friend\" aria-label=\"Email to a Friend\" ><i class=\"icon-envelop\" ><\/i><\/a><a href=\"https:\/\/vkontakte.ru\/share.php?url=https:\/\/tor-auto.com\/ro\/alimentarea-cu-aer-conditionat\/&titleAlimentarea%20cu%20aer%20condi%C8%9Bionat\" target=\"_blank\" onclick=\"window.open(this.href,this.title,'width=500,height=500,top=300px,left=300px'); return false;\" rel=\"noopener noreferrer nofollow\" class=\"icon button circle is-outline tooltip vk\" title=\"Share on VKontakte\" aria-label=\"Share on VKontakte\" ><i class=\"icon-vk\" ><\/i><\/a><a href=\"https:\/\/www.linkedin.com\/shareArticle?mini=true&url=https:\/\/tor-auto.com\/ro\/alimentarea-cu-aer-conditionat\/&title=Alimentarea%20cu%20aer%20condi%C8%9Bionat\" onclick=\"window.open(this.href,this.title,'width=500,height=500,top=300px,left=300px'); return false;\" rel=\"noopener noreferrer nofollow\" target=\"_blank\" class=\"icon button circle is-outline tooltip linkedin\" title=\"Share on LinkedIn\" aria-label=\"Share on LinkedIn\" ><i class=\"icon-linkedin\" ><\/i><\/a><\/div>\n\t<div id=\"gap-1313169234\" class=\"gap-element clearfix\" style=\"display:block; height:auto;\">\n\t\t\n<style>\n#gap-1313169234 {\n  padding-top: 30px;\n}\n<\/style>\n\t<\/div>\n\t\n<div class=\"row\"  id=\"row-1615544298\">\n\n\t<div id=\"col-846354002\" class=\"col small-12 large-12\"  >\n\t\t\t\t<div class=\"col-inner\"  >\n\t\t\t\n\t\t\t\n<div class=\"message-box relative dark\" style=\"padding-top:30px;padding-bottom:30px;\"><div class=\"message-box-bg-image bg-fill fill\" ><\/div><div class=\"message-box-bg-overlay bg-fill fill\" style=\"background-color:rgb(0, 41, 95);\"><\/div><div class=\"container relative\"><div class=\"inner last-reset\">\n<div class=\"row align-middle align-center\"  id=\"row-2014668001\">\n\n\t<div id=\"col-486047005\" class=\"col medium-5 small-12 large-6\"  >\n\t\t\t\t<div class=\"col-inner\"  >\n\t\t\t\n\t\t\t\n<p style=\"text-align: center;\">Trimite\u021bi o cerere pentru o programare pentru <strong>a alimenta un aparat de aer condi\u021bionat auto<\/strong><\/p>\n\t\t<\/div>\n\t\t\t\t\t<\/div>\n\n\t\n\n\t<div id=\"col-1911676921\" class=\"col medium-6 small-12 large-5\"  >\n\t\t\t\t<div class=\"col-inner text-center\"  >\n\t\t\t\n\t\t\t\n\t<div id=\"gap-1939747844\" class=\"gap-element clearfix\" style=\"display:block; height:auto;\">\n\t\t\n<style>\n#gap-1939747844 {\n  padding-top: 5px;\n}\n<\/style>\n\t<\/div>\n\t\n<a href=\"\/\/tor-auto.com\/ro\/programare\/\" target=\"_self\" class=\"button primary is-large expand\"  style=\"border-radius:99px;\">\n    <span>Programare la service<\/span>\n  <\/a>\n\n\t\t<\/div>\n\t\t\t\t\t<\/div>\n\n\t\n<\/div>\n<\/div><\/div><\/div>\n\t\t<\/div>\n\t\t\t\t\t<\/div>\n\n\t\n<\/div>\n\t\t<\/div>\n\t\t\t\t\n<style>\n#col-79473404 > .col-inner {\n  padding: 0px 0px 0px 0px;\n}\n<\/style>\n\t<\/div>\n\n\t\n\n\t<div id=\"col-1282525489\" class=\"col zapisi-box medium-5 small-12 large-4\"  >\n\t\t\t\t<div class=\"col-inner\"  >\n\t\t\t\n\t\t\t\n<div class=\"row\"  id=\"row-363810443\">\n\n\t<div id=\"col-391707028\" class=\"col small-12 large-12\"  >\n\t\t\t\t<div class=\"col-inner text-left\"  >\n\t\t\t\n\t\t\t\n<ul class=\"sidebar-wrapper ul-reset\"><li id=\"nav_menu-2\" class=\"widget widget_nav_menu\"><h2 class=\"widgettitle\">TOATE SERVICIILE<\/h2>\n<div class=\"menu-uslugi-avtoservisa-rumynskij-container\"><ul id=\"menu-uslugi-avtoservisa-rumynskij\" class=\"menu\"><li id=\"menu-item-24001\" class=\"menu-item menu-item-type-post_type menu-item-object-page menu-item-24001\"><a href=\"https:\/\/tor-auto.com\/ro\/balansirovka\/\">Balansarea ro\u021bilor<\/a><\/li>\n<li id=\"menu-item-24002\" class=\"menu-item menu-item-type-post_type menu-item-object-page menu-item-24002\"><a href=\"https:\/\/tor-auto.com\/ro\/diagnosticarea-echipamentelor-electrice\/\">Diagnosticarea echipamentelor electrice<\/a><\/li>\n<li id=\"menu-item-24003\" class=\"menu-item menu-item-type-post_type menu-item-object-page menu-item-24003\"><a href=\"https:\/\/tor-auto.com\/ro\/schimbarea-placutelor-de-frana\/\">Schimbarea pl\u0103cu\u021belor de fr\u00e2n\u0103<\/a><\/li>\n<li id=\"menu-item-24004\" class=\"menu-item menu-item-type-post_type menu-item-object-page menu-item-24004\"><a href=\"https:\/\/tor-auto.com\/ro\/schimbarea-uleiului\/\">Schimbarea uleiului<\/a><\/li>\n<li id=\"menu-item-24005\" class=\"menu-item menu-item-type-post_type menu-item-object-page menu-item-24005\"><a href=\"https:\/\/tor-auto.com\/ro\/alimentarea-cu-aer-conditionat\/\">Alimentarea cu aer condi\u021bionat<\/a><\/li>\n<li id=\"menu-item-24006\" class=\"menu-item menu-item-type-post_type menu-item-object-page menu-item-24006\"><a href=\"https:\/\/tor-auto.com\/ro\/ghimpuri-anvelope\/\">ghimpuri anvelope<\/a><\/li>\n<li id=\"menu-item-24007\" class=\"menu-item menu-item-type-post_type menu-item-object-page menu-item-24007\"><a href=\"https:\/\/tor-auto.com\/ro\/diagnosticare-computerizata\/\">Diagnosticare computerizat\u0103<\/a><\/li>\n<li id=\"menu-item-24008\" class=\"menu-item menu-item-type-post_type menu-item-object-page menu-item-24008\"><a href=\"https:\/\/tor-auto.com\/ro\/umflarea-anvelopelor-cu-azot\/\">Umflarea anvelopelor cu azot<\/a><\/li>\n<li id=\"menu-item-24009\" class=\"menu-item menu-item-type-post_type menu-item-object-page menu-item-24009\"><a href=\"https:\/\/tor-auto.com\/ro\/intretinerea-bateriilor-in-garantie-si-post-garantie\/\">\u00centre\u021binerea bateriilor \u00een garan\u021bie \u0219i post-garan\u021bie<\/a><\/li>\n<li id=\"menu-item-24010\" class=\"menu-item menu-item-type-post_type menu-item-object-page menu-item-24010\"><a href=\"https:\/\/tor-auto.com\/ro\/reparatie-baterie\/\">Reparatie baterie<\/a><\/li>\n<li id=\"menu-item-24011\" class=\"menu-item menu-item-type-post_type menu-item-object-page menu-item-24011\"><a href=\"https:\/\/tor-auto.com\/ro\/reglarea-unghiului\/\">reglarea unghiului<\/a><\/li>\n<li id=\"menu-item-24012\" class=\"menu-item menu-item-type-post_type menu-item-object-page menu-item-24012\"><a href=\"https:\/\/tor-auto.com\/ro\/repararea-motorului\/\">Repararea motorului<\/a><\/li>\n<li id=\"menu-item-24013\" class=\"menu-item menu-item-type-post_type menu-item-object-page menu-item-24013\"><a href=\"https:\/\/tor-auto.com\/ro\/reparatie-sasiu\/\">Repara\u021bie \u0219asiu<\/a><\/li>\n<li id=\"menu-item-24014\" class=\"menu-item menu-item-type-post_type menu-item-object-page menu-item-24014\"><a href=\"https:\/\/tor-auto.com\/ro\/rihtovka-diskov\/\">\u00cendreptarea discului<\/a><\/li>\n<li id=\"menu-item-24015\" class=\"menu-item menu-item-type-post_type menu-item-object-page menu-item-24015\"><a href=\"https:\/\/tor-auto.com\/ro\/shinomontazh\/\">Montare anvelope<\/a><\/li>\n<\/ul><\/div><\/li><\/ul>\n\t<div id=\"gap-542815649\" class=\"gap-element clearfix\" style=\"display:block; height:auto;\">\n\t\t\n<style>\n#gap-542815649 {\n  padding-top: 30px;\n}\n<\/style>\n\t<\/div>\n\t\n<div class=\"row\"  id=\"row-176686212\">\n\n\t<div id=\"col-1043315239\" class=\"col hide-for-small small-12 large-12\"  >\n\t\t\t\t<div class=\"col-inner\"  >\n\t\t\t\n\t\t\t\n<div class=\"message-box relative dark\" style=\"padding-top:20px;padding-bottom:20px;\"><div class=\"message-box-bg-image bg-fill fill\" ><\/div><div class=\"message-box-bg-overlay bg-fill fill\" style=\"background-color:rgb(251, 61, 0);\"><\/div><div class=\"container relative\"><div class=\"inner last-reset\">\n<h4 style=\"text-align: center; font-size: 130%;\">\u0417\u0410\u041f\u0418\u0428\u0418\u0421\u042c \u041d\u0410 \u0420\u0415\u041c\u041e\u041d\u0422<\/h4>\n<div class=\"row align-middle align-center\"  id=\"row-1849717007\">\n\n\t<div id=\"col-1202389205\" class=\"col medium-11 small-12 large-11\"  >\n\t\t\t\t<div class=\"col-inner\"  >\n\t\t\t\n\t\t\t\n<p style=\"text-align: center;\">Pentru confortul dumneavoastr\u0103, v\u0103 rug\u0103m s\u0103 v\u0103 \u00eenregistra\u021bi \u00een prealabil pentru oricare dintre serviciile noastre.<\/p>\n\t\t<\/div>\n\t\t\t\t\n<style>\n#col-1202389205 > .col-inner {\n  margin: 20px 0px -8px 0px;\n}\n<\/style>\n\t<\/div>\n\n\t\n<\/div>\n\t<div id=\"gap-1131641567\" class=\"gap-element clearfix\" style=\"display:block; height:auto;\">\n\t\t\n<style>\n#gap-1131641567 {\n  padding-top: 30px;\n}\n<\/style>\n\t<\/div>\n\t\n<div class=\"row\"  id=\"row-199133492\">\n\n\t<div id=\"col-2056693229\" class=\"col small-12 large-12\"  >\n\t\t\t\t<div class=\"col-inner\"  >\n\t\t\t\n\t\t\t\n<a href=\"https:\/\/tor-auto.com\/ro\/programare\/\" target=\"_self\" class=\"button white is-large expand\"  style=\"border-radius:99px;\">\n    <span>Programare<\/span>\n  <\/a>\n\n\t\t<\/div>\n\t\t\t\t\t<\/div>\n\n\t\n<\/div>\n<\/div><\/div><\/div>\n\t\t<\/div>\n\t\t\t\t\t<\/div>\n\n\t\n<\/div>\n\t\t<\/div>\n\t\t\t\t\n<style>\n#col-391707028 > .col-inner {\n  margin: 20px 0px 0px -10px;\n}\n<\/style>\n\t<\/div>\n\n\t\n<\/div>\n\t\t<\/div>\n\t\t\t\t\n<style>\n#col-1282525489 > .col-inner {\n  padding: 0px 0px 0px 0px;\n  margin: 0px 0px 0px 0px;\n}\n<\/style>\n\t<\/div>\n\n\t\n<\/div>\n\t<section class=\"section\" id=\"section_559340680\">\n\t\t<div class=\"bg section-bg fill bg-fill bg-loaded bg-loaded\" >\n\n\t\t\t\n\t\t\t\n\t\t\t\n\n\t\t<\/div>\n\n\t\t\n\n\t\t<div class=\"section-content relative\">\n\t\t\t\n<div class=\"row align-center\"  id=\"row-298923481\">\n\n\t<div id=\"col-329448026\" class=\"col medium-10 small-12 large-10\"  >\n\t\t\t\t<div class=\"col-inner text-center\"  >\n\t\t\t\n\t\t\t\n<h2 class=\"uppercase\"><span style=\"font-size: 120%; color: #ffffff;\">VIZITA\u021aI MAGAZINUL NOSTRU<\/span><\/h2>\n<p><span style=\"font-size: 110%; color: #ffffff;\">\u00cen magazinul nostru pute\u021bi achizi\u021biona diverse produse pentru ma\u0219ina dvs. iti oferim baterii de la liderul mondial EXIDE, anvelope Vredestein si multe altele la preturi mici<\/span><\/p>\n<a href=\"\/ro\/shop\/\" target=\"_self\" class=\"button white is-large\"  >\n    <span>VEZI CATALOGUL DE PRODUSE<\/span>\n  <\/a>\n\n\t\t<\/div>\n\t\t\t\t\n<style>\n#col-329448026 > .col-inner {\n  padding: 0px 0px 0px 0px;\n  margin: -41px 0px -70px 0px;\n}\n<\/style>\n\t<\/div>\n\n\t\n<\/div>\n\t\t<\/div>\n\n\t\t\n<style>\n#section_559340680 {\n  padding-top: 60px;\n  padding-bottom: 60px;\n  min-height: 300px;\n  background-color: rgb(246, 44, 0);\n}\n<\/style>\n\t<\/section>\n\t\n","protected":false},"excerpt":{"rendered":"","protected":false},"author":1,"featured_media":0,"parent":0,"menu_order":0,"comment_status":"closed","ping_status":"closed","template":"page-blank.php","meta":{"inline_featured_image":false,"_exactmetrics_skip_tracking":false,"_exactmetrics_sitenote_active":false,"_exactmetrics_sitenote_note":"","_exactmetrics_sitenote_category":0,"footnotes":""},"class_list":["post-23806","page","type-page","status-publish","hentry"],"_links":{"self":[{"href":"https:\/\/tor-auto.com\/ro\/wp-json\/wp\/v2\/pages\/23806","targetHints":{"allow":["GET"]}}],"collection":[{"href":"https:\/\/tor-auto.com\/ro\/wp-json\/wp\/v2\/pages"}],"about":[{"href":"https:\/\/tor-auto.com\/ro\/wp-json\/wp\/v2\/types\/page"}],"author":[{"embeddable":true,"href":"https:\/\/tor-auto.com\/ro\/wp-json\/wp\/v2\/users\/1"}],"replies":[{"embeddable":true,"href":"https:\/\/tor-auto.com\/ro\/wp-json\/wp\/v2\/comments?post=23806"}],"version-history":[{"count":1,"href":"https:\/\/tor-auto.com\/ro\/wp-json\/wp\/v2\/pages\/23806\/revisions"}],"predecessor-version":[{"id":23809,"href":"https:\/\/tor-auto.com\/ro\/wp-json\/wp\/v2\/pages\/23806\/revisions\/23809"}],"wp:attachment":[{"href":"https:\/\/tor-auto.com\/ro\/wp-json\/wp\/v2\/media?parent=23806"}],"curies":[{"name":"wp","href":"https:\/\/api.w.org\/{rel}","templated":true}]}}