{"id":23710,"date":"2023-12-09T12:53:51","date_gmt":"2023-12-09T10:53:51","guid":{"rendered":"https:\/\/tor-auto.com\/balansirovka\/"},"modified":"2023-12-27T13:39:02","modified_gmt":"2023-12-27T11:39:02","slug":"balansirovka","status":"publish","type":"page","link":"https:\/\/tor-auto.com\/ro\/balansirovka\/","title":{"rendered":"Balansarea ro\u021bilor"},"content":{"rendered":"\n  <div class=\"banner has-hover\" id=\"banner-945210876\">\n          <div class=\"banner-inner fill\">\n        <div class=\"banner-bg fill\" >\n            <div class=\"bg fill bg-fill bg-loaded\"><\/div>\n                        <div class=\"overlay\"><\/div>            \n                    <\/div>\n\t\t\n        <div class=\"banner-layers container\">\n            <div class=\"fill banner-link\"><\/div>            \n   <div id=\"text-box-1125945719\" class=\"text-box banner-layer x50 md-x50 lg-x50 y50 md-y50 lg-y50 res-text\">\n                                <div class=\"text-box-content text dark\">\n              \n              <div class=\"text-inner text-center\">\n                  \n<h1 class=\"uppercase\">Balansarea ro\u021bilor<\/h1>\n<a href=\"\/\/tor-auto.com\/ru\/zapis-na-servis\/\" target=\"_self\" class=\"button primary\"  >\n    <span>\u00censcrie\u021bi-v\u0103 la serviciu<\/span>\n  <\/a>\n\n<a href=\"\/form-view\/2\" target=\"_self\" class=\"button white is-outline\"  >\n    <span>Afla pretul<\/span>\n  <\/a>\n\n<div class=\"row\"  id=\"row-575180975\">\n\n\t<div id=\"col-1216479419\" class=\"col small-8 large-12\"  >\n\t\t\t\t<div class=\"col-inner text-center\"  >\n\t\t\t\n\t\t\t\n\t<div id=\"text-160389649\" class=\"text\">\n\t\t\n<p><span style=\"font-size: 180%;\"><strong><span style=\"font-size: 100%;\">tel.:<\/span> <span style=\"font-size: 140%;\">022 716 191<\/span><\/strong><\/span><\/p>\n<p><span style=\"font-size: 120%;\">L-V: 09.00-18.00<\/span><br \/>\n<span style=\"font-size: 120%;\">S\u00e2: 09.00-14.00<\/span><br \/>\n<span style=\"font-size: 120%;\">or. Chi\u0219in\u0103u (sec. Buiucani)<\/span><br \/>\n<span style=\"font-size: 120%;\">str. I. Radu 29\/1<\/span><\/p>\n\t\t\n<style>\n#text-160389649 {\n  font-size: 0.95rem;\n  line-height: 2.6;\n}\n<\/style>\n\t<\/div>\n\t\n\t\t<\/div>\n\t\t\t\t\n<style>\n#col-1216479419 > .col-inner {\n  margin: 0px 0px -40px 0px;\n}\n<\/style>\n\t<\/div>\n\n\t\n<\/div>\n              <\/div>\n           <\/div>\n                            \n<style>\n#text-box-1125945719 {\n  width: 86%;\n}\n#text-box-1125945719 .text-box-content {\n  font-size: 100%;\n}\n@media (min-width:550px) {\n  #text-box-1125945719 {\n    width: 65%;\n  }\n}\n<\/style>\n    <\/div>\n \n        <\/div>\n      <\/div>\n\n            \n<style>\n#banner-945210876 {\n  padding-top: 460px;\n}\n#banner-945210876 .bg.bg-loaded {\n  background-image: url(https:\/\/tor-auto.com\/wp-content\/uploads\/2018\/12\/balansirovka-1-700x467.jpg);\n}\n#banner-945210876 .overlay {\n  background-color: rgba(0, 0, 0, 0.8);\n}\n#banner-945210876 .bg {\n  background-position: 71% 55%;\n}\n@media (min-width:550px) {\n  #banner-945210876 {\n    padding-top: 540px;\n  }\n}\n<\/style>\n  <\/div>\n\n\n<div class=\"row row-large align-center row-divided service-page\"  id=\"row-246832066\">\n\n\t<div id=\"col-1416109795\" class=\"col medium-7 small-12 large-8 col-divided\"  >\n\t\t\t\t<div class=\"col-inner\"  >\n\t\t\t\n\t\t\t\n<div class=\"container section-title-container\" ><h2 class=\"section-title section-title-normal\"><b><\/b><span class=\"section-title-main\" >Echilibrarea ro\u021bilor \u00een Chi\u0219in\u0103u<\/span><b><\/b><\/h2><\/div>\n<p><span style=\"font-size: 16.2px;\">O parte obligatorie a \u00eentre\u021binerii ma\u0219inii este serviciul de echilibrare a ro\u021bilor. Previne deformarea \u0219i uzura prematur\u0103 a anvelopelor. Pentru ca roata s\u0103 fie bine echilibrat\u0103, greutatea acesteia trebuie distribuit\u0103 uniform \u00een raport cu axa de rota\u021bie. Aceast\u0103 reglare se realizeaz\u0103 prin montarea unor greut\u0103\u021bi speciale pe marginea discului. Locurile pentru instalarea lor sunt determinate folosind senzori ultra-precisi pe suport. Serviciul auto TOR-AUTO folose\u0219te echipamente informatice unice \u00een acest scop.<\/span><\/p>\n<div class=\"container\">\n<h2 style=\"text-align: left;\" align=\"center\">Echilibrarea \u00een Tor-Auto<\/h2>\n<p class=\"mb-25\">aplic\u0103m o tehnic\u0103 inovatoare care se bazeaz\u0103 pe m\u0103surarea vectorului real de oscila\u021bie \u00eentr-un punct fizic de pe suprafa\u021ba anvelopei \u00een fiecare moment. \u00cen compara\u021bie cu toate tehnologiile tradi\u021bionale, aceasta ofer\u0103 cel mai mare con\u021binut de informa\u021bii \u0219i garanteaz\u0103 o precizie maxim\u0103 de echilibrare.<\/p>\n<p>echilibrarea sarcinii \u00een patru dimensiuni<\/p>\n<\/div>\n<div class=\"social-icons share-icons share-row relative icon-style-outline\" style=\"font-size:95%\"><span class=\"share-icons-title\">Distribuie:<\/span><a href=\"whatsapp:\/\/send?text=Balansarea%20ro%C8%9Bilor - https:\/\/tor-auto.com\/ro\/balansirovka\/\" data-action=\"share\/whatsapp\/share\" class=\"icon button circle is-outline tooltip whatsapp show-for-medium\" title=\"Share on WhatsApp\" aria-label=\"Share on WhatsApp\" ><i class=\"icon-whatsapp\" ><\/i><\/a><a href=\"https:\/\/www.facebook.com\/sharer.php?u=https:\/\/tor-auto.com\/ro\/balansirovka\/\" data-label=\"Facebook\" onclick=\"window.open(this.href,this.title,'width=500,height=500,top=300px,left=300px'); return false;\" rel=\"noopener noreferrer nofollow\" target=\"_blank\" class=\"icon button circle is-outline tooltip facebook\" title=\"Share on Facebook\" aria-label=\"Share on Facebook\" ><i class=\"icon-facebook\" ><\/i><\/a><a href=\"https:\/\/twitter.com\/share?url=https:\/\/tor-auto.com\/ro\/balansirovka\/\" onclick=\"window.open(this.href,this.title,'width=500,height=500,top=300px,left=300px'); return false;\" rel=\"noopener noreferrer nofollow\" target=\"_blank\" class=\"icon button circle is-outline tooltip twitter\" title=\"Share on Twitter\" aria-label=\"Share on Twitter\" ><i class=\"icon-twitter\" ><\/i><\/a><a href=\"mailto:?subject=Balansarea%20ro%C8%9Bilor&body=Check%20this%20out%3A%20https%3A%2F%2Ftor-auto.com%2Fro%2Fbalansirovka%2F\" rel=\"nofollow\" class=\"icon button circle is-outline tooltip email\" title=\"Email to a Friend\" aria-label=\"Email to a Friend\" ><i class=\"icon-envelop\" ><\/i><\/a><a href=\"https:\/\/vkontakte.ru\/share.php?url=https:\/\/tor-auto.com\/ro\/balansirovka\/&titleBalansarea%20ro%C8%9Bilor\" target=\"_blank\" onclick=\"window.open(this.href,this.title,'width=500,height=500,top=300px,left=300px'); return false;\" rel=\"noopener noreferrer nofollow\" class=\"icon button circle is-outline tooltip vk\" title=\"Share on VKontakte\" aria-label=\"Share on VKontakte\" ><i class=\"icon-vk\" ><\/i><\/a><a href=\"https:\/\/www.linkedin.com\/shareArticle?mini=true&url=https:\/\/tor-auto.com\/ro\/balansirovka\/&title=Balansarea%20ro%C8%9Bilor\" onclick=\"window.open(this.href,this.title,'width=500,height=500,top=300px,left=300px'); return false;\" rel=\"noopener noreferrer nofollow\" target=\"_blank\" class=\"icon button circle is-outline tooltip linkedin\" title=\"Share on LinkedIn\" aria-label=\"Share on LinkedIn\" ><i class=\"icon-linkedin\" ><\/i><\/a><\/div>\n\t<div id=\"gap-287834347\" class=\"gap-element clearfix\" style=\"display:block; height:auto;\">\n\t\t\n<style>\n#gap-287834347 {\n  padding-top: 30px;\n}\n<\/style>\n\t<\/div>\n\t\n<div class=\"row\"  id=\"row-28069195\">\n\n\t<div id=\"col-901503325\" class=\"col small-12 large-12\"  >\n\t\t\t\t<div class=\"col-inner\"  >\n\t\t\t\n\t\t\t\n<div class=\"message-box relative dark\" style=\"padding-top:30px;padding-bottom:30px;\"><div class=\"message-box-bg-image bg-fill fill\" ><\/div><div class=\"message-box-bg-overlay bg-fill fill\" style=\"background-color:rgb(0, 41, 95);\"><\/div><div class=\"container relative\"><div class=\"inner last-reset\">\n<div class=\"row align-middle align-center\"  id=\"row-1657432229\">\n\n\t<div id=\"col-1798143751\" class=\"col medium-5 small-12 large-6\"  >\n\t\t\t\t<div class=\"col-inner\"  >\n\t\t\t\n\t\t\t\n<p>Trimite o cerere de intrare pentru <strong>echilibrare<\/strong><\/p>\n\t\t<\/div>\n\t\t\t\t\t<\/div>\n\n\t\n\n\t<div id=\"col-1356424195\" class=\"col medium-6 small-12 large-5\"  >\n\t\t\t\t<div class=\"col-inner text-center\"  >\n\t\t\t\n\t\t\t\n\t<div id=\"gap-1653561356\" class=\"gap-element clearfix\" style=\"display:block; height:auto;\">\n\t\t\n<style>\n#gap-1653561356 {\n  padding-top: 5px;\n}\n<\/style>\n\t<\/div>\n\t\n<a href=\"\/\/tor-auto.com\/ru\/zapis-na-servis\/\" target=\"_self\" class=\"button primary is-large expand\"  style=\"border-radius:99px;\">\n    <span>\u00censcrierea la serviciu<\/span>\n  <\/a>\n\n\t\t<\/div>\n\t\t\t\t\t<\/div>\n\n\t\n<\/div>\n<\/div><\/div><\/div>\n\t\t<\/div>\n\t\t\t\t\t<\/div>\n\n\t\n<\/div>\n<h3>Pe Harta<\/h3>\n\n\t<script type=\"text\/javascript\">\n  jQuery( document ).ready(function() {\n    function initialize() {\n        var styles = {\n            'flatsome':  [{\n            \"featureType\": \"administrative\",\n            \"stylers\": [\n              { \"visibility\": \"on\" }\n            ]\n          },\n          {\n            \"featureType\": \"road\",\n            \"stylers\": [\n              { \"visibility\": \"on\" },\n              { \"hue\": \"\" }\n            ]\n          },\n          {\n            \"stylers\": [\n\t\t\t  { \"visibility\": \"on\" },\n\t\t\t  { \"hue\": \"\" },\n\t\t\t  { \"saturation\": -30 }\n            ]\n          }\n        ]};\n\n        var myLatlng = new google.maps.LatLng(47.02575, 28.79583);\n        var myOptions = {\n            zoom: 17,\n            center: myLatlng,\n            mapTypeId: google.maps.MapTypeId.ROADMAP,\n            disableDefaultUI: true,\n            mapTypeId: 'flatsome',\n            draggable: true,\n            zoomControl: false,\n            zoomControlOptions: {\n              position: google.maps.ControlPosition.TOP_LEFT\n            },\n      \t\t\t\/\/ panControl: false,\n            \/\/ panControlOptions: {\n            \/\/   position: google.maps.ControlPosition.TOP_LEFT\n            \/\/ },\n      \t\t\tmapTypeControl: false,\n            mapTypeControlOptions: {\n              position: google.maps.ControlPosition.TOP_LEFT\n            },\n      \t\t\t\/\/ scaleControl: false,\n            \/\/ scaleControlOptions: {\n            \/\/   position: google.maps.ControlPosition.TOP_LEFT\n            \/\/ },\n      \t\t\tstreetViewControl: false,\n            streetViewControlOptions: {\n              position: google.maps.ControlPosition.TOP_LEFT\n            },\n      \t\t\t\/\/ overviewMapControl: false,\n            \/\/ overviewMapControlOptions: {\n            \/\/   position: google.maps.ControlPosition.TOP_LEFT\n            \/\/ },\n            scrollwheel: false,\n            disableDoubleClickZoom: true\n        }\n        var map = new google.maps.Map(document.getElementById(\"map-708618054-inner\"), myOptions);\n        var styledMapType = new google.maps.StyledMapType(styles['flatsome'], {name: 'flatsome'});\n        map.mapTypes.set('flatsome', styledMapType);\n\n        var marker = new google.maps.Marker({\n            position: myLatlng,\n            map: map,\n            title:\"\"\n        });\n    }\n\n    \/\/ Required to proceed\n    if (!(typeof google === 'object' && typeof google.maps === 'object')) {\n      return\n    }\n\n    initialize()\n    google.maps.event.addDomListener(window, 'resize', initialize);\n    });\n    <\/script>\n\n    <div class=\"google-map relative mb\" id=\"map-708618054\">\n        <div class=\"map-height\" id=\"map-708618054-inner\"><\/div>\n        <div id=\"map_overlay_top\"><\/div>\n        <div id=\"map_overlay_bottom\"><\/div>\n                  <div class=\"map_inner map-inner last-reset absolute x100 md-x100 lg-x95 y100 md-y95 lg-y95\">\n              \n<p><strong>Adresa:<\/strong><br \/>Chi\u0219in\u0103u sec. Buiukani<br \/>Strada I. Radu 29\/1<\/p>\n<p><strong>Program de lucru:<\/strong><br \/>Luni-Vineri: 09.00-18.00<br \/>S\u00e2mb\u0103t\u0103: 09.00-14.00<\/p>\n         <\/div>\n       \n       \n<style>\n#map-708618054 .map-inner {\n  background-color: rgb(242, 242, 242);\n  max-width: 79%;\n}\n#map-708618054 .map-height {\n  height: 530px;\n}\n@media (min-width:550px) {\n  #map-708618054 .map-inner {\n    max-width: 55%;\n  }\n}\n@media (min-width:850px) {\n  #map-708618054 .map-inner {\n    max-width: 41%;\n  }\n  #map-708618054 .map-height {\n    height: 440px;\n  }\n}\n<\/style>\n    <\/div>\n\n\t\n\t\t<\/div>\n\t\t\t\t\n<style>\n#col-1416109795 > .col-inner {\n  padding: 0px 0px 0px 0px;\n}\n<\/style>\n\t<\/div>\n\n\t\n\n\t<div id=\"col-2119811514\" class=\"col zapisi-box medium-5 small-12 large-4\"  >\n\t\t\t\t<div class=\"col-inner\"  >\n\t\t\t\n\t\t\t\n<div class=\"row\"  id=\"row-695253479\">\n\n\t<div id=\"col-1539951367\" class=\"col side-menu small-12 large-12\"  >\n\t\t\t\t<div class=\"col-inner text-left\"  >\n\t\t\t\n\t\t\t\n<ul class=\"sidebar-wrapper ul-reset\"><li id=\"nav_menu-2\" class=\"widget widget_nav_menu\"><h2 class=\"widgettitle\">TOATE SERVICIILE<\/h2>\n<div class=\"menu-uslugi-avtoservisa-rumynskij-container\"><ul id=\"menu-uslugi-avtoservisa-rumynskij\" class=\"menu\"><li id=\"menu-item-24001\" class=\"menu-item menu-item-type-post_type menu-item-object-page menu-item-24001\"><a href=\"https:\/\/tor-auto.com\/ro\/balansirovka\/\">Balansarea ro\u021bilor<\/a><\/li>\n<li id=\"menu-item-24002\" class=\"menu-item menu-item-type-post_type menu-item-object-page menu-item-24002\"><a href=\"https:\/\/tor-auto.com\/ro\/diagnosticarea-echipamentelor-electrice\/\">Diagnosticarea echipamentelor electrice<\/a><\/li>\n<li id=\"menu-item-24003\" class=\"menu-item menu-item-type-post_type menu-item-object-page menu-item-24003\"><a href=\"https:\/\/tor-auto.com\/ro\/schimbarea-placutelor-de-frana\/\">Schimbarea pl\u0103cu\u021belor de fr\u00e2n\u0103<\/a><\/li>\n<li id=\"menu-item-24004\" class=\"menu-item menu-item-type-post_type menu-item-object-page menu-item-24004\"><a href=\"https:\/\/tor-auto.com\/ro\/schimbarea-uleiului\/\">Schimbarea uleiului<\/a><\/li>\n<li id=\"menu-item-24005\" class=\"menu-item menu-item-type-post_type menu-item-object-page menu-item-24005\"><a href=\"https:\/\/tor-auto.com\/ro\/alimentarea-cu-aer-conditionat\/\">Alimentarea cu aer condi\u021bionat<\/a><\/li>\n<li id=\"menu-item-24006\" class=\"menu-item menu-item-type-post_type menu-item-object-page menu-item-24006\"><a href=\"https:\/\/tor-auto.com\/ro\/ghimpuri-anvelope\/\">ghimpuri anvelope<\/a><\/li>\n<li id=\"menu-item-24007\" class=\"menu-item menu-item-type-post_type menu-item-object-page menu-item-24007\"><a href=\"https:\/\/tor-auto.com\/ro\/diagnosticare-computerizata\/\">Diagnosticare computerizat\u0103<\/a><\/li>\n<li id=\"menu-item-24008\" class=\"menu-item menu-item-type-post_type menu-item-object-page menu-item-24008\"><a href=\"https:\/\/tor-auto.com\/ro\/umflarea-anvelopelor-cu-azot\/\">Umflarea anvelopelor cu azot<\/a><\/li>\n<li id=\"menu-item-24009\" class=\"menu-item menu-item-type-post_type menu-item-object-page menu-item-24009\"><a href=\"https:\/\/tor-auto.com\/ro\/intretinerea-bateriilor-in-garantie-si-post-garantie\/\">\u00centre\u021binerea bateriilor \u00een garan\u021bie \u0219i post-garan\u021bie<\/a><\/li>\n<li id=\"menu-item-24010\" class=\"menu-item menu-item-type-post_type menu-item-object-page menu-item-24010\"><a href=\"https:\/\/tor-auto.com\/ro\/reparatie-baterie\/\">Reparatie baterie<\/a><\/li>\n<li id=\"menu-item-24011\" class=\"menu-item menu-item-type-post_type menu-item-object-page menu-item-24011\"><a href=\"https:\/\/tor-auto.com\/ro\/reglarea-unghiului\/\">reglarea unghiului<\/a><\/li>\n<li id=\"menu-item-24012\" class=\"menu-item menu-item-type-post_type menu-item-object-page menu-item-24012\"><a href=\"https:\/\/tor-auto.com\/ro\/repararea-motorului\/\">Repararea motorului<\/a><\/li>\n<li id=\"menu-item-24013\" class=\"menu-item menu-item-type-post_type menu-item-object-page menu-item-24013\"><a href=\"https:\/\/tor-auto.com\/ro\/reparatie-sasiu\/\">Repara\u021bie \u0219asiu<\/a><\/li>\n<li id=\"menu-item-24014\" class=\"menu-item menu-item-type-post_type menu-item-object-page menu-item-24014\"><a href=\"https:\/\/tor-auto.com\/ro\/rihtovka-diskov\/\">\u00cendreptarea discului<\/a><\/li>\n<li id=\"menu-item-24015\" class=\"menu-item menu-item-type-post_type menu-item-object-page menu-item-24015\"><a href=\"https:\/\/tor-auto.com\/ro\/shinomontazh\/\">Montare anvelope<\/a><\/li>\n<\/ul><\/div><\/li><\/ul>\n\t<div id=\"gap-1900288547\" class=\"gap-element clearfix\" style=\"display:block; height:auto;\">\n\t\t\n<style>\n#gap-1900288547 {\n  padding-top: 30px;\n}\n<\/style>\n\t<\/div>\n\t\n<div class=\"row\"  id=\"row-1174403257\">\n\n\t<div id=\"col-530785064\" class=\"col hide-for-small small-12 large-12\"  >\n\t\t\t\t<div class=\"col-inner\"  >\n\t\t\t\n\t\t\t\n<div class=\"message-box relative dark\" style=\"padding-top:20px;padding-bottom:20px;\"><div class=\"message-box-bg-image bg-fill fill\" ><\/div><div class=\"message-box-bg-overlay bg-fill fill\" style=\"background-color:rgb(251, 61, 0);\"><\/div><div class=\"container relative\"><div class=\"inner last-reset\">\n<h4 class=\"uppercase\" style=\"text-align: center; font-size: 130%;\">\u00censcrie\u021bi-v\u0103 la serviciu<\/h4>\n<div class=\"row align-middle align-center\"  id=\"row-492387507\">\n\n\t<div id=\"col-722901759\" class=\"col medium-11 small-12 large-11\"  >\n\t\t\t\t<div class=\"col-inner\"  >\n\t\t\t\n\t\t\t\n<p style= \" text-align: center;\" > pentru confortul dvs., face\u021bi o programare pentru oricare dintre serviciile noastre<\/p>\n\t\t<\/div>\n\t\t\t\t\n<style>\n#col-722901759 > .col-inner {\n  margin: 20px 0px -8px 0px;\n}\n<\/style>\n\t<\/div>\n\n\t\n<\/div>\n\t<div id=\"gap-1494002084\" class=\"gap-element clearfix\" style=\"display:block; height:auto;\">\n\t\t\n<style>\n#gap-1494002084 {\n  padding-top: 30px;\n}\n<\/style>\n\t<\/div>\n\t\n<div class=\"row\"  id=\"row-2112777925\">\n\n\t<div id=\"col-1939248478\" class=\"col small-12 large-12\"  >\n\t\t\t\t<div class=\"col-inner\"  >\n\t\t\t\n\t\t\t\n<a href=\"https:\/\/tor-auto.com\/ru\/zapis-na-servis\/\" target=\"_self\" class=\"button white is-large expand\"  style=\"border-radius:99px;\">\n    <span>Inscrie-te<\/span>\n  <\/a>\n\n\t\t<\/div>\n\t\t\t\t\t<\/div>\n\n\t\n<\/div>\n<\/div><\/div><\/div>\n\t\t<\/div>\n\t\t\t\t\t<\/div>\n\n\t\n<\/div>\n\t\t<\/div>\n\t\t\t\t\n<style>\n#col-1539951367 > .col-inner {\n  margin: 20px 0px 0px -10px;\n}\n<\/style>\n\t<\/div>\n\n\t\n<\/div>\n\t\t<\/div>\n\t\t\t\t\n<style>\n#col-2119811514 > .col-inner {\n  padding: 0px 0px 0px 0px;\n  margin: 0px 0px 0px 0px;\n}\n<\/style>\n\t<\/div>\n\n\t\n<\/div>\n\t<section class=\"section\" id=\"section_356847050\">\n\t\t<div class=\"bg section-bg fill bg-fill bg-loaded bg-loaded\" >\n\n\t\t\t\n\t\t\t\n\t\t\t\n\n\t\t<\/div>\n\n\t\t\n\n\t\t<div class=\"section-content relative\">\n\t\t\t\n<div class=\"row align-center\"  id=\"row-580083810\">\n\n\t<div id=\"col-1307171806\" class=\"col medium-8 small-12 large-8\"  >\n\t\t\t\t<div class=\"col-inner text-center\"  >\n\t\t\t\n\t\t\t\n<h2 class=\"uppercase\"><span style=\"font-size: 120%; color: #ffffff;\"> vizita\u021bi magazinul nostru<\/span><\/h2>\n<p><span style=\"font-size: 110%; color: #ffffff;\">\u00cen magazinul nostru pute\u021bi cump\u0103ra diverse produse pentru ma\u0219ina dvs. v\u0103 oferim baterii de la liderul mondial EXIDE, anvelope Vredestein \u0219i multe altele la pre\u021buri mici<\/span><\/p>\n<a href=\"\/ro\/shop\/\" target=\"_self\" class=\"button white is-large\"  >\n    <span>\u00ceN CATALOGUL DE PRODUSE<\/span>\n  <\/a>\n\n\t\t<\/div>\n\t\t\t\t\n<style>\n#col-1307171806 > .col-inner {\n  padding: 0px 0px 0px 0px;\n  margin: -41px 0px -70px 0px;\n}\n<\/style>\n\t<\/div>\n\n\t\n<\/div>\n\t\t<\/div>\n\n\t\t\n<style>\n#section_356847050 {\n  padding-top: 60px;\n  padding-bottom: 60px;\n  min-height: 300px;\n  background-color: rgb(246, 44, 0);\n}\n<\/style>\n\t<\/section>\n\t\n","protected":false},"excerpt":{"rendered":"","protected":false},"author":1,"featured_media":0,"parent":0,"menu_order":0,"comment_status":"closed","ping_status":"closed","template":"page-blank.php","meta":{"inline_featured_image":false,"_exactmetrics_skip_tracking":false,"_exactmetrics_sitenote_active":false,"_exactmetrics_sitenote_note":"","_exactmetrics_sitenote_category":0,"footnotes":""},"class_list":["post-23710","page","type-page","status-publish","hentry"],"_links":{"self":[{"href":"https:\/\/tor-auto.com\/ro\/wp-json\/wp\/v2\/pages\/23710","targetHints":{"allow":["GET"]}}],"collection":[{"href":"https:\/\/tor-auto.com\/ro\/wp-json\/wp\/v2\/pages"}],"about":[{"href":"https:\/\/tor-auto.com\/ro\/wp-json\/wp\/v2\/types\/page"}],"author":[{"embeddable":true,"href":"https:\/\/tor-auto.com\/ro\/wp-json\/wp\/v2\/users\/1"}],"replies":[{"embeddable":true,"href":"https:\/\/tor-auto.com\/ro\/wp-json\/wp\/v2\/comments?post=23710"}],"version-history":[{"count":1,"href":"https:\/\/tor-auto.com\/ro\/wp-json\/wp\/v2\/pages\/23710\/revisions"}],"predecessor-version":[{"id":23955,"href":"https:\/\/tor-auto.com\/ro\/wp-json\/wp\/v2\/pages\/23710\/revisions\/23955"}],"wp:attachment":[{"href":"https:\/\/tor-auto.com\/ro\/wp-json\/wp\/v2\/media?parent=23710"}],"curies":[{"name":"wp","href":"https:\/\/api.w.org\/{rel}","templated":true}]}}